
{"id":3791,"date":"2019-10-15T09:43:45","date_gmt":"2019-10-15T09:43:45","guid":{"rendered":"https:\/\/acosgraf.com\/produto\/galaxy-df-380\/"},"modified":"2019-10-17T13:29:52","modified_gmt":"2019-10-17T13:29:52","slug":"galaxy-df-380","status":"publish","type":"product","link":"https:\/\/acosgraf.com\/fr\/produto\/galaxy-df-380\/","title":{"rendered":"GALAXY DF &#8211; 380"},"content":{"rendered":"<ul>\n<li>Controlador de temperatura digital;<\/li>\n<li>Temporizador para controlo de tempos de transfer\u00eancia;<\/li>\n<li>Sinal ac\u00fastico no final do tempo da transfer\u00eancia;<\/li>\n<li>Term\u00f3metro indicador de temperatura no prato de transfer;<\/li>\n<li>Controlo de press\u00e3o central;<\/li>\n<li>Prato de transferes 38&#215;38 cm;<\/li>\n<li>Prato de transfer revestido a teflon;<\/li>\n<li>Base inferior com borracha de silicone 10 mm;<\/li>\n<li>Potencia instalada 1,8 Kw.<\/li>\n<\/ul>\n<table class=\"tbl-products\">\n<tbody>\n<tr>\n<th>GALAXY DF &#8211; 380<\/th>\n<th style=\"text-align:center;\">Unidades<\/th>\n<th>DF &#8211; 380<\/th>\n<\/tr>\n<tr>\n<td>Dimens\u00f5es do prato de transfer<\/td>\n<td style=\"text-align:center;\">cm<\/td>\n<td style=\"text-align:center;\">38 x 38<\/td>\n<\/tr>\n<tr>\n<td>Fornecidade m\u00e1xima oferecida<\/td>\n<td style=\"text-align:center;\">Kg<\/td>\n<td style=\"text-align:center;\">450<\/td>\n<\/tr>\n<tr>\n<td>Temp\u00e9rature maximum de fonctionnement<\/td>\n<td style=\"text-align:center;\">\ufffdC<\/td>\n<td style=\"text-align:center;\">260<\/td>\n<\/tr>\n<tr>\n<td>Vel. max. de impress\u00e3o a 600dpi<\/td>\n<td style=\"text-align:center;\">m2\/h<\/td>\n<td style=\"text-align:center;\">2,2<\/td>\n<\/tr>\n<tr>\n<td>Poids<\/td>\n<td style=\"text-align:center;\">Kg<\/td>\n<td style=\"text-align:center;\">35<\/td>\n<\/tr>\n<tr>\n<td>Tension<\/td>\n<td style=\"text-align:center;\">V<\/td>\n<td style=\"text-align:center;\">230 \/ 50<\/td>\n<\/tr>\n<\/tbody>\n<\/table>\n","protected":false},"excerpt":{"rendered":"<p>A GALAXY DF &#8211; 380 \u00e9 uma prensa de transfer manual com abertura angular. A GAALXY DF &#8211; 380 \u00e9 equipado com um prato de transfer com dimens\u00f5es de 38&#215;38 cm.<\/p>\n<div class=\"btn_product\"><a class=\"btn_short_pdf elementor-align-justify elementor-button\" role=\"button\" href=\"https:\/\/acosgraf.com\/wp-content\/uploads\/2019\/10\/GALAXY-DF-380-fr.pdf\"><i class=\"far fa-file-pdf\" aria-hidden=\"true\"><\/i> <span class=\"txt_btn_pdf\">T\u00c9L\u00c9CHARGER LE PDF<\/span><\/a><\/div>\n","protected":false},"featured_media":3792,"template":"","meta":[],"product_cat":[254,246],"product_tag":[],"class_list":["post-3791","product","type-product","status-publish","has-post-thumbnail","hentry","product_cat-manual-fr-2","product_cat-transfer-fr"],"_links":{"self":[{"href":"https:\/\/acosgraf.com\/fr\/wp-json\/wp\/v2\/product\/3791","targetHints":{"allow":["GET"]}}],"collection":[{"href":"https:\/\/acosgraf.com\/fr\/wp-json\/wp\/v2\/product"}],"about":[{"href":"https:\/\/acosgraf.com\/fr\/wp-json\/wp\/v2\/types\/product"}],"version-history":[{"count":3,"href":"https:\/\/acosgraf.com\/fr\/wp-json\/wp\/v2\/product\/3791\/revisions"}],"predecessor-version":[{"id":3797,"href":"https:\/\/acosgraf.com\/fr\/wp-json\/wp\/v2\/product\/3791\/revisions\/3797"}],"wp:featuredmedia":[{"embeddable":true,"href":"https:\/\/acosgraf.com\/fr\/wp-json\/wp\/v2\/media\/3792"}],"wp:attachment":[{"href":"https:\/\/acosgraf.com\/fr\/wp-json\/wp\/v2\/media?parent=3791"}],"wp:term":[{"taxonomy":"product_cat","embeddable":true,"href":"https:\/\/acosgraf.com\/fr\/wp-json\/wp\/v2\/product_cat?post=3791"},{"taxonomy":"product_tag","embeddable":true,"href":"https:\/\/acosgraf.com\/fr\/wp-json\/wp\/v2\/product_tag?post=3791"}],"curies":[{"name":"wp","href":"https:\/\/api.w.org\/{rel}","templated":true}]}}