
{"id":3818,"date":"2019-10-15T09:43:45","date_gmt":"2019-10-15T09:43:45","guid":{"rendered":"https:\/\/acosgraf.com\/produto\/galaxy-air-40-double\/"},"modified":"2019-10-17T13:38:19","modified_gmt":"2019-10-17T13:38:19","slug":"galaxy-air-40-double","status":"publish","type":"product","link":"https:\/\/acosgraf.com\/fr\/produto\/galaxy-air-40-double\/","title":{"rendered":"GALAXY AIR 40 DOUBLE"},"content":{"rendered":"<ul>\n<li>Controlador de temperatura digital;<\/li>\n<li>Temporizador digital com 2 tempos individuais configur\u00e1veis (tempo de prensagem e pausa em ciclos);<\/li>\n<li>Press\u00e3o aplicada ao transfer feito atrav\u00e9s de cilindro pneum\u00e1tico;<\/li>\n<li>Press\u00e3o de prensagem regul\u00e1vel com mostrador de valor;<\/li>\n<li>Prato m\u00e1ximo de transfer&nbsp;40&#215;50 cm;<\/li>\n<li>Prato de calor protegido com tela de TEFLON;&nbsp;&nbsp;<\/li>\n<li>Base inferior com borracha de teflon com espessura de 10 mm;<\/li>\n<li>Potencia instalada&nbsp;2,5 Kw;<\/li>\n<li>Movimento lateral pode ser feito manualmente ou atrav\u00e9s de cilindro pneum\u00e1tico;<\/li>\n<li>Programa de pre prensagem equipada em todos os modelos;<\/li>\n<li>Barra de seguran\u00e7a quer no movimento lateral quer na prensagem.<\/li>\n<\/ul>\n<table class=\"tbl-products\">\n<tbody>\n<tr>\n<th>GALAXY AIR 40 DOUBLE<\/th>\n<th style=\"text-align:center;\">Uni<\/th>\n<th>AIR 40 &#8211; A<\/th>\n<\/tr>\n<tr>\n<td>Dimens\u00f5es do prato de transfer<\/td>\n<td style=\"text-align:center;\">cm<\/td>\n<td style=\"text-align:center;\">40&#215;50<\/td>\n<\/tr>\n<tr>\n<td>Pot\u00eancia instalada<\/td>\n<td style=\"text-align:center;\">kW<\/td>\n<td style=\"text-align:center;\">2,5<\/td>\n<\/tr>\n<tr>\n<td>Press\u00e3o m\u00e1xima oferecida<\/td>\n<td style=\"text-align:center;\">Kg<\/td>\n<td style=\"text-align:center;\">2490<\/td>\n<\/tr>\n<tr>\n<td>Temp. m\u00e1xima de funcionamento<\/td>\n<td style=\"text-align:center;\">C<\/td>\n<td style=\"text-align:center;\">220<\/td>\n<\/tr>\n<tr>\n<td>Peso liquido<\/td>\n<td style=\"text-align:center;\">Kg<\/td>\n<td style=\"text-align:center;\">250<\/td>\n<\/tr>\n<tr>\n<td>Voltagem<\/td>\n<td style=\"text-align:center;\">V<\/td>\n<td style=\"text-align:center;\">230\/50<\/td>\n<\/tr>\n<\/tbody>\n<\/table>\n","protected":false},"excerpt":{"rendered":"<p>A GALAXY AIR 40 DOUBLE \u00e9 uma prensa de transferes de pneum\u00e1tica com movimento lateral autom\u00e1tica ou manual com a possibilidade de adaptar diferentes acess\u00f3rios de transfer.<\/p>\n<div class=\"btn_product\"><a class=\"btn_short_pdf elementor-align-justify elementor-button\" role=\"button\" href=\"https:\/\/acosgraf.com\/wp-content\/uploads\/2019\/10\/GALAXY-AIR-40-DOUBLE-fr.pdf\"><i class=\"far fa-file-pdf\" aria-hidden=\"true\"><\/i> <span class=\"txt_btn_pdf\">T\u00c9L\u00c9CHARGER LE PDF<\/span><\/a><\/div>\n","protected":false},"featured_media":3782,"template":"","meta":[],"product_cat":[256,246],"product_tag":[],"class_list":["post-3818","product","type-product","status-publish","has-post-thumbnail","hentry","product_cat-pneumatica-fr-2","product_cat-transfer-fr"],"_links":{"self":[{"href":"https:\/\/acosgraf.com\/fr\/wp-json\/wp\/v2\/product\/3818","targetHints":{"allow":["GET"]}}],"collection":[{"href":"https:\/\/acosgraf.com\/fr\/wp-json\/wp\/v2\/product"}],"about":[{"href":"https:\/\/acosgraf.com\/fr\/wp-json\/wp\/v2\/types\/product"}],"version-history":[{"count":2,"href":"https:\/\/acosgraf.com\/fr\/wp-json\/wp\/v2\/product\/3818\/revisions"}],"predecessor-version":[{"id":3823,"href":"https:\/\/acosgraf.com\/fr\/wp-json\/wp\/v2\/product\/3818\/revisions\/3823"}],"wp:featuredmedia":[{"embeddable":true,"href":"https:\/\/acosgraf.com\/fr\/wp-json\/wp\/v2\/media\/3782"}],"wp:attachment":[{"href":"https:\/\/acosgraf.com\/fr\/wp-json\/wp\/v2\/media?parent=3818"}],"wp:term":[{"taxonomy":"product_cat","embeddable":true,"href":"https:\/\/acosgraf.com\/fr\/wp-json\/wp\/v2\/product_cat?post=3818"},{"taxonomy":"product_tag","embeddable":true,"href":"https:\/\/acosgraf.com\/fr\/wp-json\/wp\/v2\/product_tag?post=3818"}],"curies":[{"name":"wp","href":"https:\/\/api.w.org\/{rel}","templated":true}]}}