
{"id":3837,"date":"2019-10-15T09:43:45","date_gmt":"2019-10-15T09:43:45","guid":{"rendered":"https:\/\/acosgraf.com\/produto\/galaxy-pro-master-junior\/"},"modified":"2019-10-17T13:45:12","modified_gmt":"2019-10-17T13:45:12","slug":"galaxy-pro-master-junior","status":"publish","type":"product","link":"https:\/\/acosgraf.com\/fr\/produto\/galaxy-pro-master-junior\/","title":{"rendered":"GALAXY PRO MASTER JUNIOR"},"content":{"rendered":"<ul>\n<li>Controlador de temperatura digital;<\/li>\n<li>Temporizador para controlo de tempos de transfer\u00eancia;<\/li>\n<li>Cilindro pneum\u00e1tico de press\u00e3o de transfer\u00eancia;<\/li>\n<li>Controlo de press\u00e3o central;<\/li>\n<li>Prato de transferes 40&#215;50 cm;<\/li>\n<li>Prato de transfere revestido com uma folha teflon remov\u00edvel;&nbsp;&nbsp; <\/li>\n<li>Base inferior com borracha de silicone 10 mm;<\/li>\n<li>Pot\u00eancia instalada 2 Kw.;<\/li>\n<li>Possibilidade de trocar prato superior e inferior.<\/li>\n<\/ul>\n<table class=\"tbl-products\">\n<tbody>\n<tr>\n<th>GALAXY AIR 40 DOUBLE<\/th>\n<th style=\"text-align:center;\">Unidades<\/th>\n<th>PR M JU<\/th>\n<\/tr>\n<tr>\n<td>Dimens\u00f5es do prato de transfer<\/td>\n<td style=\"text-align:center;\">cm<\/td>\n<td style=\"text-align:center;\">21 x 30<\/td>\n<\/tr>\n<tr>\n<td>Puissance installe<\/td>\n<td style=\"text-align:center;\">kW<\/td>\n<td style=\"text-align:center;\">1,15<\/td>\n<\/tr>\n<tr>\n<td>Fornecidade m\u00e1xima oferecida<\/td>\n<td style=\"text-align:center;\">Kg<\/td>\n<td style=\"text-align:center;\">1800<\/td>\n<\/tr>\n<tr>\n<td>Temp\u00e9rature maximum de fonctionnement<\/td>\n<td style=\"text-align:center;\">\ufffdC<\/td>\n<td style=\"text-align:center;\">220<\/td>\n<\/tr>\n<tr>\n<td>Poids<\/td>\n<td style=\"text-align:center;\">Kg<\/td>\n<td style=\"text-align:center;\">45<\/td>\n<\/tr>\n<tr>\n<td>Tension<\/td>\n<td style=\"text-align:center;\">V<\/td>\n<td style=\"text-align:center;\">230 \/ 50<\/td>\n<\/tr>\n<\/tbody>\n<\/table>\n","protected":false},"excerpt":{"rendered":"<p>A GALAXY AIR 40 DOUBLE \u00e9 uma prensa de transferes de pneum\u00e1tica com movimento lateral autom\u00e1tica ou manual com a possibilidade de adaptar diferentes acess\u00f3rios de transfer.<\/p>\n<div class=\"btn_product\"><a class=\"btn_short_pdf elementor-align-justify elementor-button\" role=\"button\" href=\"https:\/\/acosgraf.com\/wp-content\/uploads\/2019\/10\/GALAXY-AIR-40-DOUBLE-fr.pdf\"><i class=\"far fa-file-pdf\" aria-hidden=\"true\"><\/i> <span class=\"txt_btn_pdf\">T\u00c9L\u00c9CHARGER LE PDF<\/span><\/a><\/div>\n","protected":false},"featured_media":3838,"template":"","meta":[],"product_cat":[256,246],"product_tag":[],"class_list":["post-3837","product","type-product","status-publish","has-post-thumbnail","hentry","product_cat-pneumatica-fr-2","product_cat-transfer-fr"],"_links":{"self":[{"href":"https:\/\/acosgraf.com\/fr\/wp-json\/wp\/v2\/product\/3837","targetHints":{"allow":["GET"]}}],"collection":[{"href":"https:\/\/acosgraf.com\/fr\/wp-json\/wp\/v2\/product"}],"about":[{"href":"https:\/\/acosgraf.com\/fr\/wp-json\/wp\/v2\/types\/product"}],"version-history":[{"count":3,"href":"https:\/\/acosgraf.com\/fr\/wp-json\/wp\/v2\/product\/3837\/revisions"}],"predecessor-version":[{"id":3844,"href":"https:\/\/acosgraf.com\/fr\/wp-json\/wp\/v2\/product\/3837\/revisions\/3844"}],"wp:featuredmedia":[{"embeddable":true,"href":"https:\/\/acosgraf.com\/fr\/wp-json\/wp\/v2\/media\/3838"}],"wp:attachment":[{"href":"https:\/\/acosgraf.com\/fr\/wp-json\/wp\/v2\/media?parent=3837"}],"wp:term":[{"taxonomy":"product_cat","embeddable":true,"href":"https:\/\/acosgraf.com\/fr\/wp-json\/wp\/v2\/product_cat?post=3837"},{"taxonomy":"product_tag","embeddable":true,"href":"https:\/\/acosgraf.com\/fr\/wp-json\/wp\/v2\/product_tag?post=3837"}],"curies":[{"name":"wp","href":"https:\/\/api.w.org\/{rel}","templated":true}]}}