
{"id":3856,"date":"2019-10-15T09:43:45","date_gmt":"2019-10-15T09:43:45","guid":{"rendered":"https:\/\/acosgraf.com\/produto\/grande-formato\/"},"modified":"2019-10-17T13:53:40","modified_gmt":"2019-10-17T13:53:40","slug":"grande-formato","status":"publish","type":"product","link":"https:\/\/acosgraf.com\/fr\/produto\/grande-formato\/","title":{"rendered":"Grande formato"},"content":{"rendered":"<ul>\n<li>Press\u00e3o igual em todo o prato de transfer;<\/li>\n<li>Possibilidade de prensar at\u00e9 espessuras m\u00e1ximas de 20 mm;<\/li>\n<li>Programador electr\u00f3nico do tempo de transfer e temperatura;<\/li>\n<li>Equipada com sinal sonoro no final de cada ciclo;<\/li>\n<li>Controlo de temperatura atrav\u00e9s de PID de ultima gera\u00e7\u00e3o;<\/li>\n<li>Controlador de temperatura com programa de economiza\u00e7\u00e3o de energia;<\/li>\n<li>M\u00f3vel de apoio e suporte inclu\u00eddo;<\/li>\n<li>Abertura frontal do prato de carregamento de transfer.<\/li>\n<\/ul>\n<table class=\"tbl-products\">\n<tbody>\n<tr>\n<th>GALAXY XL<\/th>\n<th style=\"text-align:center;\">Uni<\/th>\n<th>XL 0508<\/th>\n<th>XL 0710<\/th>\n<th>XL 0913<\/th>\n<\/tr>\n<tr>\n<td>Dimens\u00f5es do prato de transfer<\/td>\n<td style=\"text-align:center;\">cm<\/td>\n<td style=\"text-align:center;\">58&#215;80<\/td>\n<td style=\"text-align:center;\">70&#215;100<\/td>\n<td style=\"text-align:center;\">90&#215;130<\/td>\n<\/tr>\n<tr>\n<td>Press\u00e3o m\u00e1xima oferecida<\/td>\n<td style=\"text-align:center;\">Kg<\/td>\n<td style=\"text-align:center;\">2490<\/td>\n<td style=\"text-align:center;\">2490<\/td>\n<td style=\"text-align:center;\">5490<\/td>\n<\/tr>\n<tr>\n<td>Temp. m\u00e1xima de funcionamento<\/td>\n<td style=\"text-align:center;\">C<\/td>\n<td style=\"text-align:center;\">220<\/td>\n<td style=\"text-align:center;\">220<\/td>\n<td style=\"text-align:center;\">220<\/td>\n<\/tr>\n<tr>\n<td>Tempo m\u00e1ximo de pressagem<\/td>\n<td style=\"text-align:center;\">S<\/td>\n<td style=\"text-align:center;\">598<\/td>\n<td style=\"text-align:center;\">598<\/td>\n<td style=\"text-align:center;\">598<\/td>\n<\/tr>\n<tr>\n<td>Consumo de ar por ciclo<\/td>\n<td style=\"text-align:center;\">L<\/td>\n<td style=\"text-align:center;\">34<\/td>\n<td style=\"text-align:center;\">34<\/td>\n<td style=\"text-align:center;\">68<\/td>\n<\/tr>\n<tr>\n<td>Pot\u00eancia<\/td>\n<td style=\"text-align:center;\">W<\/td>\n<td style=\"text-align:center;\">5<\/td>\n<td style=\"text-align:center;\">6,5<\/td>\n<td style=\"text-align:center;\">9<\/td>\n<\/tr>\n<tr>\n<td>Press\u00e3o m\u00e1xima de ar comprimido<\/td>\n<td style=\"text-align:center;\">BAR<\/td>\n<td style=\"text-align:center;\">6<\/td>\n<td style=\"text-align:center;\">6<\/td>\n<td style=\"text-align:center;\">6<\/td>\n<\/tr>\n<tr>\n<td>Peso<\/td>\n<td style=\"text-align:center;\">Kg<\/td>\n<td style=\"text-align:center;\">420<\/td>\n<td style=\"text-align:center;\">470<\/td>\n<td style=\"text-align:center;\">710<\/td>\n<\/tr>\n<tr>\n<td>Voltagem<\/td>\n<td style=\"text-align:center;\">V<\/td>\n<td style=\"text-align:center;\">3&#215;400<\/td>\n<td style=\"text-align:center;\">3&#215;400<\/td>\n<td style=\"text-align:center;\">3&#215;400<\/td>\n<\/tr>\n<\/tbody>\n<\/table>\n","protected":false},"excerpt":{"rendered":"<p>A GALAXY XL \u00e9 uma prensa de transfer pneum\u00e1tica de prato simples ideal para realizar transferes de grande formato. A GALAXY XL t\u00eam como importante caracter\u00edstica o deslocamento frontal do prato de carregamento para que o operador consiga carregar o tecido e colocar o transfer com elevado conforto.<\/p>\n<div class=\"btn_product\"><a class=\"btn_short_pdf elementor-align-justify elementor-button\" role=\"button\" href=\"https:\/\/acosgraf.com\/wp-content\/uploads\/2019\/10\/GALAXY-XL-fr.pdf\"><i class=\"far fa-file-pdf\" aria-hidden=\"true\"><\/i> <span class=\"txt_btn_pdf\">T\u00c9L\u00c9CHARGER LE PDF<\/span><\/a><\/div>\n","protected":false},"featured_media":3857,"template":"","meta":[],"product_cat":[251,246],"product_tag":[],"class_list":["post-3856","product","type-product","status-publish","has-post-thumbnail","hentry","product_cat-grande-formato-fr","product_cat-transfer-fr"],"_links":{"self":[{"href":"https:\/\/acosgraf.com\/fr\/wp-json\/wp\/v2\/product\/3856","targetHints":{"allow":["GET"]}}],"collection":[{"href":"https:\/\/acosgraf.com\/fr\/wp-json\/wp\/v2\/product"}],"about":[{"href":"https:\/\/acosgraf.com\/fr\/wp-json\/wp\/v2\/types\/product"}],"version-history":[{"count":2,"href":"https:\/\/acosgraf.com\/fr\/wp-json\/wp\/v2\/product\/3856\/revisions"}],"predecessor-version":[{"id":3861,"href":"https:\/\/acosgraf.com\/fr\/wp-json\/wp\/v2\/product\/3856\/revisions\/3861"}],"wp:featuredmedia":[{"embeddable":true,"href":"https:\/\/acosgraf.com\/fr\/wp-json\/wp\/v2\/media\/3857"}],"wp:attachment":[{"href":"https:\/\/acosgraf.com\/fr\/wp-json\/wp\/v2\/media?parent=3856"}],"wp:term":[{"taxonomy":"product_cat","embeddable":true,"href":"https:\/\/acosgraf.com\/fr\/wp-json\/wp\/v2\/product_cat?post=3856"},{"taxonomy":"product_tag","embeddable":true,"href":"https:\/\/acosgraf.com\/fr\/wp-json\/wp\/v2\/product_tag?post=3856"}],"curies":[{"name":"wp","href":"https:\/\/api.w.org\/{rel}","templated":true}]}}