
{"id":3875,"date":"2019-10-15T09:43:45","date_gmt":"2019-10-15T09:43:45","guid":{"rendered":"https:\/\/acosgraf.com\/produto\/texfold\/"},"modified":"2021-03-02T18:28:10","modified_gmt":"2021-03-02T18:28:10","slug":"texfold","status":"publish","type":"product","link":"https:\/\/acosgraf.com\/fr\/produto\/texfold\/","title":{"rendered":"TEXFOLD"},"content":{"rendered":"\t\t<div data-elementor-type=\"product-post\" data-elementor-id=\"3875\" class=\"elementor elementor-3875\" data-elementor-post-type=\"product\">\n\t\t\t\t\t\t<section class=\"elementor-section elementor-top-section elementor-element elementor-element-24f514f elementor-section-boxed elementor-section-height-default elementor-section-height-default\" data-id=\"24f514f\" data-element_type=\"section\" data-e-type=\"section\">\n\t\t\t\t\t\t<div class=\"elementor-container elementor-column-gap-default\">\n\t\t\t\t\t<div class=\"elementor-column elementor-col-100 elementor-top-column elementor-element elementor-element-cb1919a\" data-id=\"cb1919a\" data-element_type=\"column\" data-e-type=\"column\">\n\t\t\t<div class=\"elementor-widget-wrap elementor-element-populated\">\n\t\t\t\t\t\t<div class=\"elementor-element elementor-element-e5b4445 elementor-widget elementor-widget-text-editor\" data-id=\"e5b4445\" data-element_type=\"widget\" data-e-type=\"widget\" data-widget_type=\"text-editor.default\">\n\t\t\t\t<div class=\"elementor-widget-container\">\n\t\t\t\t\t\t\t\t\t<p><div style=\"width: 640px;\" class=\"wp-video\"><!--[if lt IE 9]><script>document.createElement('video');<\/script><![endif]-->\n<video class=\"wp-video-shortcode\" id=\"video-3875-1\" width=\"640\" height=\"362\" preload=\"metadata\" controls=\"controls\"><source type=\"video\/mp4\" src=\"https:\/\/acosgraf.com\/wp-content\/uploads\/2020\/06\/TEXFOLD-TSHIRTS.mp4?_=1\" \/><a href=\"https:\/\/acosgraf.com\/wp-content\/uploads\/2020\/06\/TEXFOLD-TSHIRTS.mp4\">https:\/\/acosgraf.com\/wp-content\/uploads\/2020\/06\/TEXFOLD-TSHIRTS.mp4<\/a><\/video><\/div><\/p><ul><li>Mouvements \u00e9lectropneumatiques;<\/li><li>Possibilit\u00e9 de plier des t-shirts de diff\u00e9rentes tailles; 5 programmes diff\u00e9rents pour plier diff\u00e9rents types de textiles (pulls; t-shirts; etc&#8230;);<\/li><li>Compteur du nombre de pi\u00e8ces plier;<\/li><li>Fonctionnement avec du p\u00e9dale;<\/li><li>\u00c9quip\u00e9 de roues qui comprennent un frein;\u00a0<\/li><\/ul><table class=\"tbl-products\"><tbody><tr><th>TEXFOLD<\/th><th style=\"text-align: center;\">Uni<\/th><th>TF &#8211; 10<\/th><\/tr><tr><td>Longueur du textile (max \/ min)<\/td><td style=\"text-align: center;\">mm<\/td><td style=\"text-align: center;\">180 \/ 400<\/td><\/tr><tr><td>Largueur du textile (max \/ min)<\/td><td style=\"text-align: center;\">mm<\/td><td style=\"text-align: center;\">150 \/ 350<\/td><\/tr><tr><td>Production maximum per heur<\/td><td style=\"text-align: center;\">Uni.<\/td><td style=\"text-align: center;\">450<\/td><\/tr><tr><td>Consumation de air comprim\u00e9 (litres\/ heure)<\/td><td style=\"text-align: center;\">L\/h<\/td><td style=\"text-align: center;\">50<\/td><\/tr><tr><td>Puissance install\u00e9<\/td><td style=\"text-align: center;\">W<\/td><td style=\"text-align: center;\">200<\/td><\/tr><tr><td>Voltage<\/td><td style=\"text-align: center;\">V<\/td><td style=\"text-align: center;\">230 \/ 50<\/td><\/tr><tr><td>Largueur ext\u00e9rieure<\/td><td style=\"text-align: center;\">Cm<\/td><td style=\"text-align: center;\">91<\/td><\/tr><tr><td>Profondeur ext\u00e9rieure<\/td><td style=\"text-align: center;\">Cm<\/td><td style=\"text-align: center;\">115<\/td><\/tr><tr><td>Hauteur ext\u00e9rieure<\/td><td style=\"text-align: center;\">Kg<\/td><td style=\"text-align: center;\">200<\/td><\/tr><\/tbody><\/table>\t\t\t\t\t\t\t\t<\/div>\n\t\t\t\t<\/div>\n\t\t\t\t\t<\/div>\n\t\t<\/div>\n\t\t\t\t\t<\/div>\n\t\t<\/section>\n\t\t\t\t<\/div>\n\t\t","protected":false},"excerpt":{"rendered":"<p>The TEXFOLD is an automatic textile folding machine with stacker. The TEXFOLD is equipped with PLC that has 5 different programs. The TEXFOLD has a stacker to hold textile fold with photocell for lowering stacker automatic.<\/p>\n<div class=\"btn_product\"><a class=\"btn_short_pdf elementor-align-justify elementor-button\" role=\"button\" href=\"https:\/\/acosgraf.com\/wp-content\/uploads\/2019\/10\/TEXFOLD-fr.pdf\"><i class=\"far fa-file-pdf\" aria-hidden=\"true\"><\/i> <span class=\"txt_btn_pdf\">T\u00c9L\u00c9CHARGER LE PDF<\/span><\/a><\/div>\n","protected":false},"featured_media":8516,"template":"","meta":[],"product_cat":[142,144],"product_tag":[],"class_list":["post-3875","product","type-product","status-publish","has-post-thumbnail","hentry","product_cat-dobragem-e-embalagem-textil-fr","product_cat-dobragem-textil-fr"],"_links":{"self":[{"href":"https:\/\/acosgraf.com\/fr\/wp-json\/wp\/v2\/product\/3875","targetHints":{"allow":["GET"]}}],"collection":[{"href":"https:\/\/acosgraf.com\/fr\/wp-json\/wp\/v2\/product"}],"about":[{"href":"https:\/\/acosgraf.com\/fr\/wp-json\/wp\/v2\/types\/product"}],"version-history":[{"count":5,"href":"https:\/\/acosgraf.com\/fr\/wp-json\/wp\/v2\/product\/3875\/revisions"}],"predecessor-version":[{"id":9373,"href":"https:\/\/acosgraf.com\/fr\/wp-json\/wp\/v2\/product\/3875\/revisions\/9373"}],"wp:featuredmedia":[{"embeddable":true,"href":"https:\/\/acosgraf.com\/fr\/wp-json\/wp\/v2\/media\/8516"}],"wp:attachment":[{"href":"https:\/\/acosgraf.com\/fr\/wp-json\/wp\/v2\/media?parent=3875"}],"wp:term":[{"taxonomy":"product_cat","embeddable":true,"href":"https:\/\/acosgraf.com\/fr\/wp-json\/wp\/v2\/product_cat?post=3875"},{"taxonomy":"product_tag","embeddable":true,"href":"https:\/\/acosgraf.com\/fr\/wp-json\/wp\/v2\/product_tag?post=3875"}],"curies":[{"name":"wp","href":"https:\/\/api.w.org\/{rel}","templated":true}]}}