
{"id":3896,"date":"2019-10-15T10:06:59","date_gmt":"2019-10-15T10:06:59","guid":{"rendered":"https:\/\/acosgraf.com\/produto\/tablight\/"},"modified":"2021-05-04T12:47:13","modified_gmt":"2021-05-04T12:47:13","slug":"tablight","status":"publish","type":"product","link":"https:\/\/acosgraf.com\/fr\/produto\/tablight\/","title":{"rendered":"TABLIGHT"},"content":{"rendered":"\t\t<div data-elementor-type=\"product-post\" data-elementor-id=\"3896\" class=\"elementor elementor-3896\" data-elementor-post-type=\"product\">\n\t\t\t\t\t\t<section class=\"elementor-section elementor-top-section elementor-element elementor-element-57bac481 elementor-section-boxed elementor-section-height-default elementor-section-height-default\" data-id=\"57bac481\" data-element_type=\"section\" data-e-type=\"section\">\n\t\t\t\t\t\t<div class=\"elementor-container elementor-column-gap-default\">\n\t\t\t\t\t<div class=\"elementor-column elementor-col-100 elementor-top-column elementor-element elementor-element-7f3ef3c6\" data-id=\"7f3ef3c6\" data-element_type=\"column\" data-e-type=\"column\">\n\t\t\t<div class=\"elementor-widget-wrap elementor-element-populated\">\n\t\t\t\t\t\t<div class=\"elementor-element elementor-element-249b8b80 elementor-widget elementor-widget-text-editor\" data-id=\"249b8b80\" data-element_type=\"widget\" data-e-type=\"widget\" data-widget_type=\"text-editor.default\">\n\t\t\t\t<div class=\"elementor-widget-container\">\n\t\t\t\t\t\t\t\t\t<ul><li>Plateau sup\u00e9rieure avec couverture en verre et equippais avec lumi\u00e8re dessus ;<\/li><li>Peinture \u00e0 poudre;<\/li><li>Pies avec nivelatteurs ajustable;<\/li><li>Possibilit\u00e9 de avoir la partie sup\u00e9rieure avec inclination;<\/li><li>1 tiroir pour gardais de utiles.<\/li><\/ul><table class=\"tbl-products\"><tbody><tr><th>TABLIGHT<\/th><th style=\"text-align: center;\">Unites<\/th><th>TB 0507<\/th><th>TB 0710<\/th><th>TB 0912<\/th><th>TB 1215<\/th><\/tr><tr><td>Dimension du plateau sup\u00e9rieure<\/td><td style=\"text-align: center;\">Cm<\/td><td style=\"text-align: center;\">50&#215;70<\/td><td style=\"text-align: center;\">70&#215;100<\/td><td style=\"text-align: center;\">90&#215;120<\/td><td style=\"text-align: center;\">120&#215;150<\/td><\/tr><tr><td>Profondeur<\/td><td style=\"text-align: center;\">Cm<\/td><td style=\"text-align: center;\">70<\/td><td style=\"text-align: center;\">105<\/td><td style=\"text-align: center;\">125<\/td><td style=\"text-align: center;\">125<\/td><\/tr><tr><td>Larguer<\/td><td style=\"text-align: center;\">Cm<\/td><td style=\"text-align: center;\">75<\/td><td style=\"text-align: center;\">95<\/td><td style=\"text-align: center;\">115<\/td><td style=\"text-align: center;\">155<\/td><\/tr><tr><td>Hauteur<\/td><td style=\"text-align: center;\">Cm<\/td><td style=\"text-align: center;\">107<\/td><td style=\"text-align: center;\">107<\/td><td style=\"text-align: center;\">107<\/td><td style=\"text-align: center;\">107<\/td><\/tr><tr><td>Poids<\/td><td style=\"text-align: center;\">Kg<\/td><td style=\"text-align: center;\">40<\/td><td style=\"text-align: center;\">50<\/td><td style=\"text-align: center;\">55<\/td><td style=\"text-align: center;\">75<\/td><\/tr><tr><td>Tension<\/td><td style=\"text-align: center;\">V<\/td><td style=\"text-align: center;\">230 \/ 50<\/td><td style=\"text-align: center;\">230<\/td><td style=\"text-align: center;\">230<\/td><td style=\"text-align: center;\">230<\/td><\/tr><\/tbody><\/table>\t\t\t\t\t\t\t\t<\/div>\n\t\t\t\t<\/div>\n\t\t\t\t\t<\/div>\n\t\t<\/div>\n\t\t\t\t\t<\/div>\n\t\t<\/section>\n\t\t\t\t<\/div>\n\t\t","protected":false},"excerpt":{"rendered":"<p>Le TABLIGHT est une table \u00e9quip\u00e9e avec un plaque de verre dans la partie sup\u00e9rieure avec la lumi\u00e8re derri\u00e8re. La TABLIGHT est id\u00e9ale pour la retouche, la reconstruction ou m\u00eame faire le contr\u00f4le de qualit\u00e9 de \u00e9crans de serigraphie ; films positives et autres. La TABLIGHT peux \u00eatre \u00e9quip\u00e9 avec la partie sup\u00e9rieure avec inclination ajustable.<\/p>\n","protected":false},"featured_media":3897,"template":"","meta":[],"product_cat":[154,156],"product_tag":[],"class_list":["post-3896","product","type-product","status-publish","has-post-thumbnail","hentry","product_cat-grafica-fr","product_cat-controlo-de-cor-montagem-de-filmes-fr"],"_links":{"self":[{"href":"https:\/\/acosgraf.com\/fr\/wp-json\/wp\/v2\/product\/3896","targetHints":{"allow":["GET"]}}],"collection":[{"href":"https:\/\/acosgraf.com\/fr\/wp-json\/wp\/v2\/product"}],"about":[{"href":"https:\/\/acosgraf.com\/fr\/wp-json\/wp\/v2\/types\/product"}],"version-history":[{"count":5,"href":"https:\/\/acosgraf.com\/fr\/wp-json\/wp\/v2\/product\/3896\/revisions"}],"predecessor-version":[{"id":9704,"href":"https:\/\/acosgraf.com\/fr\/wp-json\/wp\/v2\/product\/3896\/revisions\/9704"}],"wp:featuredmedia":[{"embeddable":true,"href":"https:\/\/acosgraf.com\/fr\/wp-json\/wp\/v2\/media\/3897"}],"wp:attachment":[{"href":"https:\/\/acosgraf.com\/fr\/wp-json\/wp\/v2\/media?parent=3896"}],"wp:term":[{"taxonomy":"product_cat","embeddable":true,"href":"https:\/\/acosgraf.com\/fr\/wp-json\/wp\/v2\/product_cat?post=3896"},{"taxonomy":"product_tag","embeddable":true,"href":"https:\/\/acosgraf.com\/fr\/wp-json\/wp\/v2\/product_tag?post=3896"}],"curies":[{"name":"wp","href":"https:\/\/api.w.org\/{rel}","templated":true}]}}