
{"id":3961,"date":"2019-10-15T10:42:38","date_gmt":"2019-10-15T10:42:38","guid":{"rendered":"https:\/\/acosgraf.com\/produto\/akorn-4m\/"},"modified":"2019-10-17T16:39:23","modified_gmt":"2019-10-17T16:39:23","slug":"akorn-4m","status":"publish","type":"product","link":"https:\/\/acosgraf.com\/fr\/produto\/akorn-4m\/","title":{"rendered":"AKORN 4M"},"content":{"rendered":"<ul>\n<li>Tapete em malha revestido a Teflon;<\/li>\n<li>Variador electr\u00f3nico da velocidade do tapete;<\/li>\n<li>Painel electr\u00f3nico com modo de economiza\u00e7\u00e3o de energia;<\/li>\n<li>Ar for\u00e7ado com ventilador de elevado rendimento capaz de secar o m\u00e9todo DIRECT TO GARMENT (DTG);<\/li>\n<li>Baterias de resist\u00eancias em cromo n\u00edquel;<\/li>\n<li>M\u00e9todo de cura da impress\u00e3o &#8211; 100% ar quente;<\/li>\n<li>Controlador digital de temperatura;<\/li>\n<li>Possibilidade de instala\u00e7\u00e3o de painel electronico com modo de economiza\u00e7\u00e3o de energia;<\/li>\n<li>Possibilidade de coloca\u00e7\u00e3o de duplo tapete com velocidades independentes como op\u00e7\u00e3o;<\/li>\n<li>Isolamento t\u00e9rmico de alto rendimento em toda a \u00e1rea do t\u00fanel.<\/li>\n<\/ul>\n<table class=\"tbl-products\">\n<tbody>\n<tr>\n<th>AKORN 4M<\/th>\n<th style=\"text-align:center;\">Uni<\/th>\n<th>AK 4012<\/th>\n<\/tr>\n<tr>\n<td>\u00c1rea de calor<\/td>\n<td style=\"text-align:center;\">Cm<\/td>\n<td style=\"text-align:center;\">400&#215;120<\/td>\n<\/tr>\n<tr>\n<td>Velocidade do tapete<\/td>\n<td style=\"text-align:center;\">m\/min<\/td>\n<td style=\"text-align:center;\">1,4 a 5,65<\/td>\n<\/tr>\n<tr>\n<td>Largura do tapete<\/td>\n<td style=\"text-align:center;\">Cm<\/td>\n<td style=\"text-align:center;\">120<\/td>\n<\/tr>\n<tr>\n<td>Altura m\u00e1xima dos objetos a secar<\/td>\n<td style=\"text-align:center;\">Cm<\/td>\n<td style=\"text-align:center;\">8<\/td>\n<\/tr>\n<tr>\n<td>Temp. m\u00e1xima de funcionamento<\/td>\n<td style=\"text-align:center;\">C<\/td>\n<td style=\"text-align:center;\">200<\/td>\n<\/tr>\n<tr>\n<td>Comprimento exterior<\/td>\n<td style=\"text-align:center;\">Cm<\/td>\n<td style=\"text-align:center;\">615<\/td>\n<\/tr>\n<tr>\n<td>Largura exterior<\/td>\n<td style=\"text-align:center;\">Cm<\/td>\n<td style=\"text-align:center;\">147<\/td>\n<\/tr>\n<tr>\n<td>Altura exterior<\/td>\n<td style=\"text-align:center;\">Cm<\/td>\n<td style=\"text-align:center;\">170<\/td>\n<\/tr>\n<tr>\n<td>Pot\u00eancia<\/td>\n<td style=\"text-align:center;\">W<\/td>\n<td style=\"text-align:center;\">33<\/td>\n<\/tr>\n<tr>\n<td>Peso<\/td>\n<td style=\"text-align:center;\">Kg<\/td>\n<td style=\"text-align:center;\">1400<\/td>\n<\/tr>\n<tr>\n<td>Voltagem<\/td>\n<td style=\"text-align:center;\">V<\/td>\n<td style=\"text-align:center;\">3&#215;400<\/td>\n<\/tr>\n<\/tbody>\n<\/table>\n","protected":false},"excerpt":{"rendered":"<p>A m\u00e1quina AKORN \u00e9 um t\u00fanel de secagem ideal para a termofixa\u00e7\u00e3o de tintas impressas directamente atrav\u00e9s de m\u00e1quinas DIRECT TO GARMENT (DTG). O AKORN est\u00e1 equipado com turbina de re circula\u00e7\u00e3o de ar quente de elevado rendimento e como op\u00e7\u00e3o pode ser equipado com cones de aspira\u00e7\u00e3o de fumos na entrada e sa\u00edda, duplo tapete, modo de economiza\u00e7\u00e3o de energia, etc&#8230; O AKORN \u00e9 um t\u00fanel 100% a ar quente.<\/p>\n<div class=\"btn_product\"><a class=\"btn_short_pdf elementor-align-justify elementor-button\" role=\"button\" href=\"https:\/\/acosgraf.com\/wp-content\/uploads\/2019\/10\/AKORN-4M.pdf\"><i class=\"far fa-file-pdf\" aria-hidden=\"true\"><\/i> <span class=\"txt_btn_pdf\"><br \/>\nT\u00c9L\u00c9CHARGER LE PDF<\/span><\/a><\/div>\n","protected":false},"featured_media":3962,"template":"","meta":[],"product_cat":[164,168],"product_tag":[],"class_list":["post-3961","product","type-product","status-publish","has-post-thumbnail","hentry","product_cat-impressao-digital-fr","product_cat-impressao-directa-no-textil"],"_links":{"self":[{"href":"https:\/\/acosgraf.com\/fr\/wp-json\/wp\/v2\/product\/3961","targetHints":{"allow":["GET"]}}],"collection":[{"href":"https:\/\/acosgraf.com\/fr\/wp-json\/wp\/v2\/product"}],"about":[{"href":"https:\/\/acosgraf.com\/fr\/wp-json\/wp\/v2\/types\/product"}],"version-history":[{"count":2,"href":"https:\/\/acosgraf.com\/fr\/wp-json\/wp\/v2\/product\/3961\/revisions"}],"predecessor-version":[{"id":3974,"href":"https:\/\/acosgraf.com\/fr\/wp-json\/wp\/v2\/product\/3961\/revisions\/3974"}],"wp:featuredmedia":[{"embeddable":true,"href":"https:\/\/acosgraf.com\/fr\/wp-json\/wp\/v2\/media\/3962"}],"wp:attachment":[{"href":"https:\/\/acosgraf.com\/fr\/wp-json\/wp\/v2\/media?parent=3961"}],"wp:term":[{"taxonomy":"product_cat","embeddable":true,"href":"https:\/\/acosgraf.com\/fr\/wp-json\/wp\/v2\/product_cat?post=3961"},{"taxonomy":"product_tag","embeddable":true,"href":"https:\/\/acosgraf.com\/fr\/wp-json\/wp\/v2\/product_tag?post=3961"}],"curies":[{"name":"wp","href":"https:\/\/api.w.org\/{rel}","templated":true}]}}