
{"id":3983,"date":"2019-10-15T10:42:38","date_gmt":"2019-10-15T10:42:38","guid":{"rendered":"https:\/\/acosgraf.com\/produto\/akorn-15m\/"},"modified":"2019-10-17T16:50:11","modified_gmt":"2019-10-17T16:50:11","slug":"akorn-15m","status":"publish","type":"product","link":"https:\/\/acosgraf.com\/fr\/produto\/akorn-15m\/","title":{"rendered":"AKORN"},"content":{"rendered":"<table class=\"tbl-products\">\n<tbody>\n<tr>\n<th>AKORN<\/th>\n<th style=\"text-align:center;\">Unidades<\/th>\n<th>AK 1507<\/th>\n<th>AK 1508<\/th>\n<th>AK 1510<\/th>\n<\/tr>\n<tr>\n<td>Dimension du chaleur<\/td>\n<td style=\"text-align:center;\">Cm<\/td>\n<td style=\"text-align:center;\">150&#215;70<\/td>\n<td style=\"text-align:center;\">150&#215;80<\/td>\n<td style=\"text-align:center;\">150&#215;100<\/td>\n<\/tr>\n<tr>\n<td>Vitesse du tapis<\/td>\n<td style=\"text-align:center;\">m\/min<\/td>\n<td style=\"text-align:center;\">50 &#8211; 420<\/td>\n<td style=\"text-align:center;\">50 &#8211; 420<\/td>\n<td style=\"text-align:center;\">50 &#8211; 420<\/td>\n<\/tr>\n<tr>\n<td>Larguer du tapis<\/td>\n<td style=\"text-align:center;\">Cm<\/td>\n<td style=\"text-align:center;\">70<\/td>\n<td style=\"text-align:center;\">80<\/td>\n<td style=\"text-align:center;\">100<\/td>\n<\/tr>\n<tr>\n<td>Hauteur maximum de objectes \u00e0 s\u00e9chai<\/td>\n<td style=\"text-align:center;\">Cm<\/td>\n<td style=\"text-align:center;\">13<\/td>\n<td style=\"text-align:center;\">13<\/td>\n<td style=\"text-align:center;\">13<\/td>\n<\/tr>\n<tr>\n<td>Temp\u00e9rature maximum de fonctionnement<\/td>\n<td style=\"text-align:center;\">\ufffdC<\/td>\n<td style=\"text-align:center;\">200<\/td>\n<td style=\"text-align:center;\">200<\/td>\n<td style=\"text-align:center;\">200<\/td>\n<\/tr>\n<tr>\n<td>Longueur<\/td>\n<td style=\"text-align:center;\">Cm<\/td>\n<td style=\"text-align:center;\">270<\/td>\n<td style=\"text-align:center;\">270<\/td>\n<td style=\"text-align:center;\">270<\/td>\n<\/tr>\n<tr>\n<td>Larguer<\/td>\n<td style=\"text-align:center;\">Cm<\/td>\n<td style=\"text-align:center;\">135<\/td>\n<td style=\"text-align:center;\">145<\/td>\n<td style=\"text-align:center;\">165<\/td>\n<\/tr>\n<tr>\n<td>Hauteur<\/td>\n<td style=\"text-align:center;\">Cm<\/td>\n<td style=\"text-align:center;\">170<\/td>\n<td style=\"text-align:center;\">170<\/td>\n<td style=\"text-align:center;\">170<\/td>\n<\/tr>\n<tr>\n<td>Vel. max. de impress\u00e3o a 600dpi<\/td>\n<td style=\"text-align:center;\">m2\/h<\/td>\n<td style=\"text-align:center;\">7,5<\/td>\n<td style=\"text-align:center;\">8,5<\/td>\n<td style=\"text-align:center;\">12<\/td>\n<\/tr>\n<tr>\n<td>Poids<\/td>\n<td style=\"text-align:center;\">Kg<\/td>\n<td style=\"text-align:center;\">350<\/td>\n<td style=\"text-align:center;\">400<\/td>\n<td style=\"text-align:center;\">450<\/td>\n<\/tr>\n<tr>\n<td>Tension<\/td>\n<td style=\"text-align:center;\">V<\/td>\n<td style=\"text-align:center;\">3x 400<\/td>\n<td style=\"text-align:center;\">3&#215;400<\/td>\n<td style=\"text-align:center;\">3&#215;400<\/td>\n<\/tr>\n<\/tbody>\n<\/table>\n","protected":false},"excerpt":{"rendered":"<p>A m\u00e1quina AKORN \u00e9 um t\u00fanel de secagem ideal para a termofixa\u00e7\u00e3o de tintas impressas directamente atrav\u00e9s de m\u00e1quinas DIRECT TO GARMENT.  O AKORN est\u00e1 equipado com turbina de re circula\u00e7\u00e3o de ar quente de elevado rendimento e com cones de aspira\u00e7\u00e3o de fumos na entrada e sa\u00edda.  O AKORN \u00e9 um t\u00fanel 100% a ar quente.<\/p>\n<div class=\"btn_product\"><a class=\"btn_short_pdf elementor-align-justify elementor-button\" role=\"button\" href=\"https:\/\/acosgraf.com\/wp-content\/uploads\/2019\/10\/AKORN-fr.pdf\"><i class=\"far fa-file-pdf\" aria-hidden=\"true\"><\/i> <span class=\"txt_btn_pdf\">T\u00c9L\u00c9CHARGER LE PDF<\/span><\/a><\/div>\n","protected":false},"featured_media":3984,"template":"","meta":[],"product_cat":[164,168],"product_tag":[],"class_list":["post-3983","product","type-product","status-publish","has-post-thumbnail","hentry","product_cat-impressao-digital-fr","product_cat-impressao-directa-no-textil"],"_links":{"self":[{"href":"https:\/\/acosgraf.com\/fr\/wp-json\/wp\/v2\/product\/3983","targetHints":{"allow":["GET"]}}],"collection":[{"href":"https:\/\/acosgraf.com\/fr\/wp-json\/wp\/v2\/product"}],"about":[{"href":"https:\/\/acosgraf.com\/fr\/wp-json\/wp\/v2\/types\/product"}],"version-history":[{"count":2,"href":"https:\/\/acosgraf.com\/fr\/wp-json\/wp\/v2\/product\/3983\/revisions"}],"predecessor-version":[{"id":3994,"href":"https:\/\/acosgraf.com\/fr\/wp-json\/wp\/v2\/product\/3983\/revisions\/3994"}],"wp:featuredmedia":[{"embeddable":true,"href":"https:\/\/acosgraf.com\/fr\/wp-json\/wp\/v2\/media\/3984"}],"wp:attachment":[{"href":"https:\/\/acosgraf.com\/fr\/wp-json\/wp\/v2\/media?parent=3983"}],"wp:term":[{"taxonomy":"product_cat","embeddable":true,"href":"https:\/\/acosgraf.com\/fr\/wp-json\/wp\/v2\/product_cat?post=3983"},{"taxonomy":"product_tag","embeddable":true,"href":"https:\/\/acosgraf.com\/fr\/wp-json\/wp\/v2\/product_tag?post=3983"}],"curies":[{"name":"wp","href":"https:\/\/api.w.org\/{rel}","templated":true}]}}