
{"id":4003,"date":"2019-10-15T10:42:38","date_gmt":"2019-10-15T10:42:38","guid":{"rendered":"https:\/\/acosgraf.com\/produto\/akorn-2m\/"},"modified":"2019-10-17T16:53:31","modified_gmt":"2019-10-17T16:53:31","slug":"akorn-2m","status":"publish","type":"product","link":"https:\/\/acosgraf.com\/fr\/produto\/akorn-2m\/","title":{"rendered":"AKORN 2M"},"content":{"rendered":"<ul>\n<li>Tapis en maille de Teflon capable de r\u00e9sister \u00e0 haute temp\u00e9ratures;<\/li>\n<li>Contr\u00f4leur de temp\u00e9rature digitale ;<\/li>\n<li>Nouveaux panneaux \u00e9lectronique avec diff\u00e9rents options (sauvegardai \u00e9nergie, conteur digitale de seconds de pi\u00e8ce sur le chaleur, programmes de temp\u00e9ratures, etc&#8230;)<\/li>\n<li>Re circulation de aire chaude fait travers de ventilateurs en circuit fermai de haute r\u00e9diment capable de s\u00e9chai parfaitement les encres imprimai par m\u00e9thode digitale (DTG);<\/li>\n<li>Possibilit\u00e9 de ajustement de vitesse de aire chaude;<\/li>\n<li>Option de avoir ouverture lat\u00e9rale de partie chaude pour service ou nettoyage;<\/li>\n<li>Method de chaleur&nbsp;&#8211; 100% air chaud;<\/li>\n<li>R\u00e9glage de vitesse fait par variateur \u00e9lectronique;<\/li>\n<li>Equipai avec de voute en entr\u00e9e et sortie de tapis pour aspirations totale de fum\u00e9s;<\/li>\n<li>Isolation double dans toute la surface de tunnel pour avoir une efficace \u00e9nergique haute.<\/li>\n<\/ul>\n<table class=\"tbl-products\">\n<tbody>\n<tr>\n<th>AKORN 2M<\/th>\n<th style=\"text-align:center;\">Unidades<\/th>\n<th>AK 2008<\/th>\n<th>AK 2010<\/th>\n<\/tr>\n<tr>\n<td>Dimension du chaleur<\/td>\n<td style=\"text-align:center;\">Cm<\/td>\n<td style=\"text-align:center;\">200&#215;80<\/td>\n<td style=\"text-align:center;\">200&#215;100<\/td>\n<\/tr>\n<tr>\n<td>Vitesse du tapis<\/td>\n<td style=\"text-align:center;\">m\/min<\/td>\n<td style=\"text-align:center;\">50 to 420<\/td>\n<td style=\"text-align:center;\">50 &#8211; 420<\/td>\n<\/tr>\n<tr>\n<td>Larguer du tapis<\/td>\n<td style=\"text-align:center;\">Cm<\/td>\n<td style=\"text-align:center;\">80<\/td>\n<td style=\"text-align:center;\">100<\/td>\n<\/tr>\n<tr>\n<td>Hauteur maximum de objectes \u00e0 s\u00e9chai<\/td>\n<td style=\"text-align:center;\">Cm<\/td>\n<td style=\"text-align:center;\">13<\/td>\n<td style=\"text-align:center;\">13<\/td>\n<\/tr>\n<tr>\n<td>Temp\u00e9rature maximum de fonctionnement<\/td>\n<td style=\"text-align:center;\">\ufffdC<\/td>\n<td style=\"text-align:center;\">180<\/td>\n<td style=\"text-align:center;\">180<\/td>\n<\/tr>\n<tr>\n<td>Longueur<\/td>\n<td style=\"text-align:center;\">Cm<\/td>\n<td style=\"text-align:center;\">355<\/td>\n<td style=\"text-align:center;\">355<\/td>\n<\/tr>\n<tr>\n<td>Larguer<\/td>\n<td style=\"text-align:center;\">Cm<\/td>\n<td style=\"text-align:center;\">127<\/td>\n<td style=\"text-align:center;\">147<\/td>\n<\/tr>\n<tr>\n<td>Hauteur<\/td>\n<td style=\"text-align:center;\">Cm<\/td>\n<td style=\"text-align:center;\">170<\/td>\n<td style=\"text-align:center;\">170<\/td>\n<\/tr>\n<tr>\n<td>Poids<\/td>\n<td style=\"text-align:center;\">Kg<\/td>\n<td style=\"text-align:center;\">560<\/td>\n<td style=\"text-align:center;\">670<\/td>\n<\/tr>\n<tr>\n<td>Tension<\/td>\n<td style=\"text-align:center;\">V<\/td>\n<td style=\"text-align:center;\">3&#215;400<\/td>\n<td style=\"text-align:center;\">3&#215;400<\/td>\n<\/tr>\n<\/tbody>\n<\/table>\n","protected":false},"excerpt":{"rendered":"<p>Le AKORN est un tunnel id\u00e9ale pour la s\u00e9chage de encres imprim\u00e9es directement sur le TEXTILE travers de le m\u00e9thode digital (DTG). Le AKORN est \u00e9quip\u00e9 avec de turbine re circulation d&#8217;air chaud \u00e0 haut rendement et les c\u00f4nes de aspiration de fum\u00e9s dans \u00e0 l&#8217;entr\u00e9e et la sortie . Le AKORN est un tunnel \u00e0 air chaud \u00e0 100% aussi \u00e9quip\u00e9e de s\u00e9rie avec la nouveaux plaque \u00e9lectronique de gestion.<\/p>\n<div class=\"btn_product\"><a class=\"btn_short_pdf elementor-align-justify elementor-button\" role=\"button\" href=\"https:\/\/acosgraf.com\/wp-content\/uploads\/2019\/10\/AKORN-2M-fr.pdf\"><i class=\"far fa-file-pdf\" aria-hidden=\"true\"><\/i> <span class=\"txt_btn_pdf\">T\u00c9L\u00c9CHARGER LE PDF<\/span><\/a><\/div>\n","protected":false},"featured_media":4004,"template":"","meta":[],"product_cat":[164,168],"product_tag":[],"class_list":["post-4003","product","type-product","status-publish","has-post-thumbnail","hentry","product_cat-impressao-digital-fr","product_cat-impressao-directa-no-textil"],"_links":{"self":[{"href":"https:\/\/acosgraf.com\/fr\/wp-json\/wp\/v2\/product\/4003","targetHints":{"allow":["GET"]}}],"collection":[{"href":"https:\/\/acosgraf.com\/fr\/wp-json\/wp\/v2\/product"}],"about":[{"href":"https:\/\/acosgraf.com\/fr\/wp-json\/wp\/v2\/types\/product"}],"version-history":[{"count":2,"href":"https:\/\/acosgraf.com\/fr\/wp-json\/wp\/v2\/product\/4003\/revisions"}],"predecessor-version":[{"id":4013,"href":"https:\/\/acosgraf.com\/fr\/wp-json\/wp\/v2\/product\/4003\/revisions\/4013"}],"wp:featuredmedia":[{"embeddable":true,"href":"https:\/\/acosgraf.com\/fr\/wp-json\/wp\/v2\/media\/4004"}],"wp:attachment":[{"href":"https:\/\/acosgraf.com\/fr\/wp-json\/wp\/v2\/media?parent=4003"}],"wp:term":[{"taxonomy":"product_cat","embeddable":true,"href":"https:\/\/acosgraf.com\/fr\/wp-json\/wp\/v2\/product_cat?post=4003"},{"taxonomy":"product_tag","embeddable":true,"href":"https:\/\/acosgraf.com\/fr\/wp-json\/wp\/v2\/product_tag?post=4003"}],"curies":[{"name":"wp","href":"https:\/\/api.w.org\/{rel}","templated":true}]}}