
{"id":4022,"date":"2019-10-15T10:42:38","date_gmt":"2019-10-15T10:42:38","guid":{"rendered":"https:\/\/acosgraf.com\/produto\/lyra-mini\/"},"modified":"2019-10-17T16:55:50","modified_gmt":"2019-10-17T16:55:50","slug":"lyra-mini","status":"publish","type":"product","link":"https:\/\/acosgraf.com\/fr\/produto\/lyra-mini\/","title":{"rendered":"LYRA MINI"},"content":{"rendered":"<ul>\n<li>Painel de comando com TOUCH SCREEN de 7 polegadas;<\/li>\n<li>Modo de economiza\u00e7\u00e3o de energia;<\/li>\n<li>Sinalizador em LED individual do final de tempo de secagem;<\/li>\n<li>Possibilidade de gravar at\u00e9 5 programas de tempos;<\/li>\n<li>Turbina de ar quente de alto rendimento;<\/li>\n<li>Gavetas revestidas com malha de teflon;<\/li>\n<li>Duplo isolamento para obter elevada eficacia energ\u00e9tica.<\/li>\n<\/ul>\n<table class=\"tbl-products\">\n<tbody>\n<tr>\n<th>LYRA MINI<\/th>\n<th style=\"text-align:center;\">Unidades<\/th>\n<th>LY MIN 3<\/th>\n<\/tr>\n<tr>\n<td>Dimens\u00e3o interna da gaveta<\/td>\n<td style=\"text-align:center;\">Cm<\/td>\n<td style=\"text-align:center;\">68&#215;79<\/td>\n<\/tr>\n<tr>\n<td>Numero de gavetas<\/td>\n<td style=\"text-align:center;\"><\/td>\n<td style=\"text-align:center;\">3<\/td>\n<\/tr>\n<tr>\n<td>Puissance installe<\/td>\n<td style=\"text-align:center;\">kW<\/td>\n<td style=\"text-align:center;\">4,6<\/td>\n<\/tr>\n<tr>\n<td>Temp\u00e9rature maximum de fonctionnement<\/td>\n<td style=\"text-align:center;\">\ufffdC<\/td>\n<td style=\"text-align:center;\">160<\/td>\n<\/tr>\n<tr>\n<td>Profondeur<\/td>\n<td style=\"text-align:center;\">Cm<\/td>\n<td style=\"text-align:center;\">110<\/td>\n<\/tr>\n<tr>\n<td>Larguer<\/td>\n<td style=\"text-align:center;\">Cm<\/td>\n<td style=\"text-align:center;\">135<\/td>\n<\/tr>\n<tr>\n<td>Hauteur<\/td>\n<td style=\"text-align:center;\">Cm<\/td>\n<td style=\"text-align:center;\">120<\/td>\n<\/tr>\n<tr>\n<td>Poids<\/td>\n<td style=\"text-align:center;\">Kg<\/td>\n<td style=\"text-align:center;\">300<\/td>\n<\/tr>\n<tr>\n<td>Tension<\/td>\n<td style=\"text-align:center;\">V<\/td>\n<td style=\"text-align:center;\">230<\/td>\n<\/tr>\n<\/tbody>\n<\/table>\n","protected":false},"excerpt":{"rendered":"<p>A LYRA MINI \u00e9 um forno de termofixa\u00e7\u00e3o t\u00eaxtil desinhada especialmente para a secagem de tintas impressas directamente no textil. A LYRA MINI est\u00e1 equipada com re circula\u00e7\u00e3o de ar quente em circuito fechado para dar a possibilidade de secagem de diversas tintas texteis<\/p>\n<div class=\"btn_product\"><a class=\"btn_short_pdf elementor-align-justify elementor-button\" role=\"button\" href=\"https:\/\/acosgraf.com\/wp-content\/uploads\/2019\/10\/LYRA-MINI-fr.pdf\"><i class=\"far fa-file-pdf\" aria-hidden=\"true\"><\/i> <span class=\"txt_btn_pdf\">T\u00c9L\u00c9CHARGER LE PDF<\/span><\/a><\/div>\n","protected":false},"featured_media":4023,"template":"","meta":[],"product_cat":[164,168],"product_tag":[],"class_list":["post-4022","product","type-product","status-publish","has-post-thumbnail","hentry","product_cat-impressao-digital-fr","product_cat-impressao-directa-no-textil"],"_links":{"self":[{"href":"https:\/\/acosgraf.com\/fr\/wp-json\/wp\/v2\/product\/4022","targetHints":{"allow":["GET"]}}],"collection":[{"href":"https:\/\/acosgraf.com\/fr\/wp-json\/wp\/v2\/product"}],"about":[{"href":"https:\/\/acosgraf.com\/fr\/wp-json\/wp\/v2\/types\/product"}],"version-history":[{"count":3,"href":"https:\/\/acosgraf.com\/fr\/wp-json\/wp\/v2\/product\/4022\/revisions"}],"predecessor-version":[{"id":4028,"href":"https:\/\/acosgraf.com\/fr\/wp-json\/wp\/v2\/product\/4022\/revisions\/4028"}],"wp:featuredmedia":[{"embeddable":true,"href":"https:\/\/acosgraf.com\/fr\/wp-json\/wp\/v2\/media\/4023"}],"wp:attachment":[{"href":"https:\/\/acosgraf.com\/fr\/wp-json\/wp\/v2\/media?parent=4022"}],"wp:term":[{"taxonomy":"product_cat","embeddable":true,"href":"https:\/\/acosgraf.com\/fr\/wp-json\/wp\/v2\/product_cat?post=4022"},{"taxonomy":"product_tag","embeddable":true,"href":"https:\/\/acosgraf.com\/fr\/wp-json\/wp\/v2\/product_tag?post=4022"}],"curies":[{"name":"wp","href":"https:\/\/api.w.org\/{rel}","templated":true}]}}