
{"id":4093,"date":"2019-10-15T13:58:46","date_gmt":"2019-10-15T13:58:46","guid":{"rendered":"https:\/\/acosgraf.com\/produto\/tampo-tp-141-f\/"},"modified":"2019-10-17T17:24:10","modified_gmt":"2019-10-17T17:24:10","slug":"tampo-tp-141-f","status":"publish","type":"product","link":"https:\/\/acosgraf.com\/fr\/produto\/tampo-tp-141-f\/","title":{"rendered":"TAMPO &#8211; TP 141 F"},"content":{"rendered":"<ul>\n<li>Painel LCD;<\/li>\n<li>Paragem de emerg\u00eancia;<\/li>\n<li>Contador parcial e total das pe\u00e7as;<\/li>\n<li>Pausa entre impress\u00f5es;<\/li>\n<li>Velocidades de impress\u00e3o independentes e regul\u00e1veis (avan\u00e7o; recuo; subir, descer);<\/li>\n<li>Mesa de impress\u00e3o ajust\u00e1vel em altura;<\/li>\n<li>Sistema de impress\u00e3o por tamp\u00e3o e clich\u00e9;;<\/li>\n<li>Ajuste longitudinal e transversal da coloca\u00e7\u00e3o da pe\u00e7a;<\/li>\n<\/ul>\n<table class=\"tbl-products\">\n<tbody>\n<tr>\n<th>TAMPO &#8211; TP 141 F<\/th>\n<th style=\"text-align:center;\">Uni<\/th>\n<th>TP 141F &#8211; 140 mm<\/th>\n<th>TP 141F &#8211; 110 mm<\/th>\n<\/tr>\n<tr>\n<td>Tipo de tinteiro<\/td>\n<td style=\"text-align:center;\"><\/td>\n<td style=\"text-align:center;\">Fechado<\/td>\n<td style=\"text-align:center;\">Fechado<\/td>\n<\/tr>\n<tr>\n<td>Formato m\u00e1ximo de impress\u00e3o (prof. * larg.)<\/td>\n<td style=\"text-align:center;\">mm<\/td>\n<td style=\"text-align:center;\">130&#215;135<\/td>\n<td style=\"text-align:center;\">90&#215;95<\/td>\n<\/tr>\n<tr>\n<td>Numero de cores<\/td>\n<td style=\"text-align:center;\"><\/td>\n<td style=\"text-align:center;\">1<\/td>\n<td style=\"text-align:center;\">1<\/td>\n<\/tr>\n<tr>\n<td>Tamanho do tinteiro<\/td>\n<td style=\"text-align:center;\">mm<\/td>\n<td style=\"text-align:center;\">140<\/td>\n<td style=\"text-align:center;\">110<\/td>\n<\/tr>\n<tr>\n<td>Tamanho m\u00e1ximo de cliche<\/td>\n<td style=\"text-align:center;\">mm<\/td>\n<td style=\"text-align:center;\">300&#215;150<\/td>\n<td style=\"text-align:center;\">275&#215;125<\/td>\n<\/tr>\n<tr>\n<td>Numero m\u00e1ximo de ciclos por hora<\/td>\n<td style=\"text-align:center;\"><\/td>\n<td style=\"text-align:center;\">1100<\/td>\n<td style=\"text-align:center;\">1200<\/td>\n<\/tr>\n<tr>\n<td>Peso liquido<\/td>\n<td style=\"text-align:center;\">Kg<\/td>\n<td style=\"text-align:center;\">170<\/td>\n<td style=\"text-align:center;\">150<\/td>\n<\/tr>\n<tr>\n<td>Voltagem<\/td>\n<td style=\"text-align:center;\">V<\/td>\n<td style=\"text-align:center;\">230\/50<\/td>\n<td style=\"text-align:center;\">230\/50<\/td>\n<\/tr>\n<\/tbody>\n<\/table>\n","protected":false},"excerpt":{"rendered":"<p>O equipamento TAMPO TP 141 \u00e9 uma maquina de tampografia electro pneum\u00e1tica que utiliza tinteiro fechado com tamanho m\u00e1ximo de 140 mm.<\/p>\n<div class=\"btn_product\"><a class=\"btn_short_pdf elementor-align-justify elementor-button\" role=\"button\" href=\"https:\/\/acosgraf.com\/wp-content\/uploads\/2019\/10\/TAMPO-TP-141-F.pdf\"><i class=\"far fa-file-pdf\" aria-hidden=\"true\"><\/i> <span class=\"txt_btn_pdf\">DOWNLOAD PDF<\/span><\/a><\/div>\n","protected":false},"featured_media":4094,"template":"","meta":[],"product_cat":[228,225],"product_tag":[],"class_list":["post-4093","product","type-product","status-publish","has-post-thumbnail","hentry","product_cat-maquinas-com-1-ano-de-garantia","product_cat-tampografia-fr"],"_links":{"self":[{"href":"https:\/\/acosgraf.com\/fr\/wp-json\/wp\/v2\/product\/4093","targetHints":{"allow":["GET"]}}],"collection":[{"href":"https:\/\/acosgraf.com\/fr\/wp-json\/wp\/v2\/product"}],"about":[{"href":"https:\/\/acosgraf.com\/fr\/wp-json\/wp\/v2\/types\/product"}],"version-history":[{"count":1,"href":"https:\/\/acosgraf.com\/fr\/wp-json\/wp\/v2\/product\/4093\/revisions"}],"predecessor-version":[{"id":4096,"href":"https:\/\/acosgraf.com\/fr\/wp-json\/wp\/v2\/product\/4093\/revisions\/4096"}],"wp:featuredmedia":[{"embeddable":true,"href":"https:\/\/acosgraf.com\/fr\/wp-json\/wp\/v2\/media\/4094"}],"wp:attachment":[{"href":"https:\/\/acosgraf.com\/fr\/wp-json\/wp\/v2\/media?parent=4093"}],"wp:term":[{"taxonomy":"product_cat","embeddable":true,"href":"https:\/\/acosgraf.com\/fr\/wp-json\/wp\/v2\/product_cat?post=4093"},{"taxonomy":"product_tag","embeddable":true,"href":"https:\/\/acosgraf.com\/fr\/wp-json\/wp\/v2\/product_tag?post=4093"}],"curies":[{"name":"wp","href":"https:\/\/api.w.org\/{rel}","templated":true}]}}