
{"id":4100,"date":"2019-10-15T13:58:46","date_gmt":"2019-10-15T13:58:46","guid":{"rendered":"https:\/\/acosgraf.com\/produto\/tampo-tp-201-linear\/"},"modified":"2019-10-17T17:28:38","modified_gmt":"2019-10-17T17:28:38","slug":"tampo-tp-201-linear","status":"publish","type":"product","link":"https:\/\/acosgraf.com\/fr\/produto\/tampo-tp-201-linear\/","title":{"rendered":"TAMPO &#8211; TP 201 LINEAR"},"content":{"rendered":"<ul>\n<li>Painel LCD;<\/li>\n<li>Paragem de emerg\u00eancia;<\/li>\n<li>Contador parcial e total das pe\u00e7as;<\/li>\n<li>Pausa entre impress\u00f5es;<\/li>\n<li>Velocidades de impress\u00e3o independentes e regul\u00e1veis (avan\u00e7o; recuo; subir, descer);<\/li>\n<li>Mesa de impress\u00e3o ajust\u00e1vel em altura;<\/li>\n<li>Sistema de impress\u00e3o por tamp\u00e3o e clich\u00e9;;<\/li>\n<li>Ajuste longitudinal e transversal da coloca\u00e7\u00e3o da pe\u00e7a;<\/li>\n<\/ul>\n<table class=\"tbl-products\">\n<tbody>\n<tr>\n<th>TAMPO &#8211; TP 201 LINEAR<\/th>\n<th style=\"text-align:center;\">Uni<\/th>\n<th>TP 201 F90 LINEAR<\/th>\n<\/tr>\n<tr>\n<td>Tipo de tinteiro<\/td>\n<td style=\"text-align:center;\"><\/td>\n<td style=\"text-align:center;\">Fechado<\/td>\n<\/tr>\n<tr>\n<td>Formato m\u00e1ximo de impress\u00e3o (prof. * larg.)<\/td>\n<td style=\"text-align:center;\">mm<\/td>\n<td style=\"text-align:center;\">400&#215;40<\/td>\n<\/tr>\n<tr>\n<td>Tamanho do tinteiro<\/td>\n<td style=\"text-align:center;\">mm<\/td>\n<td style=\"text-align:center;\">600&#215;100<\/td>\n<\/tr>\n<tr>\n<td>Press\u00e3o de tamponagem m\u00e1xima<\/td>\n<td style=\"text-align:center;\">N<\/td>\n<td style=\"text-align:center;\">168<\/td>\n<\/tr>\n<tr>\n<td>Tamanho m\u00e1ximo de cliche<\/td>\n<td style=\"text-align:center;\">mm<\/td>\n<td style=\"text-align:center;\">600&#215;100<\/td>\n<\/tr>\n<tr>\n<td>Numero m\u00e1ximo de ciclos por hora<\/td>\n<td style=\"text-align:center;\"><\/td>\n<td style=\"text-align:center;\">500<\/td>\n<\/tr>\n<tr>\n<td>Peso<\/td>\n<td style=\"text-align:center;\">Kg<\/td>\n<td style=\"text-align:center;\">88<\/td>\n<\/tr>\n<tr>\n<td>Voltagem<\/td>\n<td style=\"text-align:center;\">V<\/td>\n<td style=\"text-align:center;\">230\/50<\/td>\n<\/tr>\n<\/tbody>\n<\/table>\n","protected":false},"excerpt":{"rendered":"<p>O equipamento TAMPO TP &#8211; 201 \u00e9 uma maquina de tampografia electro pneum\u00e1tica que utiliza sistema de tinteiro fechado. A TAMPO TP &#8211; 201 LINEAR utiliza um sistema de movimento de tinteiro de varrimento lateral.<\/p>\n<div class=\"btn_product\"><a class=\"btn_short_pdf elementor-align-justify elementor-button\" role=\"button\" href=\"https:\/\/acosgraf.com\/wp-content\/uploads\/2019\/10\/TAMPO-TP-201-LINEAR-fr.pdf\"><i class=\"far fa-file-pdf\" aria-hidden=\"true\"><\/i> <span class=\"txt_btn_pdf\">T\u00c9L\u00c9CHARGER LE PDF<\/span><\/a><\/div>\n","protected":false},"featured_media":4101,"template":"","meta":[],"product_cat":[228,225],"product_tag":[],"class_list":["post-4100","product","type-product","status-publish","has-post-thumbnail","hentry","product_cat-maquinas-com-1-ano-de-garantia","product_cat-tampografia-fr"],"_links":{"self":[{"href":"https:\/\/acosgraf.com\/fr\/wp-json\/wp\/v2\/product\/4100","targetHints":{"allow":["GET"]}}],"collection":[{"href":"https:\/\/acosgraf.com\/fr\/wp-json\/wp\/v2\/product"}],"about":[{"href":"https:\/\/acosgraf.com\/fr\/wp-json\/wp\/v2\/types\/product"}],"version-history":[{"count":2,"href":"https:\/\/acosgraf.com\/fr\/wp-json\/wp\/v2\/product\/4100\/revisions"}],"predecessor-version":[{"id":4105,"href":"https:\/\/acosgraf.com\/fr\/wp-json\/wp\/v2\/product\/4100\/revisions\/4105"}],"wp:featuredmedia":[{"embeddable":true,"href":"https:\/\/acosgraf.com\/fr\/wp-json\/wp\/v2\/media\/4101"}],"wp:attachment":[{"href":"https:\/\/acosgraf.com\/fr\/wp-json\/wp\/v2\/media?parent=4100"}],"wp:term":[{"taxonomy":"product_cat","embeddable":true,"href":"https:\/\/acosgraf.com\/fr\/wp-json\/wp\/v2\/product_cat?post=4100"},{"taxonomy":"product_tag","embeddable":true,"href":"https:\/\/acosgraf.com\/fr\/wp-json\/wp\/v2\/product_tag?post=4100"}],"curies":[{"name":"wp","href":"https:\/\/api.w.org\/{rel}","templated":true}]}}