
{"id":4204,"date":"2019-10-15T13:58:46","date_gmt":"2019-10-15T13:58:46","guid":{"rendered":"https:\/\/acosgraf.com\/produto\/tampo-tp-127-a\/"},"modified":"2019-10-18T09:03:39","modified_gmt":"2019-10-18T09:03:39","slug":"tampo-tp-127-a","status":"publish","type":"product","link":"https:\/\/acosgraf.com\/fr\/produto\/tampo-tp-127-a\/","title":{"rendered":"TAMPO &#8211; TP 127 A"},"content":{"rendered":"<ul>\n<li>Painel LCD;<\/li>\n<li>Paragem de emerg\u00eancia;<\/li>\n<li>Contador parcial e total das pe\u00e7as;<\/li>\n<li>Ajuste de alturas de impress\u00e3o e recolha de tinta feita electronicamente<\/li>\n<li>Painel LCD com display de 12 linhas;<\/li>\n<li>Pausa entre impress\u00f5es;<\/li>\n<li>Velocidades de impress\u00e3o independentes e regul\u00e1veis (avan\u00e7o; recuo; subir, descer);<\/li>\n<li>Mesa de impress\u00e3o ajust\u00e1vel em altura;<\/li>\n<li>Sistema de impress\u00e3o por tamp\u00e3o e clich\u00e9;<\/li>\n<li>Descida de tamp\u00e3o feita individualmente como op\u00e7\u00e3o;<\/li>\n<li>Sistema index de movimento lateral nos tamp\u00f5es para impress\u00e3o em pe\u00e7as dificeis como op\u00e7\u00e3o;<\/li>\n<li>Ajuste longitudinal e transversal do tinteiro;<\/li>\n<li>Ajuste longitudinal e transversal do suporte do tinteiro.<\/li>\n<\/ul>\n<table class=\"tbl-products\">\n<tbody>\n<tr>\n<th>TAMPO &#8211; TP 127 A<\/th>\n<th style=\"text-align:center;\">Unidades<\/th>\n<th>TP &#8211; 127A &#8211; 200<\/th>\n<th>TP &#8211; 127A &#8211; 150<\/th>\n<\/tr>\n<tr>\n<td>Tipo de tinteiro<\/td>\n<td style=\"text-align:center;\"><\/td>\n<td style=\"text-align:center;\">Aberto<\/td>\n<td style=\"text-align:center;\">Aberto<\/td>\n<\/tr>\n<tr>\n<td>Formato m\u00e1ximo de impress\u00e3o<\/td>\n<td style=\"text-align:center;\">mm<\/td>\n<td style=\"text-align:center;\">150&#215;70<\/td>\n<td style=\"text-align:center;\">100&#215;70<\/td>\n<\/tr>\n<tr>\n<td>Numero de cores<\/td>\n<td style=\"text-align:center;\"><\/td>\n<td style=\"text-align:center;\">2<\/td>\n<td style=\"text-align:center;\">2<\/td>\n<\/tr>\n<tr>\n<td>Tamanho do tinteiro<\/td>\n<td style=\"text-align:center;\">mm<\/td>\n<td style=\"text-align:center;\">200&#215;100<\/td>\n<td style=\"text-align:center;\">150&#215;100<\/td>\n<\/tr>\n<tr>\n<td>Press\u00e3o de tamponagem m\u00e1xima<\/td>\n<td style=\"text-align:center;\">N<\/td>\n<td style=\"text-align:center;\">105<\/td>\n<td style=\"text-align:center;\">105<\/td>\n<\/tr>\n<tr>\n<td>Tamanho m\u00e1ximo de cliche<\/td>\n<td style=\"text-align:center;\">(mm)<\/td>\n<td style=\"text-align:center;\">200&#215;100<\/td>\n<td style=\"text-align:center;\">150&#215;100<\/td>\n<\/tr>\n<tr>\n<td>Numero de cores<\/td>\n<td style=\"text-align:center;\"><\/td>\n<td style=\"text-align:center;\">900<\/td>\n<td style=\"text-align:center;\">900<\/td>\n<\/tr>\n<tr>\n<td>Poids<\/td>\n<td style=\"text-align:center;\">Kg<\/td>\n<td style=\"text-align:center;\">105<\/td>\n<td style=\"text-align:center;\">105<\/td>\n<\/tr>\n<tr>\n<td>Tension<\/td>\n<td style=\"text-align:center;\">V<\/td>\n<td style=\"text-align:center;\">230\/50<\/td>\n<td style=\"text-align:center;\">230\/50<\/td>\n<\/tr>\n<\/tbody>\n<\/table>\n","protected":false},"excerpt":{"rendered":"<p>O equipamento TP 127 &#8211; S \u00e9 uma maquina de tampografia pneum\u00e1tica a 2 cores que utiliza tinteiro aberto. A m\u00e1quina TP 127 &#8211; A pode ser equipada com op\u00e7\u00e3o a descida de tamp\u00f5es diferenciada e limpeza autom\u00e1tica de tamp\u00e3o.<\/p>\n<div class=\"btn_product\"><a class=\"btn_short_pdf elementor-align-justify elementor-button\" role=\"button\" href=\"https:\/\/acosgraf.com\/wp-content\/uploads\/2019\/10\/TAMPO-TP-127-A-fr.pdf\"><i class=\"far fa-file-pdf\" aria-hidden=\"true\"><\/i> <span class=\"txt_btn_pdf\">T\u00c9L\u00c9CHARGER LE PDF<\/span><\/a><\/div>\n","protected":false},"featured_media":0,"template":"","meta":[],"product_cat":[232,225],"product_tag":[],"class_list":["post-4204","product","type-product","status-publish","hentry","product_cat-maquinas-com-1-ano-de-garantia-a-2-cores","product_cat-tampografia-fr"],"_links":{"self":[{"href":"https:\/\/acosgraf.com\/fr\/wp-json\/wp\/v2\/product\/4204","targetHints":{"allow":["GET"]}}],"collection":[{"href":"https:\/\/acosgraf.com\/fr\/wp-json\/wp\/v2\/product"}],"about":[{"href":"https:\/\/acosgraf.com\/fr\/wp-json\/wp\/v2\/types\/product"}],"version-history":[{"count":3,"href":"https:\/\/acosgraf.com\/fr\/wp-json\/wp\/v2\/product\/4204\/revisions"}],"predecessor-version":[{"id":4209,"href":"https:\/\/acosgraf.com\/fr\/wp-json\/wp\/v2\/product\/4204\/revisions\/4209"}],"wp:attachment":[{"href":"https:\/\/acosgraf.com\/fr\/wp-json\/wp\/v2\/media?parent=4204"}],"wp:term":[{"taxonomy":"product_cat","embeddable":true,"href":"https:\/\/acosgraf.com\/fr\/wp-json\/wp\/v2\/product_cat?post=4204"},{"taxonomy":"product_tag","embeddable":true,"href":"https:\/\/acosgraf.com\/fr\/wp-json\/wp\/v2\/product_tag?post=4204"}],"curies":[{"name":"wp","href":"https:\/\/api.w.org\/{rel}","templated":true}]}}