
{"id":4298,"date":"2019-10-15T13:58:49","date_gmt":"2019-10-15T13:58:49","guid":{"rendered":"https:\/\/acosgraf.com\/produto\/minitrans-evo\/"},"modified":"2019-10-18T09:41:30","modified_gmt":"2019-10-18T09:41:30","slug":"minitrans-evo","status":"publish","type":"product","link":"https:\/\/acosgraf.com\/fr\/produto\/minitrans-evo\/","title":{"rendered":"MINITRANS EVO"},"content":{"rendered":"<ul>\n<li><span style=\"font-size: small;\">Tapete com velocidade vari\u00e1vel (Regula\u00e7\u00e3o Electr\u00f3nica);<\/span><\/li>\n<li><span style=\"font-size: small;\">Suporte regul\u00e1vel para a unidade de calor;<\/span><\/li>\n<li><span style=\"font-size: small;\">Equipado com tapete de metal para obter uma elevada resist\u00eancia ao calor;<\/span><\/li>\n<li><span style=\"font-size: small;\">Possibilidade de equipar o MINITRANS com outras fontes de calor (pistola ou caixa de infravermelhos).<\/span><\/li>\n<\/ul>\n<table class=\"tbl-products\">\n<tbody>\n<tr>\n<th>MINITRANS <\/th>\n<th style=\"text-align:center;\">Unidades<\/th>\n<th>MT EVO 10&#215;02<\/th>\n<th>MT EVO 15&#215;02<\/th>\n<\/tr>\n<tr>\n<td>Comprimento tapete<\/td>\n<td style=\"text-align:center;\">Cm<\/td>\n<td style=\"text-align:center;\">100<\/td>\n<td style=\"text-align:center;\">150<\/td>\n<\/tr>\n<tr>\n<td>Larguer du tapis<\/td>\n<td style=\"text-align:center;\">Cm<\/td>\n<td style=\"text-align:center;\">20<\/td>\n<td style=\"text-align:center;\">20<\/td>\n<\/tr>\n<tr>\n<td>Dimension from heat source<\/td>\n<td style=\"text-align:center;\">Cm<\/td>\n<td style=\"text-align:center;\">30&#215;20<\/td>\n<td style=\"text-align:center;\">30&#215;20<\/td>\n<\/tr>\n<tr>\n<td>Puissance installe<\/td>\n<td style=\"text-align:center;\">kW<\/td>\n<td style=\"text-align:center;\">1<\/td>\n<td style=\"text-align:center;\">1<\/td>\n<\/tr>\n<tr>\n<td>Longueur<\/td>\n<td style=\"text-align:center;\">Cm<\/td>\n<td style=\"text-align:center;\">105<\/td>\n<td style=\"text-align:center;\">155<\/td>\n<\/tr>\n<tr>\n<td>Larguer<\/td>\n<td style=\"text-align:center;\">Cm<\/td>\n<td style=\"text-align:center;\">35<\/td>\n<td style=\"text-align:center;\">35<\/td>\n<\/tr>\n<tr>\n<td>Altura Vari\u00e1vel<\/td>\n<td style=\"text-align:center;\">Cm<\/td>\n<td style=\"text-align:center;\">70 a 90<\/td>\n<td style=\"text-align:center;\">70 a 90<\/td>\n<\/tr>\n<tr>\n<td>Poids<\/td>\n<td style=\"text-align:center;\">Kg<\/td>\n<td style=\"text-align:center;\">35<\/td>\n<td style=\"text-align:center;\">45<\/td>\n<\/tr>\n<tr>\n<td>Tension<\/td>\n<td style=\"text-align:center;\">V<\/td>\n<td style=\"text-align:center;\">230\/50<\/td>\n<td style=\"text-align:center;\">230\/50<\/td>\n<\/tr>\n<\/tbody>\n<\/table>\n","protected":false},"excerpt":{"rendered":"<div class=\"btn_product\"><a class=\"btn_short_pdf elementor-align-justify elementor-button\" role=\"button\" href=\"https:\/\/acosgraf.com\/wp-content\/uploads\/2019\/10\/MINITRANS-EVO-fr.pdf\"><i class=\"far fa-file-pdf\" aria-hidden=\"true\"><\/i> <span class=\"txt_btn_pdf\">MINITRANS-EVO-fr.pdf<\/span><\/a><\/div>\n","protected":false},"featured_media":4299,"template":"","meta":[],"product_cat":[244,225],"product_tag":[],"class_list":["post-4298","product","type-product","status-publish","has-post-thumbnail","hentry","product_cat-drying-the-print","product_cat-tampografia-fr"],"_links":{"self":[{"href":"https:\/\/acosgraf.com\/fr\/wp-json\/wp\/v2\/product\/4298","targetHints":{"allow":["GET"]}}],"collection":[{"href":"https:\/\/acosgraf.com\/fr\/wp-json\/wp\/v2\/product"}],"about":[{"href":"https:\/\/acosgraf.com\/fr\/wp-json\/wp\/v2\/types\/product"}],"version-history":[{"count":3,"href":"https:\/\/acosgraf.com\/fr\/wp-json\/wp\/v2\/product\/4298\/revisions"}],"predecessor-version":[{"id":4304,"href":"https:\/\/acosgraf.com\/fr\/wp-json\/wp\/v2\/product\/4298\/revisions\/4304"}],"wp:featuredmedia":[{"embeddable":true,"href":"https:\/\/acosgraf.com\/fr\/wp-json\/wp\/v2\/media\/4299"}],"wp:attachment":[{"href":"https:\/\/acosgraf.com\/fr\/wp-json\/wp\/v2\/media?parent=4298"}],"wp:term":[{"taxonomy":"product_cat","embeddable":true,"href":"https:\/\/acosgraf.com\/fr\/wp-json\/wp\/v2\/product_cat?post=4298"},{"taxonomy":"product_tag","embeddable":true,"href":"https:\/\/acosgraf.com\/fr\/wp-json\/wp\/v2\/product_tag?post=4298"}],"curies":[{"name":"wp","href":"https:\/\/api.w.org\/{rel}","templated":true}]}}