
{"id":4317,"date":"2019-10-15T13:58:49","date_gmt":"2019-10-15T13:58:49","guid":{"rendered":"https:\/\/acosgraf.com\/produto\/texflash-object\/"},"modified":"2019-10-18T09:47:27","modified_gmt":"2019-10-18T09:47:27","slug":"texflash-object","status":"publish","type":"product","link":"https:\/\/acosgraf.com\/fr\/produto\/texflash-object\/","title":{"rendered":"TEXFLASH OBJECT"},"content":{"rendered":"<ul>\n<li>Fonte de calor &#8211; 3000W;<\/li>\n<li>Possibilidade de ajuste da pot\u00eancias das l\u00e2mpadas entre 20% a 100%;<\/li>\n<li>Accionamento de l\u00e2mpadas independente;<\/li>\n<li>Ventiladores para homogeneiza\u00e7\u00e3o do calor;<\/li>\n<li>Funcionamento autom\u00e1tico;<\/li>\n<li>Temporizador de exposi\u00e7\u00e3o;<\/li>\n<li>Pode ser equipado com&nbsp;foto c\u00e9lula da leitura da palete para&nbsp;start autom\u00e1tico ou com p\u00e9dal.<\/li>\n<\/ul>\n<table class=\"tbl-products\">\n<tbody>\n<tr>\n<th>TEXFLASH OBJECT<\/th>\n<th style=\"text-align:center;\">Unidades<\/th>\n<th>TX OBJ<\/th>\n<\/tr>\n<tr>\n<td>Surface de s\u00e9chage<\/td>\n<td style=\"text-align:center;\">Cm<\/td>\n<td style=\"text-align:center;\">35&#215;40<\/td>\n<\/tr>\n<tr>\n<td>Power install<\/td>\n<td style=\"text-align:center;\">W<\/td>\n<td style=\"text-align:center;\">3000<\/td>\n<\/tr>\n<tr>\n<td>Profondeur<\/td>\n<td style=\"text-align:center;\">Cm<\/td>\n<td style=\"text-align:center;\">54<\/td>\n<\/tr>\n<tr>\n<td>Larguer<\/td>\n<td style=\"text-align:center;\">Cm<\/td>\n<td style=\"text-align:center;\">45<\/td>\n<\/tr>\n<tr>\n<td>Hauteur<\/td>\n<td style=\"text-align:center;\">Cm<\/td>\n<td style=\"text-align:center;\">104 a 140<\/td>\n<\/tr>\n<tr>\n<td>Poids<\/td>\n<td style=\"text-align:center;\">Kg<\/td>\n<td style=\"text-align:center;\">35<\/td>\n<\/tr>\n<tr>\n<td>Tension<\/td>\n<td style=\"text-align:center;\">V<\/td>\n<td style=\"text-align:center;\">230\/50<\/td>\n<\/tr>\n<\/tbody>\n<\/table>\n","protected":false},"excerpt":{"rendered":"<p>O TEXFLASH OBJECT \u00e9 uma flash equipado com fonte de calor de infravermelhos com ventiladores equipado com 3 l\u00e2mpadas de 1000W. O TEXFLASH OBJECT \u00e9 ideal para secar pe\u00e7as impressas em tampografia de grandes dimens\u00f5es. O TEXFLASH OBJECT est\u00e1 equipado com regula\u00e7\u00e3o de pot\u00eancia de l\u00e2mpada, temporizador de flash e fotoc\u00e9lula para arranque autom\u00e1tico.<\/p>\n<div class=\"btn_product\"><a class=\"btn_short_pdf elementor-align-justify elementor-button\" role=\"button\" href=\"https:\/\/acosgraf.com\/wp-content\/uploads\/2019\/10\/TEXFLASH-OBJECT-fr.pdf\"><i class=\"far fa-file-pdf\" aria-hidden=\"true\"><\/i> <span class=\"txt_btn_pdf\">T\u00c9L\u00c9CHARGER LE PDF<\/span><\/a><\/div>\n","protected":false},"featured_media":4318,"template":"","meta":[],"product_cat":[244,225],"product_tag":[],"class_list":["post-4317","product","type-product","status-publish","has-post-thumbnail","hentry","product_cat-drying-the-print","product_cat-tampografia-fr"],"_links":{"self":[{"href":"https:\/\/acosgraf.com\/fr\/wp-json\/wp\/v2\/product\/4317","targetHints":{"allow":["GET"]}}],"collection":[{"href":"https:\/\/acosgraf.com\/fr\/wp-json\/wp\/v2\/product"}],"about":[{"href":"https:\/\/acosgraf.com\/fr\/wp-json\/wp\/v2\/types\/product"}],"version-history":[{"count":2,"href":"https:\/\/acosgraf.com\/fr\/wp-json\/wp\/v2\/product\/4317\/revisions"}],"predecessor-version":[{"id":4322,"href":"https:\/\/acosgraf.com\/fr\/wp-json\/wp\/v2\/product\/4317\/revisions\/4322"}],"wp:featuredmedia":[{"embeddable":true,"href":"https:\/\/acosgraf.com\/fr\/wp-json\/wp\/v2\/media\/4318"}],"wp:attachment":[{"href":"https:\/\/acosgraf.com\/fr\/wp-json\/wp\/v2\/media?parent=4317"}],"wp:term":[{"taxonomy":"product_cat","embeddable":true,"href":"https:\/\/acosgraf.com\/fr\/wp-json\/wp\/v2\/product_cat?post=4317"},{"taxonomy":"product_tag","embeddable":true,"href":"https:\/\/acosgraf.com\/fr\/wp-json\/wp\/v2\/product_tag?post=4317"}],"curies":[{"name":"wp","href":"https:\/\/api.w.org\/{rel}","templated":true}]}}