
{"id":4325,"date":"2019-10-15T13:58:49","date_gmt":"2019-10-15T13:58:49","guid":{"rendered":"https:\/\/acosgraf.com\/produto\/minitrans-teflon\/"},"modified":"2019-10-18T09:49:59","modified_gmt":"2019-10-18T09:49:59","slug":"minitrans-teflon","status":"publish","type":"product","link":"https:\/\/acosgraf.com\/fr\/produto\/minitrans-teflon\/","title":{"rendered":"MINITRANS TEFLON"},"content":{"rendered":"<ul>\n<li>Tapete com velocidade vari\u00e1vel feita atrav\u00e9s de varia\u00e7\u00e3o eletr\u00f3nica;<\/li>\n<li>Equipado com camp\u00e2nula com fonte de calor infra vermelhos;<\/li>\n<li>Tapete de teflon para transporte de pe\u00e7as delicadas;<\/li>\n<li>Camp\u00e2nula de calor equipada com ventiladores;<\/li>\n<li>Possibilidade de ajuste da altura de trabalho;<\/li>\n<li>Dimens\u00f5es de \u00e1rea de calor e tapete 100% configur\u00e1veis as suas necessidades<\/li>\n<\/ul>\n<table class=\"tbl-products\">\n<tbody>\n<tr>\n<th>MINITRANS TEFLON<\/th>\n<th style=\"text-align:center;\">Unidades<\/th>\n<th>MT TF 1502+10<\/th>\n<\/tr>\n<tr>\n<td>Comprimento tapete<\/td>\n<td style=\"text-align:center;\">Cm<\/td>\n<td style=\"text-align:center;\">150<\/td>\n<\/tr>\n<tr>\n<td>Larguer du tapis<\/td>\n<td style=\"text-align:center;\">Cm<\/td>\n<td style=\"text-align:center;\">20<\/td>\n<\/tr>\n<tr>\n<td>Dimension from heat source<\/td>\n<td style=\"text-align:center;\">Cm<\/td>\n<td style=\"text-align:center;\">100&#215;20<\/td>\n<\/tr>\n<tr>\n<td>Puissance installe<\/td>\n<td style=\"text-align:center;\">kW<\/td>\n<td style=\"text-align:center;\">1000<\/td>\n<\/tr>\n<tr>\n<td>Longueur<\/td>\n<td style=\"text-align:center;\">Cm<\/td>\n<td style=\"text-align:center;\">155<\/td>\n<\/tr>\n<tr>\n<td>Larguer<\/td>\n<td style=\"text-align:center;\">Cm<\/td>\n<td style=\"text-align:center;\">35<\/td>\n<\/tr>\n<tr>\n<td>Altura Vari\u00e1vel<\/td>\n<td style=\"text-align:center;\">Cm<\/td>\n<td style=\"text-align:center;\">70 a 90<\/td>\n<\/tr>\n<tr>\n<td>Poids<\/td>\n<td style=\"text-align:center;\">Kg<\/td>\n<td style=\"text-align:center;\">45<\/td>\n<\/tr>\n<tr>\n<td>Tension<\/td>\n<td style=\"text-align:center;\">V<\/td>\n<td style=\"text-align:center;\">230\/50<\/td>\n<\/tr>\n<\/tbody>\n<\/table>\n","protected":false},"excerpt":{"rendered":"<p>O MINITRANS TEFLON \u00e9 um tapete transportador de objectos ideal para tampografia. O MINITRANS TEFLON pode ser equipado vem equipada com camp\u00e2nula infra vermelhos de serie. O MINITRANS TEFLON pode ser construido em qualquer dimens\u00e3o desejada.<\/p>\n<div class=\"btn_product\"><a class=\"btn_short_pdf elementor-align-justify elementor-button\" role=\"button\" href=\"https:\/\/acosgraf.com\/wp-content\/uploads\/2019\/10\/MINITRANS-TEFLON-fr.pdf\"><i class=\"far fa-file-pdf\" aria-hidden=\"true\"><\/i> <span class=\"txt_btn_pdf\">T\u00c9L\u00c9CHARGER LE PDF<\/span><\/a><\/div>\n","protected":false},"featured_media":4326,"template":"","meta":[],"product_cat":[244,225],"product_tag":[],"class_list":["post-4325","product","type-product","status-publish","has-post-thumbnail","hentry","product_cat-drying-the-print","product_cat-tampografia-fr"],"_links":{"self":[{"href":"https:\/\/acosgraf.com\/fr\/wp-json\/wp\/v2\/product\/4325","targetHints":{"allow":["GET"]}}],"collection":[{"href":"https:\/\/acosgraf.com\/fr\/wp-json\/wp\/v2\/product"}],"about":[{"href":"https:\/\/acosgraf.com\/fr\/wp-json\/wp\/v2\/types\/product"}],"version-history":[{"count":2,"href":"https:\/\/acosgraf.com\/fr\/wp-json\/wp\/v2\/product\/4325\/revisions"}],"predecessor-version":[{"id":4330,"href":"https:\/\/acosgraf.com\/fr\/wp-json\/wp\/v2\/product\/4325\/revisions\/4330"}],"wp:featuredmedia":[{"embeddable":true,"href":"https:\/\/acosgraf.com\/fr\/wp-json\/wp\/v2\/media\/4326"}],"wp:attachment":[{"href":"https:\/\/acosgraf.com\/fr\/wp-json\/wp\/v2\/media?parent=4325"}],"wp:term":[{"taxonomy":"product_cat","embeddable":true,"href":"https:\/\/acosgraf.com\/fr\/wp-json\/wp\/v2\/product_cat?post=4325"},{"taxonomy":"product_tag","embeddable":true,"href":"https:\/\/acosgraf.com\/fr\/wp-json\/wp\/v2\/product_tag?post=4325"}],"curies":[{"name":"wp","href":"https:\/\/api.w.org\/{rel}","templated":true}]}}