
{"id":4335,"date":"2019-10-10T16:25:44","date_gmt":"2019-10-10T16:25:44","guid":{"rendered":"https:\/\/acosgraf.com\/produto\/techstyler\/"},"modified":"2019-10-18T09:57:14","modified_gmt":"2019-10-18T09:57:14","slug":"techstyler","status":"publish","type":"product","link":"https:\/\/acosgraf.com\/fr\/produto\/techstyler\/","title":{"rendered":"OYO TECHSTYLER"},"content":{"rendered":"<ul>\n<li>Resolu\u00e7\u00e3o m\u00e1xima de 600&#215;600 dpi &#8211; 60 Linhas por polegadas reais;<\/li>\n<li>N\u00e3o necessita de qu\u00edmicos de revela\u00e7\u00e3o nem outros acess\u00f3rios para a realiza\u00e7\u00e3o do filme;<\/li>\n<li>Corte do filme autom\u00e1tico caso assim o deseje;<\/li>\n<li>Interface com a m\u00e1quina atrav\u00e9s de porta USB;<\/li>\n<li>Densidade de negro &#8211; UV 6;<\/li>\n<li>Utiliza um RIP HARLEQUIM;<\/li>\n<li>RIP dispon\u00edvel para utiliza\u00e7\u00e3o em PC ou MAC;<\/li>\n<li>Baixo custo de manuten\u00e7\u00e3o devido a n\u00e3o utiliza\u00e7\u00e3o de mais nenhum consum\u00edvel;<\/li>\n<li>RIP de m\u00e1quina com v\u00e1rias possibilidades tais como: mudar \u00e2ngulos de cores; forma do ponto; frequ\u00eancia da lineatura; v\u00e1rias paginas pre definidas para v\u00e1rios tipos de trabalho; pastas de spool manager com diferentes configura\u00e7\u00f5es &nbsp;<\/li>\n<\/ul>\n<table class=\"tbl-products\">\n<tbody>\n<tr>\n<th>OYO TECHSTYLER<\/th>\n<th style=\"text-align:center;\">Unidades<\/th>\n<th>TECHSTYLER<\/th>\n<\/tr>\n<tr>\n<td>Largura do rolo do filme<\/td>\n<td style=\"text-align:center;\">Cm<\/td>\n<td style=\"text-align:center;\">36,1<\/td>\n<\/tr>\n<tr>\n<td>Resolu\u00e7\u00e3o m\u00e1xima do fotolito<\/td>\n<td style=\"text-align:center;\">dpi<\/td>\n<td style=\"text-align:center;\">600&#215;600<\/td>\n<\/tr>\n<tr>\n<td>Largura m\u00e1xima do folotito<\/td>\n<td style=\"text-align:center;\">Cm<\/td>\n<td style=\"text-align:center;\">35,7<\/td>\n<\/tr>\n<tr>\n<td>Velocidade m\u00e1xima de impress\u00e3o \u00e0 resolu\u00e7\u00e3o m\u00e1xima<\/td>\n<td style=\"text-align:center;\">mm\/min<\/td>\n<td style=\"text-align:center;\">156<\/td>\n<\/tr>\n<tr>\n<td>Profondeur<\/td>\n<td style=\"text-align:center;\">Cm<\/td>\n<td style=\"text-align:center;\">52<\/td>\n<\/tr>\n<tr>\n<td>Larguer<\/td>\n<td style=\"text-align:center;\">Cm<\/td>\n<td style=\"text-align:center;\">60<\/td>\n<\/tr>\n<tr>\n<td>Hauteur<\/td>\n<td style=\"text-align:center;\">Cm<\/td>\n<td style=\"text-align:center;\">28<\/td>\n<\/tr>\n<tr>\n<td>Poids<\/td>\n<td style=\"text-align:center;\">Kg<\/td>\n<td style=\"text-align:center;\">33<\/td>\n<\/tr>\n<tr>\n<td>Tension<\/td>\n<td style=\"text-align:center;\">V<\/td>\n<td style=\"text-align:center;\">230\/50<\/td>\n<\/tr>\n<\/tbody>\n<\/table>\n","protected":false},"excerpt":{"rendered":"<p>A OYO TECHSTYLER \u00e9 uma m\u00e1quina de cria\u00e7\u00e3o de fotolitos profissional. A OYO TECHSTYLER pode atingir uma resolu\u00e7\u00e3o m\u00e1xima 60 linhas por polegada e com uma densidade de UV 6.<\/p>\n<div class=\"btn_product\"><a class=\"btn_short_pdf elementor-align-justify elementor-button\" role=\"button\" href=\"https:\/\/acosgraf.com\/wp-content\/uploads\/2019\/10\/OYO-TECHSTYLER-fr.pdf\"><i class=\"far fa-file-pdf\" aria-hidden=\"true\"><\/i> <span class=\"txt_btn_pdf\">T\u00c9L\u00c9CHARGER LE PDF<\/span><\/a><\/div>\n","protected":false},"featured_media":2962,"template":"","meta":[],"product_cat":[177,172],"product_tag":[],"class_list":["post-4335","product","type-product","status-publish","has-post-thumbnail","hentry","product_cat-criacao-de-fotolitos-fr","product_cat-serigraphie"],"_links":{"self":[{"href":"https:\/\/acosgraf.com\/fr\/wp-json\/wp\/v2\/product\/4335","targetHints":{"allow":["GET"]}}],"collection":[{"href":"https:\/\/acosgraf.com\/fr\/wp-json\/wp\/v2\/product"}],"about":[{"href":"https:\/\/acosgraf.com\/fr\/wp-json\/wp\/v2\/types\/product"}],"version-history":[{"count":5,"href":"https:\/\/acosgraf.com\/fr\/wp-json\/wp\/v2\/product\/4335\/revisions"}],"predecessor-version":[{"id":4342,"href":"https:\/\/acosgraf.com\/fr\/wp-json\/wp\/v2\/product\/4335\/revisions\/4342"}],"wp:featuredmedia":[{"embeddable":true,"href":"https:\/\/acosgraf.com\/fr\/wp-json\/wp\/v2\/media\/2962"}],"wp:attachment":[{"href":"https:\/\/acosgraf.com\/fr\/wp-json\/wp\/v2\/media?parent=4335"}],"wp:term":[{"taxonomy":"product_cat","embeddable":true,"href":"https:\/\/acosgraf.com\/fr\/wp-json\/wp\/v2\/product_cat?post=4335"},{"taxonomy":"product_tag","embeddable":true,"href":"https:\/\/acosgraf.com\/fr\/wp-json\/wp\/v2\/product_tag?post=4335"}],"curies":[{"name":"wp","href":"https:\/\/api.w.org\/{rel}","templated":true}]}}