
{"id":4343,"date":"2019-10-10T16:25:44","date_gmt":"2019-10-10T16:25:44","guid":{"rendered":"https:\/\/acosgraf.com\/produto\/liberator\/"},"modified":"2019-10-18T09:58:29","modified_gmt":"2019-10-18T09:58:29","slug":"liberator","status":"publish","type":"product","link":"https:\/\/acosgraf.com\/fr\/produto\/liberator\/","title":{"rendered":"OYO LIBERATOR"},"content":{"rendered":"<table class=\"tbl-products\">\n<tbody>\n<tr>\n<th>OYO LIBERATOR<\/th>\n<th style=\"text-align:center;\">Unidades<\/th>\n<th>OYO LIB 45<\/th>\n<th>OYO LIB 71<\/th>\n<th>OYO LIB 91<\/th>\n<th>OYO LIB 106<\/th>\n<th>OYO LIB 136<\/th>\n<\/tr>\n<tr>\n<td>Largura do rolo do filme<\/td>\n<td style=\"text-align:center;\">Cm<\/td>\n<td style=\"text-align:center;\">46,35<\/td>\n<td style=\"text-align:center;\">72,4<\/td>\n<td style=\"text-align:center;\">91,44<\/td>\n<td style=\"text-align:center;\">106,68<\/td>\n<td style=\"text-align:center;\">137,16<\/td>\n<\/tr>\n<tr>\n<td>Resolu\u00e7\u00e3o m\u00e1xima do fotolito<\/td>\n<td style=\"text-align:center;\">dpi<\/td>\n<td style=\"text-align:center;\">1200&#215;1200<\/td>\n<td style=\"text-align:center;\">1200&#215;1200<\/td>\n<td style=\"text-align:center;\">1200&#215;1200<\/td>\n<td style=\"text-align:center;\">1200&#215;1200<\/td>\n<td style=\"text-align:center;\">1200&#215;1200<\/td>\n<\/tr>\n<tr>\n<td>Largura m\u00e1xima do folotito<\/td>\n<td style=\"text-align:center;\">Cm<\/td>\n<td style=\"text-align:center;\">45,52<\/td>\n<td style=\"text-align:center;\">71,53<\/td>\n<td style=\"text-align:center;\">91,04<\/td>\n<td style=\"text-align:center;\">106,20<\/td>\n<td style=\"text-align:center;\">136,55<\/td>\n<\/tr>\n<tr>\n<td>Velocidade m\u00e1xima de impress\u00e3o \u00e0 resolu\u00e7\u00e3o m\u00e1xima<\/td>\n<td style=\"text-align:center;\">mm\/min<\/td>\n<td style=\"text-align:center;\">78<\/td>\n<td style=\"text-align:center;\">78<\/td>\n<td style=\"text-align:center;\">78<\/td>\n<td style=\"text-align:center;\">78<\/td>\n<td style=\"text-align:center;\">78<\/td>\n<\/tr>\n<tr>\n<td>Profondeur<\/td>\n<td style=\"text-align:center;\">Cm<\/td>\n<td style=\"text-align:center;\">53,3<\/td>\n<td style=\"text-align:center;\">53,3<\/td>\n<td style=\"text-align:center;\">53,3<\/td>\n<td style=\"text-align:center;\">53,3<\/td>\n<td style=\"text-align:center;\">53,3<\/td>\n<\/tr>\n<tr>\n<td>Larguer<\/td>\n<td style=\"text-align:center;\">Cm<\/td>\n<td style=\"text-align:center;\">73,7<\/td>\n<td style=\"text-align:center;\">95,3<\/td>\n<td style=\"text-align:center;\">114<\/td>\n<td style=\"text-align:center;\">135<\/td>\n<td style=\"text-align:center;\">160<\/td>\n<\/tr>\n<tr>\n<td>Hauteur<\/td>\n<td style=\"text-align:center;\">Cm<\/td>\n<td style=\"text-align:center;\">27,9<\/td>\n<td style=\"text-align:center;\">27,9<\/td>\n<td style=\"text-align:center;\">27,9<\/td>\n<td style=\"text-align:center;\">27,9<\/td>\n<td style=\"text-align:center;\">27,9<\/td>\n<\/tr>\n<tr>\n<td>Poids<\/td>\n<td style=\"text-align:center;\">Kg<\/td>\n<td style=\"text-align:center;\">50<\/td>\n<td style=\"text-align:center;\">59<\/td>\n<td style=\"text-align:center;\">70<\/td>\n<td style=\"text-align:center;\">84<\/td>\n<td style=\"text-align:center;\">105<\/td>\n<\/tr>\n<tr>\n<td>Tension<\/td>\n<td style=\"text-align:center;\">V<\/td>\n<td style=\"text-align:center;\">230\/50<\/td>\n<td style=\"text-align:center;\">230\/50<\/td>\n<td style=\"text-align:center;\">230\/50<\/td>\n<td style=\"text-align:center;\">230\/50<\/td>\n<td style=\"text-align:center;\">230\/50<\/td>\n<\/tr>\n<\/tbody>\n<\/table>\n","protected":false},"excerpt":{"rendered":"<div class=\"btn_product\"><a class=\"btn_short_pdf elementor-align-justify elementor-button\" role=\"button\" href=\"https:\/\/acosgraf.com\/wp-content\/uploads\/2019\/10\/OYO-LIBERATOR-fr.pdf\"><i class=\"far fa-file-pdf\" aria-hidden=\"true\"><\/i> <span class=\"txt_btn_pdf\">T\u00c9L\u00c9CHARGER LE PDF<\/span><\/a><\/div>\n","protected":false},"featured_media":3007,"template":"","meta":[],"product_cat":[177,172],"product_tag":[],"class_list":["post-4343","product","type-product","status-publish","has-post-thumbnail","hentry","product_cat-criacao-de-fotolitos-fr","product_cat-serigraphie"],"_links":{"self":[{"href":"https:\/\/acosgraf.com\/fr\/wp-json\/wp\/v2\/product\/4343","targetHints":{"allow":["GET"]}}],"collection":[{"href":"https:\/\/acosgraf.com\/fr\/wp-json\/wp\/v2\/product"}],"about":[{"href":"https:\/\/acosgraf.com\/fr\/wp-json\/wp\/v2\/types\/product"}],"version-history":[{"count":2,"href":"https:\/\/acosgraf.com\/fr\/wp-json\/wp\/v2\/product\/4343\/revisions"}],"predecessor-version":[{"id":4345,"href":"https:\/\/acosgraf.com\/fr\/wp-json\/wp\/v2\/product\/4343\/revisions\/4345"}],"wp:featuredmedia":[{"embeddable":true,"href":"https:\/\/acosgraf.com\/fr\/wp-json\/wp\/v2\/media\/3007"}],"wp:attachment":[{"href":"https:\/\/acosgraf.com\/fr\/wp-json\/wp\/v2\/media?parent=4343"}],"wp:term":[{"taxonomy":"product_cat","embeddable":true,"href":"https:\/\/acosgraf.com\/fr\/wp-json\/wp\/v2\/product_cat?post=4343"},{"taxonomy":"product_tag","embeddable":true,"href":"https:\/\/acosgraf.com\/fr\/wp-json\/wp\/v2\/product_tag?post=4343"}],"curies":[{"name":"wp","href":"https:\/\/api.w.org\/{rel}","templated":true}]}}