
{"id":4349,"date":"2019-10-10T16:25:44","date_gmt":"2019-10-10T16:25:44","guid":{"rendered":"https:\/\/acosgraf.com\/produto\/tornado\/"},"modified":"2023-07-18T11:49:05","modified_gmt":"2023-07-18T10:49:05","slug":"tornado","status":"publish","type":"product","link":"https:\/\/acosgraf.com\/fr\/produto\/tornado\/","title":{"rendered":"TORNADO"},"content":{"rendered":"\t\t<div data-elementor-type=\"product-post\" data-elementor-id=\"4349\" class=\"elementor elementor-4349\" data-elementor-post-type=\"product\">\n\t\t\t\t\t\t<section class=\"elementor-section elementor-top-section elementor-element elementor-element-2c35ea4d elementor-section-boxed elementor-section-height-default elementor-section-height-default\" data-id=\"2c35ea4d\" data-element_type=\"section\" data-e-type=\"section\">\n\t\t\t\t\t\t<div class=\"elementor-container elementor-column-gap-default\">\n\t\t\t\t\t<div class=\"elementor-column elementor-col-100 elementor-top-column elementor-element elementor-element-11dbc4f1\" data-id=\"11dbc4f1\" data-element_type=\"column\" data-e-type=\"column\">\n\t\t\t<div class=\"elementor-widget-wrap elementor-element-populated\">\n\t\t\t\t\t\t<div class=\"elementor-element elementor-element-74392456 elementor-widget elementor-widget-text-editor\" data-id=\"74392456\" data-element_type=\"widget\" data-e-type=\"widget\" data-widget_type=\"text-editor.default\">\n\t\t\t\t<div class=\"elementor-widget-container\">\n\t\t\t\t\t\t\t\t\t<p><div style=\"width: 640px;\" class=\"wp-video\"><!--[if lt IE 9]><script>document.createElement('video');<\/script><![endif]-->\n<video class=\"wp-video-shortcode\" id=\"video-4349-1\" width=\"640\" height=\"362\" preload=\"metadata\" controls=\"controls\"><source type=\"video\/mp4\" src=\"https:\/\/acosgraf.com\/wp-content\/uploads\/2023\/07\/video-tornado.mp4?_=1\" \/><a href=\"https:\/\/acosgraf.com\/wp-content\/uploads\/2023\/07\/video-tornado.mp4\">https:\/\/acosgraf.com\/wp-content\/uploads\/2023\/07\/video-tornado.mp4<\/a><\/video><\/div><\/p><ul><li>\u00c9CRAN TACTILE couleur 7 pouces<\/li><li>Enduction des deux faces simultan\u00e9ment<\/li><li>Possibilit\u00e9 d&#8217;enregistrer jusqu&#8217;\u00e0 10 programmes enti\u00e8rement personnalis\u00e9s ;<\/li><li>Racles d&#8217;\u00e9mulsion en profil\u00e9 d&#8217;aluminium pour une application parfaite de l&#8217;\u00e9mulsion ;<\/li><li>Tol\u00e9rance d&#8217;\u00e9paisseur d&#8217;\u00e9mulsion + \u2013 1 micron ;<\/li><li>Barre de r\u00e9glage de la taille de l&#8217;\u00e9cran d\u00e9plac\u00e9e par un servomoteur ;<\/li><li>Position de chargement de les racles position sp\u00e9ciale pour assurer le confort de l&#8217;op\u00e9rateur ;<\/li><li>Racles d&#8217;\u00e9mulsion\u00a0avec r\u00e9glage individuel de la pression ;<\/li><li>Possibilit\u00e9 d&#8217;appliquer partiellement l&#8217;\u00e9mulsion sur n&#8217;importe quelle section du cadre pour \u00e9conomiser l&#8217;\u00e9mulsion ;<\/li><li>\u00c9quip\u00e9 de s\u00e9rie de la p\u00e9dale START\/STOP et de l&#8217;ouverture et de la fermeture du cadre<\/li><\/ul><table class=\"tbl-products\"><tbody><tr><th>TORNADO<\/th><th style=\"text-align: center;\">Uni<\/th><th>T 1008<\/th><th>T 1010<\/th><th>T 1210<\/th><th>T 1515<\/th><th>T 2620<\/th><\/tr><tr><td>Dimension maximum de \u00e9crans (hauteur*larguer)<\/td><td style=\"text-align: center;\">Cm<\/td><td style=\"text-align: center;\">100&#215;80<\/td><td style=\"text-align: center;\">100&#215;100<\/td><td style=\"text-align: center;\">120&#215;100<\/td><td style=\"text-align: center;\">150&#215;150<\/td><td style=\"text-align: center;\">260&#215;200<\/td><\/tr><tr><td>Puissance install\u00e9<\/td><td style=\"text-align: center;\">Kw<\/td><td style=\"text-align: center;\">1<\/td><td style=\"text-align: center;\">1<\/td><td style=\"text-align: center;\">1<\/td><td style=\"text-align: center;\">1<\/td><td style=\"text-align: center;\">1<\/td><\/tr><tr><td>Profondeur<\/td><td style=\"text-align: center;\">Cm<\/td><td style=\"text-align: center;\">60<\/td><td style=\"text-align: center;\">60<\/td><td style=\"text-align: center;\">60<\/td><td style=\"text-align: center;\">60<\/td><td style=\"text-align: center;\">60<\/td><\/tr><tr><td>Larguer<\/td><td style=\"text-align: center;\">Cm<\/td><td style=\"text-align: center;\">\u00a0195<\/td><td style=\"text-align: center;\">\u00a0<\/td><td style=\"text-align: center;\">235<\/td><td style=\"text-align: center;\">265\u00a0<\/td><td style=\"text-align: center;\">335<\/td><\/tr><tr><td>Hauteur<\/td><td style=\"text-align: center;\">Cm<\/td><td style=\"text-align: center;\">\u00a0195<\/td><td style=\"text-align: center;\">\u00a0<\/td><td style=\"text-align: center;\">215<\/td><td style=\"text-align: center;\">245\u00a0<\/td><td style=\"text-align: center;\">280<\/td><\/tr><tr><td>Peso liquido<\/td><td style=\"text-align: center;\">Kg<\/td><td style=\"text-align: center;\">\u00a0<\/td><td style=\"text-align: center;\">\u00a0<\/td><td style=\"text-align: center;\">350<\/td><td style=\"text-align: center;\">\u00a0<\/td><td style=\"text-align: center;\">750<\/td><\/tr><tr><td>Voltage<\/td><td style=\"text-align: center;\">V<\/td><td style=\"text-align: center;\">230<\/td><td style=\"text-align: center;\">230<\/td><td style=\"text-align: center;\">230<\/td><td style=\"text-align: center;\">230<\/td><td style=\"text-align: center;\">230<\/td><\/tr><tr><td>Dimension de envoie (larg.*prof.*haut.)<\/td><td style=\"text-align: center;\">Cm<\/td><td style=\"text-align: center;\">\u00a0<\/td><td style=\"text-align: center;\">\u00a0<\/td><td style=\"text-align: center;\">230*80*235<\/td><td style=\"text-align: center;\">\u00a0<\/td><td style=\"text-align: center;\">\u00a0<\/td><\/tr><\/tbody><\/table>\t\t\t\t\t\t\t\t<\/div>\n\t\t\t\t<\/div>\n\t\t\t\t\t<\/div>\n\t\t<\/div>\n\t\t\t\t\t<\/div>\n\t\t<\/section>\n\t\t\t\t<\/div>\n\t\t","protected":false},"excerpt":{"rendered":"<p>Le TORNADO ce une machine d\u2019enduction pour \u00e9cran de s\u00e9rigraphie assure d\u2019enduire les deux faces de l\u2019\u00e9cran simultan\u00e9ment automatique des \u00e9crans de s\u00e9rigraphie avec une \u00e9mulsion photosensible.<\/p>\n","protected":false},"featured_media":11030,"template":"","meta":[],"product_cat":[176,172],"product_tag":[],"class_list":["post-4349","product","type-product","status-publish","has-post-thumbnail","hentry","product_cat-aplicador-de-emulsao-automatico-fr","product_cat-serigraphie"],"_links":{"self":[{"href":"https:\/\/acosgraf.com\/fr\/wp-json\/wp\/v2\/product\/4349","targetHints":{"allow":["GET"]}}],"collection":[{"href":"https:\/\/acosgraf.com\/fr\/wp-json\/wp\/v2\/product"}],"about":[{"href":"https:\/\/acosgraf.com\/fr\/wp-json\/wp\/v2\/types\/product"}],"version-history":[{"count":10,"href":"https:\/\/acosgraf.com\/fr\/wp-json\/wp\/v2\/product\/4349\/revisions"}],"predecessor-version":[{"id":11562,"href":"https:\/\/acosgraf.com\/fr\/wp-json\/wp\/v2\/product\/4349\/revisions\/11562"}],"wp:featuredmedia":[{"embeddable":true,"href":"https:\/\/acosgraf.com\/fr\/wp-json\/wp\/v2\/media\/11030"}],"wp:attachment":[{"href":"https:\/\/acosgraf.com\/fr\/wp-json\/wp\/v2\/media?parent=4349"}],"wp:term":[{"taxonomy":"product_cat","embeddable":true,"href":"https:\/\/acosgraf.com\/fr\/wp-json\/wp\/v2\/product_cat?post=4349"},{"taxonomy":"product_tag","embeddable":true,"href":"https:\/\/acosgraf.com\/fr\/wp-json\/wp\/v2\/product_tag?post=4349"}],"curies":[{"name":"wp","href":"https:\/\/api.w.org\/{rel}","templated":true}]}}