
{"id":4361,"date":"2019-10-10T16:25:44","date_gmt":"2019-10-10T16:25:44","guid":{"rendered":"https:\/\/acosgraf.com\/produto\/max-streech\/"},"modified":"2020-11-22T17:56:28","modified_gmt":"2020-11-22T17:56:28","slug":"max-stretch","status":"publish","type":"product","link":"https:\/\/acosgraf.com\/fr\/produto\/max-stretch\/","title":{"rendered":"MAX STRETCH"},"content":{"rendered":"\t\t<div data-elementor-type=\"product-post\" data-elementor-id=\"4361\" class=\"elementor elementor-4361\" data-elementor-post-type=\"product\">\n\t\t\t\t\t\t<section class=\"elementor-section elementor-top-section elementor-element elementor-element-6488e5cf elementor-section-boxed elementor-section-height-default elementor-section-height-default\" data-id=\"6488e5cf\" data-element_type=\"section\" data-e-type=\"section\">\n\t\t\t\t\t\t<div class=\"elementor-container elementor-column-gap-default\">\n\t\t\t\t\t<div class=\"elementor-column elementor-col-100 elementor-top-column elementor-element elementor-element-7c3ba456\" data-id=\"7c3ba456\" data-element_type=\"column\" data-e-type=\"column\">\n\t\t\t<div class=\"elementor-widget-wrap elementor-element-populated\">\n\t\t\t\t\t\t<div class=\"elementor-element elementor-element-685bb8bf elementor-widget elementor-widget-text-editor\" data-id=\"685bb8bf\" data-element_type=\"widget\" data-e-type=\"widget\" data-widget_type=\"text-editor.default\">\n\t\t\t\t<div class=\"elementor-widget-container\">\n\t\t\t\t\t\t\t\t\t<ul>\n<li>La solution plus simple et \u00e9conomique idealle pour les petits utilisateurs;<\/li>\n<li>Simple \u00e0 utiliser et id\u00e9al pour une utilisation en petites s\u00e9ries;<\/li>\n<li>Ajustement \u00e0 diff\u00e9rentes tailles de cadre sans utiliser d&#8217;outil;<\/li>\n<li>Pinces de tensions con\u00e7ues pour r\u00e9sister \u00e0 une valeur de tension \u00e9lev\u00e9e;<\/li>\n<li>Ajustment precise duvaleur de tension ;<\/li>\n<li>Possibilit\u00e9 d&#8217;ajuster la hauteur du cadre poru avoir une bonne contact avec la maille;<\/li>\n<\/ul>\n<table class=\"tbl-products\">\n<tbody>\n<tr>\n<th>MAX STRETCH<\/th>\n<th style=\"text-align: center;\">Unites<\/th>\n<th>MAX ST 0808<\/th>\n<th>MAX ST 1010<\/th>\n<th>MAX ST 1210<\/th>\n<th>MAX ST 1216<\/th>\n<\/tr>\n<tr>\n<td>Dimension maxium de tension<\/td>\n<td style=\"text-align: center;\">Cm<\/td>\n<td style=\"text-align: center;\">80&#215;80<\/td>\n<td style=\"text-align: center;\">100&#215;100<\/td>\n<td style=\"text-align: center;\">120&#215;100<\/td>\n<td style=\"text-align: center;\">120&#215;160<\/td>\n<\/tr>\n<tr>\n<td>Distance de mouvement de tension<\/td>\n<td style=\"text-align: center;\">mm<\/td>\n<td style=\"text-align: center;\">10<\/td>\n<td style=\"text-align: center;\">10<\/td>\n<td style=\"text-align: center;\">10<\/td>\n<td style=\"text-align: center;\">10<\/td>\n<\/tr>\n<tr>\n<td>Hauteur de \u00e9crans \u00e0 tensionais<\/td>\n<td style=\"text-align: center;\">Cm<\/td>\n<td style=\"text-align: center;\">20 a 55<\/td>\n<td style=\"text-align: center;\">20 a 55<\/td>\n<td style=\"text-align: center;\">20 a 55<\/td>\n<td style=\"text-align: center;\">20 a 55<\/td>\n<\/tr>\n<tr>\n<td>Tension maximum<\/td>\n<td style=\"text-align: center;\">N<\/td>\n<td style=\"text-align: center;\">0 to 30<\/td>\n<td style=\"text-align: center;\">0 to 30<\/td>\n<td style=\"text-align: center;\">0 to 30<\/td>\n<td style=\"text-align: center;\">0 to 30<\/td>\n<\/tr>\n<\/tbody>\n<\/table>\t\t\t\t\t\t\t\t<\/div>\n\t\t\t\t<\/div>\n\t\t\t\t\t<\/div>\n\t\t<\/div>\n\t\t\t\t\t<\/div>\n\t\t<\/section>\n\t\t\t\t<\/div>\n\t\t","protected":false},"excerpt":{"rendered":"<p>Le MAX STRETCH est un tendeur manuel compos\u00e9 de 4 barres avec pinces. Le MAX STRETCH est id\u00e9al pour une utilisation en petites s\u00e9ries et est tr\u00e8s simple \u00e0 utiliser. Le MAX STRETCH s&#8217;adapte \u00e0 n&#8217;importe quelle taille de cadre avec un simple mouvement des barres et aucun outil n&#8217;est n\u00e9cessaire pour effectuer cette op\u00e9ration.<\/p>\n","protected":false},"featured_media":3060,"template":"","meta":[],"product_cat":[172,181],"product_tag":[],"class_list":["post-4361","product","type-product","status-publish","has-post-thumbnail","hentry","product_cat-serigraphie","product_cat-esticador-de-malha-para-quadros-de-serigrafia-fr"],"_links":{"self":[{"href":"https:\/\/acosgraf.com\/fr\/wp-json\/wp\/v2\/product\/4361","targetHints":{"allow":["GET"]}}],"collection":[{"href":"https:\/\/acosgraf.com\/fr\/wp-json\/wp\/v2\/product"}],"about":[{"href":"https:\/\/acosgraf.com\/fr\/wp-json\/wp\/v2\/types\/product"}],"version-history":[{"count":5,"href":"https:\/\/acosgraf.com\/fr\/wp-json\/wp\/v2\/product\/4361\/revisions"}],"predecessor-version":[{"id":8814,"href":"https:\/\/acosgraf.com\/fr\/wp-json\/wp\/v2\/product\/4361\/revisions\/8814"}],"wp:featuredmedia":[{"embeddable":true,"href":"https:\/\/acosgraf.com\/fr\/wp-json\/wp\/v2\/media\/3060"}],"wp:attachment":[{"href":"https:\/\/acosgraf.com\/fr\/wp-json\/wp\/v2\/media?parent=4361"}],"wp:term":[{"taxonomy":"product_cat","embeddable":true,"href":"https:\/\/acosgraf.com\/fr\/wp-json\/wp\/v2\/product_cat?post=4361"},{"taxonomy":"product_tag","embeddable":true,"href":"https:\/\/acosgraf.com\/fr\/wp-json\/wp\/v2\/product_tag?post=4361"}],"curies":[{"name":"wp","href":"https:\/\/api.w.org\/{rel}","templated":true}]}}