
{"id":4370,"date":"2019-10-10T16:25:44","date_gmt":"2019-10-10T16:25:44","guid":{"rendered":"https:\/\/acosgraf.com\/produto\/bacprint\/"},"modified":"2021-05-04T11:07:17","modified_gmt":"2021-05-04T11:07:17","slug":"bacprint","status":"publish","type":"product","link":"https:\/\/acosgraf.com\/fr\/produto\/bacprint\/","title":{"rendered":"BACPRINT"},"content":{"rendered":"\t\t<div data-elementor-type=\"product-post\" data-elementor-id=\"4370\" class=\"elementor elementor-4370\" data-elementor-post-type=\"product\">\n\t\t\t\t\t\t<section class=\"elementor-section elementor-top-section elementor-element elementor-element-7c7c2fd2 elementor-section-boxed elementor-section-height-default elementor-section-height-default\" data-id=\"7c7c2fd2\" data-element_type=\"section\" data-e-type=\"section\">\n\t\t\t\t\t\t<div class=\"elementor-container elementor-column-gap-default\">\n\t\t\t\t\t<div class=\"elementor-column elementor-col-100 elementor-top-column elementor-element elementor-element-460b980d\" data-id=\"460b980d\" data-element_type=\"column\" data-e-type=\"column\">\n\t\t\t<div class=\"elementor-widget-wrap elementor-element-populated\">\n\t\t\t\t\t\t<div class=\"elementor-element elementor-element-5815176c elementor-widget elementor-widget-text-editor\" data-id=\"5815176c\" data-element_type=\"widget\" data-e-type=\"widget\" data-widget_type=\"text-editor.default\">\n\t\t\t\t<div class=\"elementor-widget-container\">\n\t\t\t\t\t\t\t\t\t<ul>\n \t<li>Enti\u00e8rement fabriquais en acier inoxydable;<\/li>\n \t<li>Bo\u00eete de lumi\u00e8re derriere pour l&#8217;aide de la r\u00e9v\u00e9lation des cadres de s\u00e9rigraphie;<\/li>\n \t<li>Rail d&#8217;inclinaison de cadre avec 3 niveaux de hauteur (option);<\/li>\n<li> Port en PVC transparent pour la protection des operateurs (option);<\/li>\n <li>Syst\u00e8me de d\u00e9cantation d&#8217;eau sale avec 3 niveaux pour \u00e9liminer les particules solides (option);<\/li>\n<li>Machine haute pression pour aider dans la degravage du cadre de serigraphie (option);<\/li>\n<\/ul>\n<table class=\"tbl-products\">\n<tbody>\n<tr>\n<th>BACPRINT<\/th>\n<th style=\"text-align: center;\">Uni<\/th>\n<th>BAC D 0710<\/th>\n<th>BAC 1013<\/th>\n<th>BAC 1316<\/th>\n<\/tr>\n<tr>\n<td>Dimension ext\u00e9rieur maximum du cadre<\/td>\n<td style=\"text-align: center;\">Cm<\/td>\n<td style=\"text-align: center;\">70 x 100<\/td>\n<td style=\"text-align: center;\">100 x 130<\/td>\n<td style=\"text-align: center;\">130 x 160<\/td>\n<\/tr>\n<tr>\n<td>Profondeur<\/td>\n<td style=\"text-align: center;\">Cm<\/td>\n<td style=\"text-align: center;\">92<\/td>\n<td style=\"text-align: center;\">92<\/td>\n<td style=\"text-align: center;\">92<\/td>\n<\/tr>\n<tr>\n<td>Larguer<\/td>\n<td style=\"text-align: center;\">Cm<\/td>\n<td style=\"text-align: center;\">112<\/td>\n<td style=\"text-align: center;\">140<\/td>\n<td style=\"text-align: center;\">176<\/td>\n<\/tr>\n<tr>\n<td>Hauteur<\/td>\n<td style=\"text-align: center;\">Cm<\/td>\n<td style=\"text-align: center;\">177<\/td>\n<td style=\"text-align: center;\">170<\/td>\n<td style=\"text-align: center;\">217<\/td>\n<\/tr>\n<tr>\n<td>Poids<\/td>\n<td style=\"text-align: center;\">Kg<\/td>\n<td style=\"text-align: center;\">70<\/td>\n<td style=\"text-align: center;\">80<\/td>\n<td style=\"text-align: center;\">160<\/td>\n<\/tr>\n<tr>\n<td>Voltage<\/td>\n<td style=\"text-align: center;\">V<\/td>\n<td style=\"text-align: center;\">230 \/ 50<\/td>\n<td style=\"text-align: center;\">230 \/ 50<\/td>\n<td style=\"text-align: center;\">230 \/ 50<\/td>\n<\/tr>\n<tr>\n<td>Dimension de envoie (larg.*prof.*haut.)<\/td>\n<td style=\"text-align: center;\">Cm<\/td>\n<td style=\"text-align: center;\"><\/td>\n<td style=\"text-align: center;\"><\/td>\n<td style=\"text-align: center;\">190*105*230<\/td>\n<\/tr>\n<\/tbody>\n<\/table>\t\t\t\t\t\t\t\t<\/div>\n\t\t\t\t<\/div>\n\t\t\t\t\t<\/div>\n\t\t<\/div>\n\t\t\t\t\t<\/div>\n\t\t<\/section>\n\t\t\t\t<\/div>\n\t\t","protected":false},"excerpt":{"rendered":"<p>Le BACPRINT est un bac de nettoyage pour les \u00e9crans de s\u00e9rigraphie et est \u00e9quip\u00e9e avec lumi\u00e8re derri\u00e8re pour aide dans la nettoyage et ouverture des \u00e9crans. Le BACPRINT cet 100% fabrique en INOX et peut \u00eatre \u00e9quipais avec de porte de protection pour les eaux; support de aide de inclinations de \u00e9crans; circuite fermais de solvant; etc&#8230;<\/p>\n<div class=\"btn_product\"><a class=\"btn_short_pdf elementor-align-justify elementor-button\" role=\"button\" href=\"https:\/\/acosgraf.com\/wp-content\/uploads\/2019\/10\/BACPRINT-fr.pdf\"><i class=\"far fa-file-pdf\" aria-hidden=\"true\"><\/i> <span class=\"txt_btn_pdf\">T\u00c9L\u00c9CHARGER LE PDF<\/span><\/a><\/div>\n","protected":false},"featured_media":9272,"template":"","meta":[],"product_cat":[198,172],"product_tag":[],"class_list":["post-4370","product","type-product","status-publish","has-post-thumbnail","hentry","product_cat-lavagem-e-revelacao-quadro-serigrafia-manual-fr","product_cat-serigraphie"],"_links":{"self":[{"href":"https:\/\/acosgraf.com\/fr\/wp-json\/wp\/v2\/product\/4370","targetHints":{"allow":["GET"]}}],"collection":[{"href":"https:\/\/acosgraf.com\/fr\/wp-json\/wp\/v2\/product"}],"about":[{"href":"https:\/\/acosgraf.com\/fr\/wp-json\/wp\/v2\/types\/product"}],"version-history":[{"count":5,"href":"https:\/\/acosgraf.com\/fr\/wp-json\/wp\/v2\/product\/4370\/revisions"}],"predecessor-version":[{"id":9681,"href":"https:\/\/acosgraf.com\/fr\/wp-json\/wp\/v2\/product\/4370\/revisions\/9681"}],"wp:featuredmedia":[{"embeddable":true,"href":"https:\/\/acosgraf.com\/fr\/wp-json\/wp\/v2\/media\/9272"}],"wp:attachment":[{"href":"https:\/\/acosgraf.com\/fr\/wp-json\/wp\/v2\/media?parent=4370"}],"wp:term":[{"taxonomy":"product_cat","embeddable":true,"href":"https:\/\/acosgraf.com\/fr\/wp-json\/wp\/v2\/product_cat?post=4370"},{"taxonomy":"product_tag","embeddable":true,"href":"https:\/\/acosgraf.com\/fr\/wp-json\/wp\/v2\/product_tag?post=4370"}],"curies":[{"name":"wp","href":"https:\/\/api.w.org\/{rel}","templated":true}]}}