
{"id":4373,"date":"2019-10-10T16:25:44","date_gmt":"2019-10-10T16:25:44","guid":{"rendered":"https:\/\/acosgraf.com\/produto\/bacprint-dual\/"},"modified":"2021-04-17T11:23:36","modified_gmt":"2021-04-17T11:23:36","slug":"bacprint-dual","status":"publish","type":"product","link":"https:\/\/acosgraf.com\/fr\/produto\/bacprint-dual\/","title":{"rendered":"BACPRINT DUAL"},"content":{"rendered":"\t\t<div data-elementor-type=\"product-post\" data-elementor-id=\"4373\" class=\"elementor elementor-4373\" data-elementor-post-type=\"product\">\n\t\t\t\t\t\t<section class=\"elementor-section elementor-top-section elementor-element elementor-element-177c9d02 elementor-section-boxed elementor-section-height-default elementor-section-height-default\" data-id=\"177c9d02\" data-element_type=\"section\" data-e-type=\"section\">\n\t\t\t\t\t\t<div class=\"elementor-container elementor-column-gap-default\">\n\t\t\t\t\t<div class=\"elementor-column elementor-col-100 elementor-top-column elementor-element elementor-element-1ed855f2\" data-id=\"1ed855f2\" data-element_type=\"column\" data-e-type=\"column\">\n\t\t\t<div class=\"elementor-widget-wrap elementor-element-populated\">\n\t\t\t\t\t\t<div class=\"elementor-element elementor-element-2447098f elementor-widget elementor-widget-text-editor\" data-id=\"2447098f\" data-element_type=\"widget\" data-e-type=\"widget\" data-widget_type=\"text-editor.default\">\n\t\t\t\t<div class=\"elementor-widget-container\">\n\t\t\t\t\t\t\t\t\t<ul><li>Construction modulaire en acier inoxydable;<\/li><li>Decantacion de solvant avec 3 niveaux;<\/li><li>2 pompes pneumatiques pour la non-contamination des solvants propres;<\/li><li>Support de \u00e9cran avec la possibilit\u00e9 d&#8217;ajustement inclination;<\/li><li>Pr\u00e9parais pour l&#8217;application de ventilateur pour aspiration de vapeurs toxiques;<\/li><li>D\u00e9posit de solvants propres independant;<\/li><li>Pompe de solvant avec manometre de indication de pression;<\/li><li>Possibilit\u00e9 d&#8217;avoir 2 circuits ind\u00e9pendants d&#8217;effluents: eau et solvants sans contamination crois\u00e9e;<\/li><li>Brosse de solvants avec syst\u00e8me de couleur pour une meilleure identification de solvants propres \/ sales;<\/li><li>D\u00e9p\u00f4ts de solvant avec indication de niveau.;<\/li><\/ul><table class=\"tbl-products\"><tbody><tr><th>BACPRINT DUAL<\/th><th style=\"text-align: center;\">Unit\u00e9s<\/th><th>BACDUAL 0710<\/th><th>BACDUAL 1013<\/th><th>BACDUAL 1316<\/th><th>BACDUAL 15418<\/th><\/tr><tr><td>Dimension ext\u00e9rieur maximum du cadre<\/td><td style=\"text-align: center;\">cm<\/td><td style=\"text-align: center;\">70&#215;100<\/td><td style=\"text-align: center;\">100&#215;130<\/td><td style=\"text-align: center;\">130&#215;160<\/td><td style=\"text-align: center;\">150&#215;180<\/td><\/tr><tr><td>Profondeur<\/td><td style=\"text-align: center;\">Cm<\/td><td style=\"text-align: center;\">95<\/td><td style=\"text-align: center;\">95<\/td><td style=\"text-align: center;\">95<\/td><td style=\"text-align: center;\">95<\/td><\/tr><tr><td>Larguer<\/td><td style=\"text-align: center;\">Cm<\/td><td style=\"text-align: center;\">112<\/td><td style=\"text-align: center;\">146<\/td><td style=\"text-align: center;\">176<\/td><td style=\"text-align: center;\">195<\/td><\/tr><tr><td>Hauteur<\/td><td style=\"text-align: center;\">Cm<\/td><td style=\"text-align: center;\">177<\/td><td style=\"text-align: center;\">207<\/td><td style=\"text-align: center;\">237<\/td><td style=\"text-align: center;\">255<\/td><\/tr><tr><td>Pression de air comprim\u00e9<\/td><td style=\"text-align: center;\">BAR<\/td><td style=\"text-align: center;\">6<\/td><td style=\"text-align: center;\">6<\/td><td style=\"text-align: center;\">6<\/td><td style=\"text-align: center;\">6<\/td><\/tr><tr><td>Poids<\/td><td style=\"text-align: center;\">Kg<\/td><td style=\"text-align: center;\">120<\/td><td style=\"text-align: center;\">160<\/td><td style=\"text-align: center;\">180<\/td><td style=\"text-align: center;\">\u00a0<\/td><\/tr><tr><td>Tension<\/td><td style=\"text-align: center;\">V<\/td><td style=\"text-align: center;\">230<\/td><td style=\"text-align: center;\">230<\/td><td style=\"text-align: center;\">230<\/td><td style=\"text-align: center;\">230<\/td><\/tr><\/tbody><\/table>\t\t\t\t\t\t\t\t<\/div>\n\t\t\t\t<\/div>\n\t\t\t\t\t<\/div>\n\t\t<\/div>\n\t\t\t\t\t<\/div>\n\t\t<\/section>\n\t\t\t\t<\/div>\n\t\t","protected":false},"excerpt":{"rendered":"<p>Le BACPRINT Dual est un bac de nettoyage et d\u00e9veloppement utilis\u00e9 dans l&#8217;industrie de l&#8217;impression de s\u00e9rigraphie. Le BACPRINT DUAL est \u00e9quip\u00e9 d&#8217;une vanne pneumatique pour rendre la s\u00e9paration de l&#8217;eau et du solvant. Le BACPRINT DUAL est \u00e9quip\u00e9 de 2 pompes pneumatiques qui ne m\u00e9langent jamais de solvant sale avec un solvant propre.<\/p>\n<div class=\"btn_product\"><a class=\"btn_short_pdf elementor-align-justify elementor-button\" role=\"button\" href=\"https:\/\/acosgraf.com\/wp-content\/uploads\/2019\/10\/BACPRINT-DUAL-fr.pdf\"><span class=\"txt_btn_pdf\"><br \/>\nT\u00c9L\u00c9CHARGER LE PDF<\/span><\/a><\/div>\n","protected":false},"featured_media":9266,"template":"","meta":[],"product_cat":[198,172],"product_tag":[],"class_list":["post-4373","product","type-product","status-publish","has-post-thumbnail","hentry","product_cat-lavagem-e-revelacao-quadro-serigrafia-manual-fr","product_cat-serigraphie"],"_links":{"self":[{"href":"https:\/\/acosgraf.com\/fr\/wp-json\/wp\/v2\/product\/4373","targetHints":{"allow":["GET"]}}],"collection":[{"href":"https:\/\/acosgraf.com\/fr\/wp-json\/wp\/v2\/product"}],"about":[{"href":"https:\/\/acosgraf.com\/fr\/wp-json\/wp\/v2\/types\/product"}],"version-history":[{"count":5,"href":"https:\/\/acosgraf.com\/fr\/wp-json\/wp\/v2\/product\/4373\/revisions"}],"predecessor-version":[{"id":9615,"href":"https:\/\/acosgraf.com\/fr\/wp-json\/wp\/v2\/product\/4373\/revisions\/9615"}],"wp:featuredmedia":[{"embeddable":true,"href":"https:\/\/acosgraf.com\/fr\/wp-json\/wp\/v2\/media\/9266"}],"wp:attachment":[{"href":"https:\/\/acosgraf.com\/fr\/wp-json\/wp\/v2\/media?parent=4373"}],"wp:term":[{"taxonomy":"product_cat","embeddable":true,"href":"https:\/\/acosgraf.com\/fr\/wp-json\/wp\/v2\/product_cat?post=4373"},{"taxonomy":"product_tag","embeddable":true,"href":"https:\/\/acosgraf.com\/fr\/wp-json\/wp\/v2\/product_tag?post=4373"}],"curies":[{"name":"wp","href":"https:\/\/api.w.org\/{rel}","templated":true}]}}