
{"id":4387,"date":"2019-10-10T16:25:44","date_gmt":"2019-10-10T16:25:44","guid":{"rendered":"https:\/\/acosgraf.com\/produto\/lux-rapid\/"},"modified":"2024-04-30T09:17:19","modified_gmt":"2024-04-30T08:17:19","slug":"lux-rapid","status":"publish","type":"product","link":"https:\/\/acosgraf.com\/fr\/produto\/lux-rapid\/","title":{"rendered":"LUX RAPID"},"content":{"rendered":"\t\t<div data-elementor-type=\"product-post\" data-elementor-id=\"4387\" class=\"elementor elementor-4387\" data-elementor-post-type=\"product\">\n\t\t\t\t\t\t<section class=\"elementor-section elementor-top-section elementor-element elementor-element-174300bf elementor-section-boxed elementor-section-height-default elementor-section-height-default\" data-id=\"174300bf\" data-element_type=\"section\" data-e-type=\"section\">\n\t\t\t\t\t\t<div class=\"elementor-container elementor-column-gap-default\">\n\t\t\t\t\t<div class=\"elementor-column elementor-col-100 elementor-top-column elementor-element elementor-element-5f77c8b7\" data-id=\"5f77c8b7\" data-element_type=\"column\" data-e-type=\"column\">\n\t\t\t<div class=\"elementor-widget-wrap elementor-element-populated\">\n\t\t\t\t\t\t<div class=\"elementor-element elementor-element-44e04f79 elementor-widget elementor-widget-text-editor\" data-id=\"44e04f79\" data-element_type=\"widget\" data-e-type=\"widget\" data-widget_type=\"text-editor.default\">\n\t\t\t\t<div class=\"elementor-widget-container\">\n\t\t\t\t\t\t\t\t\t<ul><li>Source de lumi\u00e8re halog\u00e8ne m\u00e9tallique<\/li><li>Puissance lumineuse : 3000W ou 5000W ;<\/li><li>Equip\u00e9 d&#8217;une source lumineuse \u00e0 d\u00e9marrage rapide (pas besoin de pr\u00e9chauffer la lampe pour commencer le travail) ;<\/li><li>Photocellule pour la lecture de l&#8217;intensit\u00e9 lumineuse et le r\u00e9glage automatique de l&#8217;heure ;<\/li><li>Programmateur num\u00e9rique avec contr\u00f4le du temps d&#8217;exposition ;<\/li><li>Capable de m\u00e9moriser 10\u00a0 programmation diff\u00e9rentes ;<\/li><li>Possibilit\u00e9 d&#8217;\u00e9quiper LUX RAPID d&#8217;un c\u00e2ble de communication entre VERTSCREEN et LUX RAPID pour avoir un fonctionnement d&#8217;exposition enti\u00e8rement automatique;<\/li><li>Equip\u00e9 de roues pour un d\u00e9placement facile et rapide dans un positionnement parfait de la machine ;<\/li><li>Possibilit\u00e9 de r\u00e9glage en hauteur pour obtenir des r\u00e9sultats d&#8217;exposition parfaits.<\/li><\/ul><table class=\"tbl-products\"><tbody><tr><th>LUX RAPID<\/th><th style=\"text-align: center;\">Uni<\/th><th>LUX 3000<\/th><th>LUX 5000<\/th><\/tr><tr><td>Puissance lumineuse<\/td><td style=\"text-align: center;\">W<\/td><td style=\"text-align: center;\">3000<\/td><td style=\"text-align: center;\">5000<\/td><\/tr><tr><td>Puissance install\u00e9<\/td><td style=\"text-align: center;\">W<\/td><td style=\"text-align: center;\">3000<\/td><td style=\"text-align: center;\">5000<\/td><\/tr><tr><td>Poids<\/td><td style=\"text-align: center;\">Kg<\/td><td style=\"text-align: center;\">70<\/td><td style=\"text-align: center;\">90<\/td><\/tr><tr><td>Voltage<\/td><td style=\"text-align: center;\">V<\/td><td style=\"text-align: center;\">3&#215;400<\/td><td style=\"text-align: center;\">3&#215;400<\/td><\/tr><\/tbody><\/table>\t\t\t\t\t\t\t\t<\/div>\n\t\t\t\t<\/div>\n\t\t\t\t\t<\/div>\n\t\t<\/div>\n\t\t\t\t\t<\/div>\n\t\t<\/section>\n\t\t\t\t<\/div>\n\t\t","protected":false},"excerpt":{"rendered":"<p>Le LUX RAPID est une source lumineuse d&#8217;exposition halog\u00e8ne \u00e9quip\u00e9e d&#8217;une lampe QUICK START (pas besoin de pr\u00e9chauffer la lampe). Le LUX RAPID est \u00e9quip\u00e9 de roues pour un d\u00e9placement facile. La hauteur peut \u00eatre ajust\u00e9e selon vos besoins.<\/p>\n","protected":false},"featured_media":2980,"template":"","meta":[],"product_cat":[184,172],"product_tag":[],"class_list":["post-4387","product","type-product","status-publish","has-post-thumbnail","hentry","product_cat-telecharger-le-pdf","product_cat-serigraphie"],"_links":{"self":[{"href":"https:\/\/acosgraf.com\/fr\/wp-json\/wp\/v2\/product\/4387","targetHints":{"allow":["GET"]}}],"collection":[{"href":"https:\/\/acosgraf.com\/fr\/wp-json\/wp\/v2\/product"}],"about":[{"href":"https:\/\/acosgraf.com\/fr\/wp-json\/wp\/v2\/types\/product"}],"version-history":[{"count":11,"href":"https:\/\/acosgraf.com\/fr\/wp-json\/wp\/v2\/product\/4387\/revisions"}],"predecessor-version":[{"id":12245,"href":"https:\/\/acosgraf.com\/fr\/wp-json\/wp\/v2\/product\/4387\/revisions\/12245"}],"wp:featuredmedia":[{"embeddable":true,"href":"https:\/\/acosgraf.com\/fr\/wp-json\/wp\/v2\/media\/2980"}],"wp:attachment":[{"href":"https:\/\/acosgraf.com\/fr\/wp-json\/wp\/v2\/media?parent=4387"}],"wp:term":[{"taxonomy":"product_cat","embeddable":true,"href":"https:\/\/acosgraf.com\/fr\/wp-json\/wp\/v2\/product_cat?post=4387"},{"taxonomy":"product_tag","embeddable":true,"href":"https:\/\/acosgraf.com\/fr\/wp-json\/wp\/v2\/product_tag?post=4387"}],"curies":[{"name":"wp","href":"https:\/\/api.w.org\/{rel}","templated":true}]}}