
{"id":4468,"date":"2019-10-18T10:34:17","date_gmt":"2019-10-18T10:34:17","guid":{"rendered":"https:\/\/acosgraf.com\/produto\/luxmidi-2\/"},"modified":"2022-02-24T10:17:38","modified_gmt":"2022-02-24T10:17:38","slug":"luxmidi","status":"publish","type":"product","link":"https:\/\/acosgraf.com\/fr\/produto\/luxmidi\/","title":{"rendered":"LUXMIDI"},"content":{"rendered":"\t\t<div data-elementor-type=\"product-post\" data-elementor-id=\"4468\" class=\"elementor elementor-4468\" data-elementor-post-type=\"product\">\n\t\t\t\t\t\t<section class=\"elementor-section elementor-top-section elementor-element elementor-element-641916f8 elementor-section-boxed elementor-section-height-default elementor-section-height-default\" data-id=\"641916f8\" data-element_type=\"section\" data-e-type=\"section\">\n\t\t\t\t\t\t<div class=\"elementor-container elementor-column-gap-default\">\n\t\t\t\t\t<div class=\"elementor-column elementor-col-100 elementor-top-column elementor-element elementor-element-53e62d5f\" data-id=\"53e62d5f\" data-element_type=\"column\" data-e-type=\"column\">\n\t\t\t<div class=\"elementor-widget-wrap elementor-element-populated\">\n\t\t\t\t\t\t<div class=\"elementor-element elementor-element-240f0b55 elementor-widget elementor-widget-text-editor\" data-id=\"240f0b55\" data-element_type=\"widget\" data-e-type=\"widget\" data-widget_type=\"text-editor.default\">\n\t\t\t\t<div class=\"elementor-widget-container\">\n\t\t\t\t\t\t\t\t\t<ul><li>Commande avec affichage digitale<\/li><li>Temps d\u2019insolation avec compteur digital<\/li><li>Mise sous vide et insolation automatique<\/li><li>Aspiration silencieuse<\/li><li><span style=\"color: #333333;\">\u00c9quip\u00e9e d\u2019un manom\u00e8tre pour le vide afin d\u2019emp\u00eacher toute ouverture accidentelle des \u00e9crans;<\/span><\/li><li>Insolation par lumi\u00e8re fluorescent UV sp\u00e9cialle pour donne un temps de exposition rapide avec une r\u00e9sultait parfait<\/li><li>Lumi\u00e8re jaune pour pr\u00e9paration<\/li><li>Sauvegarde de 10 programmes<\/li><\/ul><table class=\"tbl-products\"><tbody><tr><th>LUXMIDI<\/th><th style=\"text-align: center;\">Unit\u00e9s<\/th><th>LUX MD 0608<\/th><th>LUX MD 0811<\/th><th>LUX MD 1012<\/th><th>LUX MD 1215<\/th><\/tr><tr><td>Dimension ext\u00e9rieur maximum du cadre<\/td><td style=\"text-align: center;\">cm<\/td><td style=\"text-align: center;\">60&#215;80<\/td><td style=\"text-align: center;\">80&#215;110<\/td><td style=\"text-align: center;\">100&#215;125<\/td><td style=\"text-align: center;\">120&#215;150<\/td><\/tr><tr><td>Puissance de lumiere install\u00e9<\/td><td style=\"text-align: center;\">W<\/td><td style=\"text-align: center;\">300<\/td><td style=\"text-align: center;\">520<\/td><td style=\"text-align: center;\">680<\/td><td style=\"text-align: center;\">1080<\/td><\/tr><tr><td>Larguer<\/td><td style=\"text-align: center;\">Cm<\/td><td style=\"text-align: center;\">96<\/td><td style=\"text-align: center;\">137<\/td><td style=\"text-align: center;\">142<\/td><td style=\"text-align: center;\">170<\/td><\/tr><tr><td>Profondeur<\/td><td style=\"text-align: center;\">Cm<\/td><td style=\"text-align: center;\">105<\/td><td style=\"text-align: center;\">129<\/td><td style=\"text-align: center;\">143<\/td><td style=\"text-align: center;\">166<\/td><\/tr><tr><td>Hauteur<\/td><td style=\"text-align: center;\">Cm<\/td><td style=\"text-align: center;\">30<\/td><td style=\"text-align: center;\">30<\/td><td style=\"text-align: center;\">30<\/td><td style=\"text-align: center;\">30<\/td><\/tr><tr><td>Poids<\/td><td style=\"text-align: center;\">Kg<\/td><td style=\"text-align: center;\">90<\/td><td style=\"text-align: center;\">140<\/td><td style=\"text-align: center;\">\u00a0<\/td><td style=\"text-align: center;\">325<\/td><\/tr><tr><td>Tension<\/td><td style=\"text-align: center;\">V<\/td><td style=\"text-align: center;\">220<\/td><td style=\"text-align: center;\">220<\/td><td style=\"text-align: center;\">220<\/td><td style=\"text-align: center;\">220<\/td><\/tr><tr><td>Dimension de envoie (larg.*prof.*haut.)<\/td><td style=\"text-align: center;\">Cm<\/td><td style=\"text-align: center;\">120*115*50<\/td><td style=\"text-align: center;\">140*135*50<\/td><td style=\"text-align: center;\">\u00a0<\/td><td style=\"text-align: center;\">185*175*50<\/td><\/tr><\/tbody><\/table>\t\t\t\t\t\t\t\t<\/div>\n\t\t\t\t<\/div>\n\t\t\t\t\t<\/div>\n\t\t<\/div>\n\t\t\t\t\t<\/div>\n\t\t<\/section>\n\t\t\t\t<\/div>\n\t\t","protected":false},"excerpt":{"rendered":"<p>La LUXMIDI est une combi de insolation de \u00e9crans de s\u00e9rigraphie. La LUXMIDI est \u00e9quip\u00e9e avec de lumi\u00e8re fluorescent UV sp\u00e9ciale pour donne un temps de exposition rapide avec une r\u00e9sultait parfait.<\/p>\n<div class=\"btn_product\"><a class=\"btn_short_pdf elementor-align-justify elementor-button\" role=\"button\" href=\"https:\/\/acosgraf.com\/wp-content\/uploads\/2019\/10\/LUXMIDI-fr.pdf\"><i class=\"far fa-file-pdf\" aria-hidden=\"true\"><\/i> <span class=\"txt_btn_pdf\">T\u00c9L\u00c9CHARGER LE PDF<\/span><\/a><\/div>\n","protected":false},"featured_media":2852,"template":"","meta":[],"product_cat":[184,172],"product_tag":[],"class_list":["post-4468","product","type-product","status-publish","has-post-thumbnail","hentry","product_cat-telecharger-le-pdf","product_cat-serigraphie"],"_links":{"self":[{"href":"https:\/\/acosgraf.com\/fr\/wp-json\/wp\/v2\/product\/4468","targetHints":{"allow":["GET"]}}],"collection":[{"href":"https:\/\/acosgraf.com\/fr\/wp-json\/wp\/v2\/product"}],"about":[{"href":"https:\/\/acosgraf.com\/fr\/wp-json\/wp\/v2\/types\/product"}],"version-history":[{"count":5,"href":"https:\/\/acosgraf.com\/fr\/wp-json\/wp\/v2\/product\/4468\/revisions"}],"predecessor-version":[{"id":10498,"href":"https:\/\/acosgraf.com\/fr\/wp-json\/wp\/v2\/product\/4468\/revisions\/10498"}],"wp:featuredmedia":[{"embeddable":true,"href":"https:\/\/acosgraf.com\/fr\/wp-json\/wp\/v2\/media\/2852"}],"wp:attachment":[{"href":"https:\/\/acosgraf.com\/fr\/wp-json\/wp\/v2\/media?parent=4468"}],"wp:term":[{"taxonomy":"product_cat","embeddable":true,"href":"https:\/\/acosgraf.com\/fr\/wp-json\/wp\/v2\/product_cat?post=4468"},{"taxonomy":"product_tag","embeddable":true,"href":"https:\/\/acosgraf.com\/fr\/wp-json\/wp\/v2\/product_tag?post=4468"}],"curies":[{"name":"wp","href":"https:\/\/api.w.org\/{rel}","templated":true}]}}