
{"id":4488,"date":"2019-10-18T10:34:17","date_gmt":"2019-10-18T10:34:17","guid":{"rendered":"https:\/\/acosgraf.com\/produto\/luxdryer-2\/"},"modified":"2020-10-08T16:37:07","modified_gmt":"2020-10-08T16:37:07","slug":"luxdryer","status":"publish","type":"product","link":"https:\/\/acosgraf.com\/fr\/produto\/luxdryer\/","title":{"rendered":"LUXDRYER"},"content":{"rendered":"\t\t<div data-elementor-type=\"product-post\" data-elementor-id=\"4488\" class=\"elementor elementor-4488\" data-elementor-post-type=\"product\">\n\t\t\t\t\t\t<section class=\"elementor-section elementor-top-section elementor-element elementor-element-32ed2718 elementor-section-boxed elementor-section-height-default elementor-section-height-default\" data-id=\"32ed2718\" data-element_type=\"section\" data-e-type=\"section\">\n\t\t\t\t\t\t<div class=\"elementor-container elementor-column-gap-default\">\n\t\t\t\t\t<div class=\"elementor-column elementor-col-100 elementor-top-column elementor-element elementor-element-6d1e8583\" data-id=\"6d1e8583\" data-element_type=\"column\" data-e-type=\"column\">\n\t\t\t<div class=\"elementor-widget-wrap elementor-element-populated\">\n\t\t\t\t\t\t<div class=\"elementor-element elementor-element-41155f45 elementor-widget elementor-widget-text-editor\" data-id=\"41155f45\" data-element_type=\"widget\" data-e-type=\"widget\" data-widget_type=\"text-editor.default\">\n\t\t\t\t<div class=\"elementor-widget-container\">\n\t\t\t\t\t\t\t\t\t<ul>\n \t<li>Commande avec affichage digitale<\/li>\n \t<li>Temps d\u2019insolation avec compteur digital<\/li>\n \t<li>Mise sous vide et insolation automatique<\/li>\n \t<li>Aspiration silencieuse<\/li>\n \t<li>Insolation par lumi\u00e8re fluorescent UV sp\u00e9cialle pour donne un temps de exposition rapide avec une r\u00e9sultait parfait<\/li>\n \t<li>Lumi\u00e8re jaune pour pr\u00e9paration<\/li>\n \t<li>Sauvegarde de 10 programmes<\/li>\n \t<li>Thermostat pour le r\u00e9glage de la temp\u00e9rature de s\u00e9chage des \u00e9crans (de 15 \u00e0 50\u00b0 C)<\/li>\n \t<li>4 tiroirs de s\u00e9chage d\u2019\u00e9cran<\/li>\n<\/ul>\n<table class=\"tbl-products\">\n<tbody>\n<tr>\n<th>LUXDRYER<\/th>\n<th style=\"text-align: center;\">Unit\u00e9s<\/th>\n<th>LUX DR 0608<\/th>\n<th>LUX DR 0811<\/th>\n<th>LUX DR 1012<\/th>\n<th>LUX DR 1215<\/th>\n<\/tr>\n<tr>\n<td>Dimension ext\u00e9rieur maximum du cadre<\/td>\n<td style=\"text-align: center;\">cm<\/td>\n<td style=\"text-align: center;\">60 x 80<\/td>\n<td style=\"text-align: center;\">80 x 110<\/td>\n<td style=\"text-align: center;\">100 x 125<\/td>\n<td style=\"text-align: center;\">120 x 150<\/td>\n<\/tr>\n<tr>\n<td>Puissance de lumiere install\u00e9<\/td>\n<td style=\"text-align: center;\">W<\/td>\n<td style=\"text-align: center;\">300<\/td>\n<td style=\"text-align: center;\">520<\/td>\n<td style=\"text-align: center;\">680<\/td>\n<td style=\"text-align: center;\">1080<\/td>\n<\/tr>\n<tr>\n<td>Profondeur<\/td>\n<td style=\"text-align: center;\">Cm<\/td>\n<td style=\"text-align: center;\">86<\/td>\n<td style=\"text-align: center;\">106<\/td>\n<td style=\"text-align: center;\">126<\/td>\n<td style=\"text-align: center;\">146<\/td>\n<\/tr>\n<tr>\n<td>Larguer<\/td>\n<td style=\"text-align: center;\">Cm<\/td>\n<td style=\"text-align: center;\">99<\/td>\n<td style=\"text-align: center;\">135<\/td>\n<td style=\"text-align: center;\">145<\/td>\n<td style=\"text-align: center;\">170<\/td>\n<\/tr>\n<tr>\n<td>Hauteur<\/td>\n<td style=\"text-align: center;\">Cm<\/td>\n<td style=\"text-align: center;\">103<\/td>\n<td style=\"text-align: center;\">103<\/td>\n<td style=\"text-align: center;\">103<\/td>\n<td style=\"text-align: center;\">103<\/td>\n<\/tr>\n<tr>\n<td>Poids<\/td>\n<td style=\"text-align: center;\">Kg<\/td>\n<td style=\"text-align: center;\">150<\/td>\n<td style=\"text-align: center;\">210<\/td>\n<td style=\"text-align: center;\">250<\/td>\n<td style=\"text-align: center;\">350<\/td>\n<\/tr>\n<tr>\n<td>Tension<\/td>\n<td style=\"text-align: center;\">V<\/td>\n<td style=\"text-align: center;\">230 \/ 50<\/td>\n<td style=\"text-align: center;\">230 \/ 50<\/td>\n<td style=\"text-align: center;\">230 \/ 50<\/td>\n<td style=\"text-align: center;\">230 \/ 50<\/td>\n<\/tr>\n<tr>\n<td>Dimension de envoie (larg.*prof.*haut.)<\/td>\n<td style=\"text-align: center;\">Cm<\/td>\n<td style=\"text-align: center;\">120*90*120<\/td>\n<td style=\"text-align: center;\">140*120*120<\/td>\n<td style=\"text-align: center;\">150*130*120<\/td>\n<td style=\"text-align: center;\">180*150*120<\/td>\n<\/tr>\n<\/tbody>\n<\/table>\t\t\t\t\t\t\t\t<\/div>\n\t\t\t\t<\/div>\n\t\t\t\t\t<\/div>\n\t\t<\/div>\n\t\t\t\t\t<\/div>\n\t\t<\/section>\n\t\t\t\t<\/div>\n\t\t","protected":false},"excerpt":{"rendered":"<p>La LUXDRYER est une combi de insolation de \u00e9crans de s\u00e9rigraphie equip\u00e9e avec armoire de sechage de tiroirs. La LUXDRYER est \u00e9quip\u00e9e avec de lumi\u00e8re fluorescent UV sp\u00e9ciale pour donne un temps de exposition rapide avec une r\u00e9sultait parfait. La LUXDRYER ya une armoire de sechage de \u00e9crans avec 4 tirois.<\/p>\n","protected":false},"featured_media":2845,"template":"","meta":[],"product_cat":[184,172],"product_tag":[],"class_list":["post-4488","product","type-product","status-publish","has-post-thumbnail","hentry","product_cat-telecharger-le-pdf","product_cat-serigraphie"],"_links":{"self":[{"href":"https:\/\/acosgraf.com\/fr\/wp-json\/wp\/v2\/product\/4488","targetHints":{"allow":["GET"]}}],"collection":[{"href":"https:\/\/acosgraf.com\/fr\/wp-json\/wp\/v2\/product"}],"about":[{"href":"https:\/\/acosgraf.com\/fr\/wp-json\/wp\/v2\/types\/product"}],"version-history":[{"count":5,"href":"https:\/\/acosgraf.com\/fr\/wp-json\/wp\/v2\/product\/4488\/revisions"}],"predecessor-version":[{"id":8751,"href":"https:\/\/acosgraf.com\/fr\/wp-json\/wp\/v2\/product\/4488\/revisions\/8751"}],"wp:featuredmedia":[{"embeddable":true,"href":"https:\/\/acosgraf.com\/fr\/wp-json\/wp\/v2\/media\/2845"}],"wp:attachment":[{"href":"https:\/\/acosgraf.com\/fr\/wp-json\/wp\/v2\/media?parent=4488"}],"wp:term":[{"taxonomy":"product_cat","embeddable":true,"href":"https:\/\/acosgraf.com\/fr\/wp-json\/wp\/v2\/product_cat?post=4488"},{"taxonomy":"product_tag","embeddable":true,"href":"https:\/\/acosgraf.com\/fr\/wp-json\/wp\/v2\/product_tag?post=4488"}],"curies":[{"name":"wp","href":"https:\/\/api.w.org\/{rel}","templated":true}]}}