
{"id":4495,"date":"2019-10-18T10:34:17","date_gmt":"2019-10-18T10:34:17","guid":{"rendered":"https:\/\/acosgraf.com\/produto\/lux-midi-led-2\/"},"modified":"2020-10-09T13:19:13","modified_gmt":"2020-10-09T13:19:13","slug":"lux-midi-led-2","status":"publish","type":"product","link":"https:\/\/acosgraf.com\/fr\/produto\/lux-midi-led-2\/","title":{"rendered":"LUX MIDI LED"},"content":{"rendered":"\t\t<div data-elementor-type=\"product-post\" data-elementor-id=\"4495\" class=\"elementor elementor-4495\" data-elementor-post-type=\"product\">\n\t\t\t\t\t\t<section class=\"elementor-section elementor-top-section elementor-element elementor-element-555abbd9 elementor-section-boxed elementor-section-height-default elementor-section-height-default\" data-id=\"555abbd9\" data-element_type=\"section\" data-e-type=\"section\">\n\t\t\t\t\t\t<div class=\"elementor-container elementor-column-gap-default\">\n\t\t\t\t\t<div class=\"elementor-column elementor-col-100 elementor-top-column elementor-element elementor-element-128636df\" data-id=\"128636df\" data-element_type=\"column\" data-e-type=\"column\">\n\t\t\t<div class=\"elementor-widget-wrap elementor-element-populated\">\n\t\t\t\t\t\t<div class=\"elementor-element elementor-element-3d4d8fab elementor-widget elementor-widget-text-editor\" data-id=\"3d4d8fab\" data-element_type=\"widget\" data-e-type=\"widget\" data-widget_type=\"text-editor.default\">\n\t\t\t\t<div class=\"elementor-widget-container\">\n\t\t\t\t\t\t\t\t\t<ul>\n<li>\u00c9quip\u00e9 de LED sp\u00e9ciales UV pour avoir une un temps de exposition rapide avec une r\u00e9sultait parfait;<\/li>\n<li>Commande avec affichage digitale;<\/li>\n<li>Temps d\u2019insolation avec compteur digital;&nbsp;<\/li>\n<li>\u00c9quip\u00e9e d\u2019un manom\u00e8tre pour le vide afin d\u2019emp\u00eacher toute ouverture accidentelle des \u00e9crans;<\/li>\n<li>Aspiration silencieuse;<\/li>\n<li>Lumi\u00e8re jaune pour pr\u00e9paration;<\/li>\n<li>Sauvegarde de 10 programmes;<\/li>\n<li>Sisteme de exposition enti\u00e8rement automatique;<\/li>\n<\/ul>\n<table class=\"tbl-products\">\n<tbody>\n<tr>\n<th>LUXMIDI LED<\/th>\n<th style=\"text-align: center;\">Uni<\/th>\n<th style=\"text-align: center;\">LUX MD LED 0608<\/th>\n<th>LUX MD LED 0811<\/th>\n<th>LUX MD LED 1010<\/th>\n<th>LUX MD LED 1012<\/th>\n<th>LUX MD LED 12125<\/th>\n<\/tr>\n<tr>\n<td>Dimension ext\u00e9rieur du cadre<\/td>\n<td style=\"text-align: center;\">Cm<\/td>\n<td style=\"text-align: center;\">60&#215;80<\/td>\n<td style=\"text-align: center;\">80&#215;110<\/td>\n<td style=\"text-align: center;\">100&#215;100<\/td>\n<td style=\"text-align: center;\">100&#215;125<\/td>\n<td style=\"text-align: center;\">120&#215;150<\/td>\n<\/tr>\n<tr>\n<td>Puissance des LEDS installais<\/td>\n<td style=\"text-align: center;\">W<\/td>\n<td style=\"text-align: center;\">168<\/td>\n<td style=\"text-align: center;\">297<\/td>\n<td style=\"text-align: center;\">330<\/td>\n<td style=\"text-align: center;\">396<\/td>\n<td style=\"text-align: center;\">&nbsp;630<\/td>\n<\/tr>\n<tr>\n<td>Largueur<\/td>\n<td style=\"text-align: center;\">Cm<\/td>\n<td style=\"text-align: center;\">96<\/td>\n<td style=\"text-align: center;\">137<\/td>\n<td style=\"text-align: center;\">&nbsp;<\/td>\n<td style=\"text-align: center;\">142<\/td>\n<td style=\"text-align: center;\">170<\/td>\n<\/tr>\n<tr>\n<td>Profondeur<\/td>\n<td style=\"text-align: center;\">Cm<\/td>\n<td style=\"text-align: center;\">105<\/td>\n<td style=\"text-align: center;\">129<\/td>\n<td style=\"text-align: center;\">&nbsp;<\/td>\n<td style=\"text-align: center;\">143<\/td>\n<td style=\"text-align: center;\">166&nbsp;<\/td>\n<\/tr>\n<tr>\n<td>Hauteur<\/td>\n<td style=\"text-align: center;\">Cm<\/td>\n<td style=\"text-align: center;\">30<\/td>\n<td style=\"text-align: center;\">30<\/td>\n<td style=\"text-align: center;\">30<\/td>\n<td style=\"text-align: center;\">30<\/td>\n<td style=\"text-align: center;\">30<\/td>\n<\/tr>\n<tr>\n<td>Poids<\/td>\n<td style=\"text-align: center;\">Kg<\/td>\n<td style=\"text-align: center;\">90<\/td>\n<td style=\"text-align: center;\">140<\/td>\n<td style=\"text-align: center;\">&nbsp;<\/td>\n<td style=\"text-align: center;\">&nbsp;<\/td>\n<td style=\"text-align: center;\">230&nbsp;<\/td>\n<\/tr>\n<tr>\n<td>Tension<\/td>\n<td style=\"text-align: center;\">V<\/td>\n<td style=\"text-align: center;\">220<\/td>\n<td style=\"text-align: center;\">220<\/td>\n<td style=\"text-align: center;\">220<\/td>\n<td style=\"text-align: center;\">220<\/td>\n<td style=\"text-align: center;\">220<\/td>\n<\/tr>\n<tr>\n<td>Dimension de envoi (larg.*prof.*haut.)<\/td>\n<td style=\"text-align: center;\">Cm<\/td>\n<td style=\"text-align: center;\">120*115*50<\/td>\n<td style=\"text-align: center;\">140*135*50<\/td>\n<td style=\"text-align: center;\">&nbsp;<\/td>\n<td style=\"text-align: center;\">&nbsp;<\/td>\n<td style=\"text-align: center;\">180*180*60&nbsp;<\/td>\n<\/tr>\n<\/tbody>\n<\/table>\t\t\t\t\t\t\t\t<\/div>\n\t\t\t\t<\/div>\n\t\t\t\t\t<\/div>\n\t\t<\/div>\n\t\t\t\t\t<\/div>\n\t\t<\/section>\n\t\t\t\t<\/div>\n\t\t","protected":false},"excerpt":{"rendered":"<p>La LUXMIDI LED est une combi de insolation de \u00e9crans de s\u00e9rigraphie. La LUXMIDI LED est \u00e9quip\u00e9 de LED sp\u00e9ciales UV. Gr\u00e2ce \u00e0 ce syst\u00e8me, l\u2019insolation se d\u00e9roule de fa\u00e7on pr\u00e9cise avec une consommation \u00e9lectrique r\u00e9duite et donne un temps de exposition rapide avec une r\u00e9sultait parfait.<\/p>\n<div class=\"btn_product\"><a class=\"btn_short_pdf elementor-align-justify elementor-button\" role=\"button\" href=\"https:\/\/acosgraf.com\/wp-content\/uploads\/2019\/10\/LUX-MIDI-LED-fr.pdf\"><i class=\"far fa-file-pdf\" aria-hidden=\"true\"><\/i> <span class=\"txt_btn_pdf\">T\u00c9L\u00c9CHARGER LE PDF<\/span><\/a><\/div>\n","protected":false},"featured_media":2886,"template":"","meta":[],"product_cat":[184,172],"product_tag":[],"class_list":["post-4495","product","type-product","status-publish","has-post-thumbnail","hentry","product_cat-telecharger-le-pdf","product_cat-serigraphie"],"_links":{"self":[{"href":"https:\/\/acosgraf.com\/fr\/wp-json\/wp\/v2\/product\/4495","targetHints":{"allow":["GET"]}}],"collection":[{"href":"https:\/\/acosgraf.com\/fr\/wp-json\/wp\/v2\/product"}],"about":[{"href":"https:\/\/acosgraf.com\/fr\/wp-json\/wp\/v2\/types\/product"}],"version-history":[{"count":5,"href":"https:\/\/acosgraf.com\/fr\/wp-json\/wp\/v2\/product\/4495\/revisions"}],"predecessor-version":[{"id":8759,"href":"https:\/\/acosgraf.com\/fr\/wp-json\/wp\/v2\/product\/4495\/revisions\/8759"}],"wp:featuredmedia":[{"embeddable":true,"href":"https:\/\/acosgraf.com\/fr\/wp-json\/wp\/v2\/media\/2886"}],"wp:attachment":[{"href":"https:\/\/acosgraf.com\/fr\/wp-json\/wp\/v2\/media?parent=4495"}],"wp:term":[{"taxonomy":"product_cat","embeddable":true,"href":"https:\/\/acosgraf.com\/fr\/wp-json\/wp\/v2\/product_cat?post=4495"},{"taxonomy":"product_tag","embeddable":true,"href":"https:\/\/acosgraf.com\/fr\/wp-json\/wp\/v2\/product_tag?post=4495"}],"curies":[{"name":"wp","href":"https:\/\/api.w.org\/{rel}","templated":true}]}}