
{"id":4509,"date":"2019-10-18T10:34:17","date_gmt":"2019-10-18T10:34:17","guid":{"rendered":"https:\/\/acosgraf.com\/produto\/lider-dry-horizontal-2\/"},"modified":"2021-05-04T12:38:35","modified_gmt":"2021-05-04T12:38:35","slug":"lider-dry-horizontal-2","status":"publish","type":"product","link":"https:\/\/acosgraf.com\/fr\/produto\/lider-dry-horizontal-2\/","title":{"rendered":"LIDER DRY HORIZONTALE"},"content":{"rendered":"\t\t<div data-elementor-type=\"product-post\" data-elementor-id=\"4509\" class=\"elementor elementor-4509\" data-elementor-post-type=\"product\">\n\t\t\t\t\t\t<section class=\"elementor-section elementor-top-section elementor-element elementor-element-786371d5 elementor-section-boxed elementor-section-height-default elementor-section-height-default\" data-id=\"786371d5\" data-element_type=\"section\" data-e-type=\"section\">\n\t\t\t\t\t\t<div class=\"elementor-container elementor-column-gap-default\">\n\t\t\t\t\t<div class=\"elementor-column elementor-col-100 elementor-top-column elementor-element elementor-element-2c13bd72\" data-id=\"2c13bd72\" data-element_type=\"column\" data-e-type=\"column\">\n\t\t\t<div class=\"elementor-widget-wrap elementor-element-populated\">\n\t\t\t\t\t\t<div class=\"elementor-element elementor-element-4d7ea006 elementor-widget elementor-widget-text-editor\" data-id=\"4d7ea006\" data-element_type=\"widget\" data-e-type=\"widget\" data-widget_type=\"text-editor.default\">\n\t\t\t\t<div class=\"elementor-widget-container\">\n\t\t\t\t\t\t\t\t\t<table class=\"tbl-products\"><tbody><tr><th>LIDER DRY HORIZONTALE<\/th><th style=\"text-align: center;\">Unit\u00e9s<\/th><th>LD H &#8211; 0710 \/ 5<\/th><th>LD H &#8211; 0710 \/ 10<\/th><th>LD H &#8211; 0912 \/ 5<\/th><th>LD H &#8211; 0912 \/ 10<\/th><th>LD H &#8211; 1013 \/ 5<\/th><th>LD H &#8211; 1013 \/ 10<\/th><\/tr><tr><td>Quantit\u00e9 de \u00e9crans<\/td><td style=\"text-align: center;\">\u00a0<\/td><td style=\"text-align: center;\">5<\/td><td style=\"text-align: center;\">10<\/td><td style=\"text-align: center;\">5<\/td><td style=\"text-align: center;\">10<\/td><td style=\"text-align: center;\">5<\/td><td style=\"text-align: center;\">10<\/td><\/tr><tr><td>Temp\u00e9rature maximum de fonctionnement<\/td><td style=\"text-align: center;\">\u00baC<\/td><td style=\"text-align: center;\">50<\/td><td style=\"text-align: center;\">50<\/td><td style=\"text-align: center;\">50<\/td><td style=\"text-align: center;\">50<\/td><td style=\"text-align: center;\">50<\/td><td style=\"text-align: center;\">50<\/td><\/tr><tr><td>Dimension ext\u00e9rieur maximum du cadre<\/td><td style=\"text-align: center;\">cm<\/td><td style=\"text-align: center;\">70&#215;100<\/td><td style=\"text-align: center;\">70&#215;100<\/td><td style=\"text-align: center;\">90&#215;120<\/td><td style=\"text-align: center;\">90&#215;120<\/td><td style=\"text-align: center;\">100&#215;130<\/td><td style=\"text-align: center;\">100&#215;130<\/td><\/tr><tr><td>Puissance install\u00e9<\/td><td style=\"text-align: center;\">Kw<\/td><td style=\"text-align: center;\">\u00a0<\/td><td style=\"text-align: center;\">\u00a0<\/td><td style=\"text-align: center;\">\u00a0<\/td><td style=\"text-align: center;\">\u00a0<\/td><td style=\"text-align: center;\">\u00a0<\/td><td style=\"text-align: center;\">15<\/td><\/tr><tr><td>Profondeur<\/td><td style=\"text-align: center;\">Cm<\/td><td style=\"text-align: center;\">90<\/td><td style=\"text-align: center;\">90<\/td><td style=\"text-align: center;\">110<\/td><td style=\"text-align: center;\">115<\/td><td style=\"text-align: center;\">125<\/td><td style=\"text-align: center;\">125<\/td><\/tr><tr><td>Larguer<\/td><td style=\"text-align: center;\">Cm<\/td><td style=\"text-align: center;\">157<\/td><td style=\"text-align: center;\">157<\/td><td style=\"text-align: center;\">172<\/td><td style=\"text-align: center;\">182<\/td><td style=\"text-align: center;\">195<\/td><td style=\"text-align: center;\">195<\/td><\/tr><tr><td>Hauteur<\/td><td style=\"text-align: center;\">Cm<\/td><td style=\"text-align: center;\">110<\/td><td style=\"text-align: center;\">164<\/td><td style=\"text-align: center;\">110<\/td><td style=\"text-align: center;\">182<\/td><td style=\"text-align: center;\">\u00a0<\/td><td style=\"text-align: center;\">193<\/td><\/tr><tr><td>Poids<\/td><td style=\"text-align: center;\">Kg<\/td><td style=\"text-align: center;\">180<\/td><td style=\"text-align: center;\">350<\/td><td style=\"text-align: center;\">200<\/td><td style=\"text-align: center;\">450<\/td><td style=\"text-align: center;\">220<\/td><td style=\"text-align: center;\">600<\/td><\/tr><tr><td>Tension<\/td><td style=\"text-align: center;\">V<\/td><td style=\"text-align: center;\">230 or 400<\/td><td style=\"text-align: center;\">400<\/td><td style=\"text-align: center;\">230 or 400<\/td><td style=\"text-align: center;\">230 or 400<\/td><td style=\"text-align: center;\">230 or 400<\/td><td style=\"text-align: center;\">230 or 400<\/td><\/tr><tr><td>Dimension de envoie (Prof*Larg*Haut.)<\/td><td style=\"text-align: center;\">Cm<\/td><td style=\"text-align: center;\">\u00a0<\/td><td style=\"text-align: center;\">110*270*210<\/td><td style=\"text-align: center;\">\u00a0<\/td><td style=\"text-align: center;\">185*125*195<\/td><td style=\"text-align: center;\">\u00a0<\/td><td style=\"text-align: center;\">130*200* 215<\/td><\/tr><\/tbody><\/table>\t\t\t\t\t\t\t\t<\/div>\n\t\t\t\t<\/div>\n\t\t\t\t\t<\/div>\n\t\t<\/div>\n\t\t\t\t\t<\/div>\n\t\t<\/section>\n\t\t\t\t<\/div>\n\t\t","protected":false},"excerpt":{"rendered":"<p>Le LIDER DRY HORIZONTALE est une armoire que assure le s\u00e9chage des \u00e9crans de s\u00e9rigraphie en position horizontale. Elle permet ainsi de s\u00e9cher l\u2019\u00e9mulsion des \u00e9crans apr\u00e8s enduction ou de faire \u00e9vaporer l\u2019eau apr\u00e8s lavage de ceux-ci. Le LIDER DRY HORIZONTALE peux ce fabriquais \u00e0 la dimension d\u00e9sirais.<\/p>\n<div class=\"btn_product\"><a class=\"btn_short_pdf elementor-align-justify elementor-button\" role=\"button\" href=\"https:\/\/acosgraf.com\/wp-content\/uploads\/2019\/10\/LIDER-DRY-HORIZONTAL-fr.pdf\"><i class=\"far fa-file-pdf\" aria-hidden=\"true\"><\/i> <span class=\"txt_btn_pdf\">DOWNLOAD PDF<\/span><\/a><\/div>\n","protected":false},"featured_media":9263,"template":"","meta":[],"product_cat":[184,172],"product_tag":[],"class_list":["post-4509","product","type-product","status-publish","has-post-thumbnail","hentry","product_cat-telecharger-le-pdf","product_cat-serigraphie"],"_links":{"self":[{"href":"https:\/\/acosgraf.com\/fr\/wp-json\/wp\/v2\/product\/4509","targetHints":{"allow":["GET"]}}],"collection":[{"href":"https:\/\/acosgraf.com\/fr\/wp-json\/wp\/v2\/product"}],"about":[{"href":"https:\/\/acosgraf.com\/fr\/wp-json\/wp\/v2\/types\/product"}],"version-history":[{"count":5,"href":"https:\/\/acosgraf.com\/fr\/wp-json\/wp\/v2\/product\/4509\/revisions"}],"predecessor-version":[{"id":9695,"href":"https:\/\/acosgraf.com\/fr\/wp-json\/wp\/v2\/product\/4509\/revisions\/9695"}],"wp:featuredmedia":[{"embeddable":true,"href":"https:\/\/acosgraf.com\/fr\/wp-json\/wp\/v2\/media\/9263"}],"wp:attachment":[{"href":"https:\/\/acosgraf.com\/fr\/wp-json\/wp\/v2\/media?parent=4509"}],"wp:term":[{"taxonomy":"product_cat","embeddable":true,"href":"https:\/\/acosgraf.com\/fr\/wp-json\/wp\/v2\/product_cat?post=4509"},{"taxonomy":"product_tag","embeddable":true,"href":"https:\/\/acosgraf.com\/fr\/wp-json\/wp\/v2\/product_tag?post=4509"}],"curies":[{"name":"wp","href":"https:\/\/api.w.org\/{rel}","templated":true}]}}