
{"id":4516,"date":"2019-10-18T10:34:17","date_gmt":"2019-10-18T10:34:17","guid":{"rendered":"https:\/\/acosgraf.com\/produto\/lider-dry-vertical-2\/"},"modified":"2020-04-06T14:05:38","modified_gmt":"2020-04-06T14:05:38","slug":"lider-dry-vertical-2","status":"publish","type":"product","link":"https:\/\/acosgraf.com\/fr\/produit\/lider-dry-vertical-2\/","title":{"rendered":"LIDER DRY VERTICAL"},"content":{"rendered":"\t\t<div data-elementor-type=\"product-post\" data-elementor-id=\"4516\" class=\"elementor elementor-4516 elementor-4454 elementor-bc-flex-widget\" data-elementor-post-type=\"product\">\n\t\t\t\t\t\t<section class=\"elementor-section elementor-top-section elementor-element elementor-element-56152a9c elementor-section-boxed elementor-section-height-default elementor-section-height-default\" data-id=\"56152a9c\" data-element_type=\"section\" data-e-type=\"section\">\n\t\t\t\t\t\t<div class=\"elementor-container elementor-column-gap-default\">\n\t\t\t\t\t<div class=\"elementor-column elementor-col-100 elementor-top-column elementor-element elementor-element-50956cf6\" data-id=\"50956cf6\" data-element_type=\"column\" data-e-type=\"column\">\n\t\t\t<div class=\"elementor-widget-wrap elementor-element-populated\">\n\t\t\t\t\t\t<div class=\"elementor-element elementor-element-7990e89a elementor-widget elementor-widget-text-editor\" data-id=\"7990e89a\" data-element_type=\"widget\" data-e-type=\"widget\" data-widget_type=\"text-editor.default\">\n\t\t\t\t<div class=\"elementor-widget-container\">\n\t\t\t\t\t\t\t\t\t<ul>\n<li>Place pour charge les \u00e9crans en acier inoxidable;<\/li>\n<li>Syst\u00e8me de s\u00e9chage est bas\u00e9 sur la ventilation d\u2019air;<\/li>\n<li>\u00c9l\u00e9ments chauffants sont en cromion nickel;<\/li>\n<li>R\u00e9gulateur de temp\u00e9rature digitalle avec display de affichage;<\/li>\n<li>Temp\u00e9rature de s\u00e9chage programmable jusqu\u2019\u00e0 50 \u00b0C;<\/li>\n<li>Permet ainsi de s\u00e9cher l\u2019\u00e9mulsion des \u00e9crans apr\u00e8s enduction ou de faire \u00e9vaporer l\u2019eau apr\u00e8s lavage de ceux-ci;<\/li>\n<li>Conception avec s\u00e9chage horizontal ou vertical sur demande<\/li>\n<li>Autres formats disponibles sur demande<\/li>\n<\/ul>\n<table class=\"tbl-products\">\n<tbody>\n<tr>\n<th>LIDER DRY VERTICAL<\/th>\n<th style=\"text-align: center;\">Unidades<\/th>\n<th>LD V &#8211; 0710 \/ 5<\/th>\n<th>LD V &#8211; 0710 \/ 10<\/th>\n<th>LD V &#8211; 0912 \/ 5<\/th>\n<th>LD V &#8211; 0912 \/10<\/th>\n<\/tr>\n<tr>\n<td>Quantit\u00e9 de \u00e9crans<\/td>\n<td style=\"text-align: center;\"><\/td>\n<td style=\"text-align: center;\">5<\/td>\n<td style=\"text-align: center;\">10<\/td>\n<td style=\"text-align: center;\">5<\/td>\n<td style=\"text-align: center;\">10<\/td>\n<\/tr>\n<tr>\n<td>Temp\u00e9rature maximum de fonctionnement<\/td>\n<td style=\"text-align: center;\">\u00baC<\/td>\n<td style=\"text-align: center;\">50<\/td>\n<td style=\"text-align: center;\">50<\/td>\n<td style=\"text-align: center;\">50<\/td>\n<td style=\"text-align: center;\">50<\/td>\n<\/tr>\n<tr>\n<td>Dimension ext\u00e9rieur maximum du cadre<\/td>\n<td style=\"text-align: center;\">cm<\/td>\n<td style=\"text-align: center;\">70&#215;100<\/td>\n<td style=\"text-align: center;\">70&#215;100<\/td>\n<td style=\"text-align: center;\">90&#215;120<\/td>\n<td style=\"text-align: center;\">90&#215;120<\/td>\n<\/tr>\n<tr>\n<td>Profondeur<\/td>\n<td style=\"text-align: center;\">Cm<\/td>\n<td style=\"text-align: center;\">77<\/td>\n<td style=\"text-align: center;\">77<\/td>\n<td style=\"text-align: center;\">97<\/td>\n<td style=\"text-align: center;\">97<\/td>\n<\/tr>\n<tr>\n<td>Larguer<\/td>\n<td style=\"text-align: center;\">Cm<\/td>\n<td style=\"text-align: center;\">70<\/td>\n<td style=\"text-align: center;\">101<\/td>\n<td style=\"text-align: center;\">70<\/td>\n<td style=\"text-align: center;\">101<\/td>\n<\/tr>\n<tr>\n<td>Hauteur<\/td>\n<td style=\"text-align: center;\">Cm<\/td>\n<td style=\"text-align: center;\">175<\/td>\n<td style=\"text-align: center;\">175<\/td>\n<td style=\"text-align: center;\">195<\/td>\n<td style=\"text-align: center;\">195<\/td>\n<\/tr>\n<tr>\n<td>Poids<\/td>\n<td style=\"text-align: center;\">Kg<\/td>\n<td style=\"text-align: center;\">220<\/td>\n<td style=\"text-align: center;\">280<\/td>\n<td style=\"text-align: center;\">250<\/td>\n<td style=\"text-align: center;\">320<\/td>\n<\/tr>\n<tr>\n<td>Tension<\/td>\n<td style=\"text-align: center;\">V<\/td>\n<td style=\"text-align: center;\">230 ou 400<\/td>\n<td style=\"text-align: center;\">230 ou 400<\/td>\n<td style=\"text-align: center;\">230 ou 400<\/td>\n<td style=\"text-align: center;\">230 ou 400<\/td>\n<\/tr>\n<\/tbody>\n<\/table>\t\t\t\t\t\t\t\t<\/div>\n\t\t\t\t<\/div>\n\t\t\t\t\t<\/div>\n\t\t<\/div>\n\t\t\t\t\t<\/div>\n\t\t<\/section>\n\t\t\t\t<\/div>\n\t\t","protected":false},"excerpt":{"rendered":"<p>Le LIDER DRY VERTICAL est une armoire que assure le s\u00e9chage des \u00e9crans de s\u00e9rigraphie en position vertical. Elle permet ainsi de s\u00e9cher l\u2019\u00e9mulsion des \u00e9crans apr\u00e8s enduction ou de faire \u00e9vaporer l\u2019eau apr\u00e8s lavage de ceux-ci. Le LIDER DRY VERTICAL peux ce fabriquais \u00e0 la dimension d\u00e9sirais.<\/p>\n<div class=\"btn_product\"><a class=\"btn_short_pdf elementor-align-justify elementor-button\" role=\"button\" href=\"https:\/\/acosgraf.com\/fr\/produit\/lider-dry-vertical-2\/\"><i class=\"far fa-file-pdf\" aria-hidden=\"true\"><\/i> <span class=\"txt_btn_pdf\">DOWNLOAD PDF<\/span><\/a><\/div>\n","protected":false},"featured_media":2939,"template":"","meta":[],"product_brand":[],"product_cat":[184,172],"product_tag":[],"class_list":{"0":"post-4516","1":"product","2":"type-product","3":"status-publish","4":"has-post-thumbnail","6":"product_cat-telecharger-le-pdf","7":"product_cat-serigraphie","9":"first","10":"instock","11":"purchasable","12":"product-type-simple"},"_links":{"self":[{"href":"https:\/\/acosgraf.com\/fr\/wp-json\/wp\/v2\/product\/4516","targetHints":{"allow":["GET"]}}],"collection":[{"href":"https:\/\/acosgraf.com\/fr\/wp-json\/wp\/v2\/product"}],"about":[{"href":"https:\/\/acosgraf.com\/fr\/wp-json\/wp\/v2\/types\/product"}],"version-history":[{"count":5,"href":"https:\/\/acosgraf.com\/fr\/wp-json\/wp\/v2\/product\/4516\/revisions"}],"predecessor-version":[{"id":8189,"href":"https:\/\/acosgraf.com\/fr\/wp-json\/wp\/v2\/product\/4516\/revisions\/8189"}],"wp:featuredmedia":[{"embeddable":true,"href":"https:\/\/acosgraf.com\/fr\/wp-json\/wp\/v2\/media\/2939"}],"wp:attachment":[{"href":"https:\/\/acosgraf.com\/fr\/wp-json\/wp\/v2\/media?parent=4516"}],"wp:term":[{"taxonomy":"product_brand","embeddable":true,"href":"https:\/\/acosgraf.com\/fr\/wp-json\/wp\/v2\/product_brand?post=4516"},{"taxonomy":"product_cat","embeddable":true,"href":"https:\/\/acosgraf.com\/fr\/wp-json\/wp\/v2\/product_cat?post=4516"},{"taxonomy":"product_tag","embeddable":true,"href":"https:\/\/acosgraf.com\/fr\/wp-json\/wp\/v2\/product_tag?post=4516"}],"curies":[{"name":"wp","href":"https:\/\/api.w.org\/{rel}","templated":true}]}}