
{"id":4523,"date":"2019-10-18T10:29:33","date_gmt":"2019-10-18T10:29:33","guid":{"rendered":"https:\/\/acosgraf.com\/produto\/luxdryer-led\/"},"modified":"2020-10-09T05:02:49","modified_gmt":"2020-10-09T05:02:49","slug":"luxdryer-led","status":"publish","type":"product","link":"https:\/\/acosgraf.com\/fr\/produto\/luxdryer-led\/","title":{"rendered":"LUXDRYER LED"},"content":{"rendered":"\t\t<div data-elementor-type=\"product-post\" data-elementor-id=\"4523\" class=\"elementor elementor-4523\" data-elementor-post-type=\"product\">\n\t\t\t\t\t\t<section class=\"elementor-section elementor-top-section elementor-element elementor-element-2917bf37 elementor-section-boxed elementor-section-height-default elementor-section-height-default\" data-id=\"2917bf37\" data-element_type=\"section\" data-e-type=\"section\">\n\t\t\t\t\t\t<div class=\"elementor-container elementor-column-gap-default\">\n\t\t\t\t\t<div class=\"elementor-column elementor-col-100 elementor-top-column elementor-element elementor-element-55cc6ed9\" data-id=\"55cc6ed9\" data-element_type=\"column\" data-e-type=\"column\">\n\t\t\t<div class=\"elementor-widget-wrap elementor-element-populated\">\n\t\t\t\t\t\t<div class=\"elementor-element elementor-element-d83e02b elementor-widget elementor-widget-text-editor\" data-id=\"d83e02b\" data-element_type=\"widget\" data-e-type=\"widget\" data-widget_type=\"text-editor.default\">\n\t\t\t\t<div class=\"elementor-widget-container\">\n\t\t\t\t\t\t\t\t\t<ul>\n<li>Commande avec affichage digitale<\/li>\n<li>Temps d\u2019insolation avec compteur digital<\/li>\n<li>Mise sous vide et insolation automatique<\/li>\n<li>Aspiration silencieuse<\/li>\n<li>\u00c9quip\u00e9 de LED sp\u00e9ciales UV pour avoir une un temps de exposition rapide avec une r\u00e9sultait parfait<\/li>\n<li>Lumi\u00e8re jaune pour pr\u00e9paration<\/li>\n<li>Sauvegarde de 10 programmes<\/li>\n<li>Thermostat pour le r\u00e9glage de la temp\u00e9rature de s\u00e9chage des \u00e9crans (de 15 \u00e0 50\u00b0 C)<\/li>\n<li>4 tiroirs de s\u00e9chage d\u2019\u00e9cran<\/li>\n<\/ul>\n<table class=\"tbl-products\">\n<tbody>\n<tr>\n<th>LUXDRYER LED<\/th>\n<th style=\"text-align: center;\">Unit\u00e9s<\/th>\n<th>LUX DR LED 0608<\/th>\n<th>LUX DR LED 0811<\/th>\n<th>LUX DR LED 1010<\/th>\n<th>LUX DR LED 1012<\/th>\n<th>LUX DR LED 1215<\/th>\n<\/tr>\n<tr>\n<td>Dimension ext\u00e9rieur maximum du cadre<\/td>\n<td style=\"text-align: center;\">Cm<\/td>\n<td style=\"text-align: center;\">60 x 80<\/td>\n<td style=\"text-align: center;\">80 x 110<\/td>\n<td style=\"text-align: center;\">100 x 100<\/td>\n<td style=\"text-align: center;\">100 x 125<\/td>\n<td style=\"text-align: center;\">120 x 150<\/td>\n<\/tr>\n<tr>\n<td>Puissance des LEDS installais<\/td>\n<td style=\"text-align: center;\">W<\/td>\n<td style=\"text-align: center;\">168<\/td>\n<td style=\"text-align: center;\">297<\/td>\n<td style=\"text-align: center;\">&nbsp;330<\/td>\n<td style=\"text-align: center;\">396<\/td>\n<td style=\"text-align: center;\">1080<\/td>\n<\/tr>\n<tr>\n<td>Profondeur<\/td>\n<td style=\"text-align: center;\">Cm<\/td>\n<td style=\"text-align: center;\">86<\/td>\n<td style=\"text-align: center;\">106<\/td>\n<td style=\"text-align: center;\">130<\/td>\n<td style=\"text-align: center;\">126<\/td>\n<td style=\"text-align: center;\">146<\/td>\n<\/tr>\n<tr>\n<td>Larguer<\/td>\n<td style=\"text-align: center;\">Cm<\/td>\n<td style=\"text-align: center;\">99<\/td>\n<td style=\"text-align: center;\">135<\/td>\n<td style=\"text-align: center;\">123<\/td>\n<td style=\"text-align: center;\">145<\/td>\n<td style=\"text-align: center;\">170<\/td>\n<\/tr>\n<tr>\n<td>Hauteur<\/td>\n<td style=\"text-align: center;\">Cm<\/td>\n<td style=\"text-align: center;\">103<\/td>\n<td style=\"text-align: center;\">103<\/td>\n<td style=\"text-align: center;\">103<\/td>\n<td style=\"text-align: center;\">103<\/td>\n<td style=\"text-align: center;\">103<\/td>\n<\/tr>\n<tr>\n<td>Poids<\/td>\n<td style=\"text-align: center;\">Kg<\/td>\n<td style=\"text-align: center;\">150<\/td>\n<td style=\"text-align: center;\">210<\/td>\n<td style=\"text-align: center;\">250<\/td>\n<td style=\"text-align: center;\">250<\/td>\n<td style=\"text-align: center;\">350<\/td>\n<\/tr>\n<tr>\n<td>Tension<\/td>\n<td style=\"text-align: center;\">V<\/td>\n<td style=\"text-align: center;\">230 \/ 50<\/td>\n<td style=\"text-align: center;\">230 \/ 50<\/td>\n<td style=\"text-align: center;\">230 \/ 50<\/td>\n<td style=\"text-align: center;\">230 \/ 50<\/td>\n<td style=\"text-align: center;\">230 \/ 50<\/td>\n<\/tr>\n<tr>\n<td>Dimension de envoie (larg.*prof.*haut.)<\/td>\n<td style=\"text-align: center;\">Cm<\/td>\n<td style=\"text-align: center;\">120*90*120<\/td>\n<td style=\"text-align: center;\">140*120*120<\/td>\n<td style=\"text-align: center;\">140*130*120<\/td>\n<td style=\"text-align: center;\">150*130*120<\/td>\n<td style=\"text-align: center;\">180*150*120<\/td>\n<\/tr>\n<\/tbody>\n<\/table>\t\t\t\t\t\t\t\t<\/div>\n\t\t\t\t<\/div>\n\t\t\t\t\t<\/div>\n\t\t<\/div>\n\t\t\t\t\t<\/div>\n\t\t<\/section>\n\t\t\t\t<\/div>\n\t\t","protected":false},"excerpt":{"rendered":"<p>La LUXDRYER LED est une combi de insolation de \u00e9crans de s\u00e9rigraphie equip\u00e9e avec de armoire de sechage. La LUXDRYER LED est \u00e9quip\u00e9 de LED sp\u00e9ciales UV. Gr\u00e2ce \u00e0 ce syst\u00e8me, l\u2019insolation se d\u00e9roule de fa\u00e7on pr\u00e9cise avec une consommation \u00e9lectrique r\u00e9duite et donne un temps de exposition rapide avec une r\u00e9sultait parfait. Pour le s\u00e9rigraphe, la combination des deux appareils repr\u00e9sente ainsi un gain de place et de co\u00fbts. Le ch\u00e2ssis d\u2019insolation est disponible en diff\u00e9rentes tailles selon les \u00e9crans.<\/p>\n<div class=\"btn_product\"><a class=\"btn_short_pdf elementor-align-justify elementor-button\" role=\"button\" href=\"https:\/\/acosgraf.com\/wp-content\/uploads\/2019\/10\/LUXDRYER-LED-fr.pdf\"><i class=\"far fa-file-pdf\" aria-hidden=\"true\"><\/i> <span class=\"txt_btn_pdf\">T\u00c9L\u00c9CHARGER LE PDF<\/span><\/a><\/div>\n","protected":false},"featured_media":4414,"template":"","meta":[],"product_cat":[184,172],"product_tag":[],"class_list":["post-4523","product","type-product","status-publish","has-post-thumbnail","hentry","product_cat-telecharger-le-pdf","product_cat-serigraphie"],"_links":{"self":[{"href":"https:\/\/acosgraf.com\/fr\/wp-json\/wp\/v2\/product\/4523","targetHints":{"allow":["GET"]}}],"collection":[{"href":"https:\/\/acosgraf.com\/fr\/wp-json\/wp\/v2\/product"}],"about":[{"href":"https:\/\/acosgraf.com\/fr\/wp-json\/wp\/v2\/types\/product"}],"version-history":[{"count":5,"href":"https:\/\/acosgraf.com\/fr\/wp-json\/wp\/v2\/product\/4523\/revisions"}],"predecessor-version":[{"id":8758,"href":"https:\/\/acosgraf.com\/fr\/wp-json\/wp\/v2\/product\/4523\/revisions\/8758"}],"wp:featuredmedia":[{"embeddable":true,"href":"https:\/\/acosgraf.com\/fr\/wp-json\/wp\/v2\/media\/4414"}],"wp:attachment":[{"href":"https:\/\/acosgraf.com\/fr\/wp-json\/wp\/v2\/media?parent=4523"}],"wp:term":[{"taxonomy":"product_cat","embeddable":true,"href":"https:\/\/acosgraf.com\/fr\/wp-json\/wp\/v2\/product_cat?post=4523"},{"taxonomy":"product_tag","embeddable":true,"href":"https:\/\/acosgraf.com\/fr\/wp-json\/wp\/v2\/product_tag?post=4523"}],"curies":[{"name":"wp","href":"https:\/\/api.w.org\/{rel}","templated":true}]}}