
{"id":4529,"date":"2019-10-18T10:29:33","date_gmt":"2019-10-18T10:29:33","guid":{"rendered":"https:\/\/acosgraf.com\/produto\/luxdryer-halogen-pro\/"},"modified":"2020-05-31T09:12:25","modified_gmt":"2020-05-31T09:12:25","slug":"liderdry-4","status":"publish","type":"product","link":"https:\/\/acosgraf.com\/fr\/produto\/liderdry-4\/","title":{"rendered":"LIDERDRY 4"},"content":{"rendered":"\t\t<div data-elementor-type=\"product-post\" data-elementor-id=\"4529\" class=\"elementor elementor-4529\" data-elementor-post-type=\"product\">\n\t\t\t\t\t\t<section class=\"elementor-section elementor-top-section elementor-element elementor-element-15be3477 elementor-section-boxed elementor-section-height-default elementor-section-height-default\" data-id=\"15be3477\" data-element_type=\"section\" data-e-type=\"section\">\n\t\t\t\t\t\t<div class=\"elementor-container elementor-column-gap-default\">\n\t\t\t\t\t<div class=\"elementor-column elementor-col-100 elementor-top-column elementor-element elementor-element-58673899\" data-id=\"58673899\" data-element_type=\"column\" data-e-type=\"column\">\n\t\t\t<div class=\"elementor-widget-wrap elementor-element-populated\">\n\t\t\t\t\t\t<div class=\"elementor-element elementor-element-11fdc547 elementor-widget elementor-widget-text-editor\" data-id=\"11fdc547\" data-element_type=\"widget\" data-e-type=\"widget\" data-widget_type=\"text-editor.default\">\n\t\t\t\t<div class=\"elementor-widget-container\">\n\t\t\t\t\t\t\t\t\t<ul><li>Gavetas a deslizar sobre rolamentos com limitador de paragem;<\/li><li>Estufa de secagem equipada com ventilador ;<\/li><li>Elementos de calor em cromo-n\u00edquel;<\/li><li>Controlador digital de temperatura com display;<\/li><li>Temperatura m\u00e1xima de trabalho at\u00e9 50 graus;<\/li><li>Secagem horizontal dos quadros com possibilidade de secagem de emuls\u00f5es ou \u00e1gua;<\/li><li>Desenho especial para ser capaz de secar mais de que um quadro por gaveta;<\/li><\/ul><table class=\"tbl-products\"><tbody><tr><th>LIDERDRY 4<\/th><th style=\"text-align: center;\">Unit\u00e9s<\/th><th>LD 4 &#8211; 0608<\/th><th>LD 4 &#8211; 0811<\/th><th>\u00a0LD 4 &#8211; 1010<\/th><th>LD 4 &#8211; 1012<\/th><th>LD 4 &#8211; 1215<\/th><\/tr><tr><td>N\u00ba de gavetas para coloca\u00e7\u00e3o de quadros<\/td><td style=\"text-align: center;\">\u00a0<\/td><td style=\"text-align: center;\">4<\/td><td style=\"text-align: center;\">4<\/td><td style=\"text-align: center;\">4<\/td><td style=\"text-align: center;\">4<\/td><td style=\"text-align: center;\">4<\/td><\/tr><tr><td>Formato m\u00e1ximo do quadro<\/td><td style=\"text-align: center;\">Cm<\/td><td style=\"text-align: center;\">60*80<\/td><td style=\"text-align: center;\">80*110<\/td><td style=\"text-align: center;\">100*100<\/td><td style=\"text-align: center;\">100*125<\/td><td style=\"text-align: center;\">120*150<\/td><\/tr><tr><td>Temp. m\u00e1xima de funcionamento<\/td><td style=\"text-align: center;\">Cm<\/td><td style=\"text-align: center;\">50<\/td><td style=\"text-align: center;\">50<\/td><td style=\"text-align: center;\">50<\/td><td style=\"text-align: center;\">50<\/td><td style=\"text-align: center;\">50<\/td><\/tr><tr><td>Profundidade exterior<\/td><td style=\"text-align: center;\">Cm<\/td><td style=\"text-align: center;\">86<\/td><td style=\"text-align: center;\">106<\/td><td style=\"text-align: center;\">\u00a0<\/td><td style=\"text-align: center;\">126<\/td><td style=\"text-align: center;\">146<\/td><\/tr><tr><td>Largura exterior<\/td><td style=\"text-align: center;\">Cm<\/td><td style=\"text-align: center;\">99<\/td><td style=\"text-align: center;\">135<\/td><td style=\"text-align: center;\">\u00a0<\/td><td style=\"text-align: center;\">145<\/td><td style=\"text-align: center;\">170<\/td><\/tr><tr><td>Altura exterior<\/td><td style=\"text-align: center;\">Cm<\/td><td style=\"text-align: center;\">103<\/td><td style=\"text-align: center;\">103<\/td><td style=\"text-align: center;\">103<\/td><td style=\"text-align: center;\">103<\/td><td style=\"text-align: center;\">103<\/td><\/tr><tr><td>Pot\u00eancia<\/td><td style=\"text-align: center;\">W<\/td><td style=\"text-align: center;\">2300<\/td><td style=\"text-align: center;\">2800<\/td><td style=\"text-align: center;\">2800<\/td><td style=\"text-align: center;\">2800<\/td><td style=\"text-align: center;\">3300<\/td><\/tr><tr><td>Peso<\/td><td style=\"text-align: center;\">Kg<\/td><td style=\"text-align: center;\">150<\/td><td style=\"text-align: center;\">210<\/td><td style=\"text-align: center;\">250<\/td><td style=\"text-align: center;\">250<\/td><td style=\"text-align: center;\">350<\/td><\/tr><tr><td>Voltagem<\/td><td style=\"text-align: center;\">V<\/td><td style=\"text-align: center;\">220<\/td><td style=\"text-align: center;\">220<\/td><td style=\"text-align: center;\">220<\/td><td style=\"text-align: center;\">220<\/td><td style=\"text-align: center;\">220<\/td><\/tr><tr><td>Dimens\u00f5es de envio (larg*prof*alt.)<\/td><td style=\"text-align: center;\">Cm<\/td><td style=\"text-align: center;\">120*90*120<\/td><td style=\"text-align: center;\">140*120*120<\/td><td style=\"text-align: center;\">\u00a0<\/td><td style=\"text-align: center;\">150*130*120<\/td><td style=\"text-align: center;\">180*150*120<\/td><\/tr><\/tbody><\/table>\t\t\t\t\t\t\t\t<\/div>\n\t\t\t\t<\/div>\n\t\t\t\t\t<\/div>\n\t\t<\/div>\n\t\t\t\t\t<\/div>\n\t\t<\/section>\n\t\t\t\t<\/div>\n\t\t","protected":false},"excerpt":{"rendered":"<p>Le LIDERDRY 4 est une armoire que assure le s\u00e9chage des \u00e9crans de s\u00e9rigraphie en position horizontale. Elle permet ainsi de s\u00e9cher l\u2019\u00e9mulsion des \u00e9crans apr\u00e8s enduction ou de faire \u00e9vaporer l\u2019eau apr\u00e8s lavage de ceux-ci. Le LIDERDRY 4 peux ce fabriquais \u00e0 la dimension d\u00e9sirais.<\/p>\n","protected":false},"featured_media":8396,"template":"","meta":[],"product_cat":[184,172],"product_tag":[],"class_list":["post-4529","product","type-product","status-publish","has-post-thumbnail","hentry","product_cat-telecharger-le-pdf","product_cat-serigraphie"],"_links":{"self":[{"href":"https:\/\/acosgraf.com\/fr\/wp-json\/wp\/v2\/product\/4529","targetHints":{"allow":["GET"]}}],"collection":[{"href":"https:\/\/acosgraf.com\/fr\/wp-json\/wp\/v2\/product"}],"about":[{"href":"https:\/\/acosgraf.com\/fr\/wp-json\/wp\/v2\/types\/product"}],"version-history":[{"count":5,"href":"https:\/\/acosgraf.com\/fr\/wp-json\/wp\/v2\/product\/4529\/revisions"}],"predecessor-version":[{"id":8460,"href":"https:\/\/acosgraf.com\/fr\/wp-json\/wp\/v2\/product\/4529\/revisions\/8460"}],"wp:featuredmedia":[{"embeddable":true,"href":"https:\/\/acosgraf.com\/fr\/wp-json\/wp\/v2\/media\/8396"}],"wp:attachment":[{"href":"https:\/\/acosgraf.com\/fr\/wp-json\/wp\/v2\/media?parent=4529"}],"wp:term":[{"taxonomy":"product_cat","embeddable":true,"href":"https:\/\/acosgraf.com\/fr\/wp-json\/wp\/v2\/product_cat?post=4529"},{"taxonomy":"product_tag","embeddable":true,"href":"https:\/\/acosgraf.com\/fr\/wp-json\/wp\/v2\/product_tag?post=4529"}],"curies":[{"name":"wp","href":"https:\/\/api.w.org\/{rel}","templated":true}]}}