
{"id":4532,"date":"2019-10-18T10:29:33","date_gmt":"2019-10-18T10:29:33","guid":{"rendered":"https:\/\/acosgraf.com\/produto\/luxdryer-halogen\/"},"modified":"2021-05-04T11:33:53","modified_gmt":"2021-05-04T11:33:53","slug":"luxdryer-halogen","status":"publish","type":"product","link":"https:\/\/acosgraf.com\/fr\/produit\/luxdryer-halogen\/","title":{"rendered":"LUXDRYER HALOGEN"},"content":{"rendered":"\t\t<div data-elementor-type=\"product-post\" data-elementor-id=\"4532\" class=\"elementor elementor-4532 elementor-767\" data-elementor-post-type=\"product\">\n\t\t\t\t\t\t<section class=\"elementor-section elementor-top-section elementor-element elementor-element-57f60773 elementor-section-boxed elementor-section-height-default elementor-section-height-default\" data-id=\"57f60773\" data-element_type=\"section\" data-e-type=\"section\">\n\t\t\t\t\t\t<div class=\"elementor-container elementor-column-gap-default\">\n\t\t\t\t\t<div class=\"elementor-column elementor-col-100 elementor-top-column elementor-element elementor-element-2fdd768f\" data-id=\"2fdd768f\" data-element_type=\"column\" data-e-type=\"column\">\n\t\t\t<div class=\"elementor-widget-wrap elementor-element-populated\">\n\t\t\t\t\t\t<div class=\"elementor-element elementor-element-7263988b elementor-widget elementor-widget-text-editor\" data-id=\"7263988b\" data-element_type=\"widget\" data-e-type=\"widget\" data-widget_type=\"text-editor.default\">\n\t\t\t\t<div class=\"elementor-widget-container\">\n\t\t\t\t\t\t\t\t\t<ul><li>\u00c9quip\u00e9 avec une lampe de halog\u00e8ne de haute puissance pour avoir une un temps de exposition rapide avec une r\u00e9sultait parfait;<\/li><li>Commande avec affichage digitale;<\/li><li>Sauvegarde de 10 programmes;<\/li><li>Mise sous vide et insolation automatique;<\/li><li>Cellule photo\u00e9lectrique de lecture d&#8217;intensit\u00e9 de lumi\u00e8re avec ajustement de temps de exposition automatique ;<\/li><li>Rideau de protection contre la lumi\u00e8re ultraviolette<\/li><li>Thermostat pour le r\u00e9glage de la temp\u00e9rature de s\u00e9chage des \u00e9crans (de 15 \u00e0 50\u00b0 C);<\/li><li>Controlador digital de temperatura;<\/li><li>4 tiroirs de s\u00e9chage d\u2019\u00e9cran;<\/li><li>Lumi\u00e8re jaune pour pr\u00e9paration;<\/li><li>Aspiration silencieuse;<\/li><\/ul><table class=\"tbl-products\"><tbody><tr><th>LUXDRYER HALOGEN<\/th><th style=\"text-align: center;\">Unit\u00e9s<\/th><th>LUX HAL 0608<\/th><th>LUX HAL 0811<\/th><th>LUX HAL 1010<\/th><th>LUX HAL 1012<\/th><th>LUX HAL 1313<\/th><th>LUX HAL 1215<\/th><th>LUX HAL 1416<\/th><\/tr><tr><td>Dimension ext\u00e9rieur maximum du cadre<\/td><td style=\"text-align: center;\">Cm<\/td><td style=\"text-align: center;\">60&#215;80<\/td><td style=\"text-align: center;\">80&#215;110<\/td><td style=\"text-align: center;\">100 x100<\/td><td style=\"text-align: center;\">100&#215;125<\/td><td style=\"text-align: center;\">130&#215;135<\/td><td style=\"text-align: center;\">120&#215;150<\/td><td style=\"text-align: center;\">140&#215;160<\/td><\/tr><tr><td>Puissance de lampe halogen<\/td><td style=\"text-align: center;\">W<\/td><td style=\"text-align: center;\">3000 RAPID<\/td><td style=\"text-align: center;\">3000 RAPID<\/td><td style=\"text-align: center;\">5000 RAPID<\/td><td style=\"text-align: center;\">5000 RAPID<\/td><td style=\"text-align: center;\">5000 RAPID<\/td><td style=\"text-align: center;\">5000 RAPID<\/td><td style=\"text-align: center;\">5000 RAPID<\/td><\/tr><tr><td>Profondeur<\/td><td style=\"text-align: center;\">Cm<\/td><td style=\"text-align: center;\">150<\/td><td style=\"text-align: center;\">142<\/td><td style=\"text-align: center;\">135<\/td><td style=\"text-align: center;\">147<\/td><td style=\"text-align: center;\">165<\/td><td style=\"text-align: center;\">175<\/td><td style=\"text-align: center;\">202<\/td><\/tr><tr><td>Larguer<\/td><td style=\"text-align: center;\">Cm<\/td><td style=\"text-align: center;\">135<\/td><td style=\"text-align: center;\">168<\/td><td style=\"text-align: center;\">155<\/td><td style=\"text-align: center;\">172<\/td><td style=\"text-align: center;\">210<\/td><td style=\"text-align: center;\">230<\/td><td style=\"text-align: center;\">212<\/td><\/tr><tr><td>Hauteur<\/td><td style=\"text-align: center;\">Cm<\/td><td style=\"text-align: center;\">250<\/td><td style=\"text-align: center;\">250<\/td><td style=\"text-align: center;\">250<\/td><td style=\"text-align: center;\">250<\/td><td style=\"text-align: center;\">250<\/td><td style=\"text-align: center;\">250<\/td><td style=\"text-align: center;\">250<\/td><\/tr><tr><td>Puissance<\/td><td style=\"text-align: center;\">Kw<\/td><td style=\"text-align: center;\">8<\/td><td style=\"text-align: center;\">8<\/td><td style=\"text-align: center;\">10<\/td><td style=\"text-align: center;\">10<\/td><td style=\"text-align: center;\">12<\/td><td style=\"text-align: center;\">12<\/td><td style=\"text-align: center;\">12<\/td><\/tr><tr><td>Poids<\/td><td style=\"text-align: center;\">Kg<\/td><td style=\"text-align: center;\">\u00a0<\/td><td style=\"text-align: center;\">400<\/td><td style=\"text-align: center;\">\u00a0<\/td><td style=\"text-align: center;\">\u00a0<\/td><td style=\"text-align: center;\">685<\/td><td style=\"text-align: center;\">830<\/td><td style=\"text-align: center;\">900<\/td><\/tr><tr><td>Voltage<\/td><td style=\"text-align: center;\">V<\/td><td style=\"text-align: center;\">3&#215;400<\/td><td style=\"text-align: center;\">3&#215;400<\/td><td style=\"text-align: center;\">3&#215;400<\/td><td style=\"text-align: center;\">3&#215;400<\/td><td style=\"text-align: center;\">3&#215;400<\/td><td style=\"text-align: center;\">3&#215;400<\/td><td style=\"text-align: center;\">3&#215;400<\/td><\/tr><tr><td>Dimension de envoie (larg.*prof.*haut.)<\/td><td style=\"text-align: center;\">Cm<\/td><td style=\"text-align: center;\">\u00a0<\/td><td style=\"text-align: center;\">175*150*160<\/td><td style=\"text-align: center;\">\u00a0<\/td><td style=\"text-align: center;\">\u00a0<\/td><td style=\"text-align: center;\">195*205*190<\/td><td style=\"text-align: center;\">\u00a0<\/td><\/tr><\/tbody><\/table>\t\t\t\t\t\t\t\t<\/div>\n\t\t\t\t<\/div>\n\t\t\t\t\t<\/div>\n\t\t<\/div>\n\t\t\t\t\t<\/div>\n\t\t<\/section>\n\t\t\t\t<\/div>\n\t\t","protected":false},"excerpt":{"rendered":"<p>La LUXDRYER HALOGEN est une combi de insolation de \u00e9crans de s\u00e9rigraphie \u00e9quip\u00e9e avec de armoire de s\u00e9chage. La LUXDRYER HALOGEN est \u00e9quip\u00e9 avec une lampe halog\u00e8ne de haute puissance. Gr\u00e2ce \u00e0 ce syst\u00e8me, l\u2019insolation se d\u00e9roule de fa\u00e7on pr\u00e9cise m\u00eame le plus difficile de \u00e9crans de s\u00e9rigraphie avec un temps de exposition rapide avec une r\u00e9sultait parfait. Pour le s\u00e9rigraphe, la combination des deux appareils repr\u00e9sente ainsi un gain de place et de co\u00fbts. Le ch\u00e2ssis d\u2019insolation est disponible en diff\u00e9rentes tailles selon les \u00e9crans.<\/p>\n","protected":false},"featured_media":4425,"template":"","meta":[],"product_brand":[],"product_cat":[184,172],"product_tag":[],"class_list":{"0":"post-4532","1":"product","2":"type-product","3":"status-publish","4":"has-post-thumbnail","6":"product_cat-telecharger-le-pdf","7":"product_cat-serigraphie","9":"first","10":"instock","11":"purchasable","12":"product-type-simple"},"_links":{"self":[{"href":"https:\/\/acosgraf.com\/fr\/wp-json\/wp\/v2\/product\/4532","targetHints":{"allow":["GET"]}}],"collection":[{"href":"https:\/\/acosgraf.com\/fr\/wp-json\/wp\/v2\/product"}],"about":[{"href":"https:\/\/acosgraf.com\/fr\/wp-json\/wp\/v2\/types\/product"}],"version-history":[{"count":5,"href":"https:\/\/acosgraf.com\/fr\/wp-json\/wp\/v2\/product\/4532\/revisions"}],"predecessor-version":[{"id":9688,"href":"https:\/\/acosgraf.com\/fr\/wp-json\/wp\/v2\/product\/4532\/revisions\/9688"}],"wp:featuredmedia":[{"embeddable":true,"href":"https:\/\/acosgraf.com\/fr\/wp-json\/wp\/v2\/media\/4425"}],"wp:attachment":[{"href":"https:\/\/acosgraf.com\/fr\/wp-json\/wp\/v2\/media?parent=4532"}],"wp:term":[{"taxonomy":"product_brand","embeddable":true,"href":"https:\/\/acosgraf.com\/fr\/wp-json\/wp\/v2\/product_brand?post=4532"},{"taxonomy":"product_cat","embeddable":true,"href":"https:\/\/acosgraf.com\/fr\/wp-json\/wp\/v2\/product_cat?post=4532"},{"taxonomy":"product_tag","embeddable":true,"href":"https:\/\/acosgraf.com\/fr\/wp-json\/wp\/v2\/product_tag?post=4532"}],"curies":[{"name":"wp","href":"https:\/\/api.w.org\/{rel}","templated":true}]}}