
{"id":4535,"date":"2019-10-10T16:25:47","date_gmt":"2019-10-10T16:25:47","guid":{"rendered":"https:\/\/acosgraf.com\/produto\/rolprint\/"},"modified":"2020-05-29T16:16:43","modified_gmt":"2020-05-29T16:16:43","slug":"rollprint","status":"publish","type":"product","link":"https:\/\/acosgraf.com\/fr\/produto\/rollprint\/","title":{"rendered":"ROLLPRINT"},"content":{"rendered":"\t\t<div data-elementor-type=\"product-post\" data-elementor-id=\"4535\" class=\"elementor elementor-4535\" data-elementor-post-type=\"product\">\n\t\t\t\t\t\t<section class=\"elementor-section elementor-top-section elementor-element elementor-element-518b0f51 elementor-section-boxed elementor-section-height-default elementor-section-height-default\" data-id=\"518b0f51\" data-element_type=\"section\" data-e-type=\"section\">\n\t\t\t\t\t\t<div class=\"elementor-container elementor-column-gap-default\">\n\t\t\t\t\t<div class=\"elementor-column elementor-col-100 elementor-top-column elementor-element elementor-element-71f3c252\" data-id=\"71f3c252\" data-element_type=\"column\" data-e-type=\"column\">\n\t\t\t<div class=\"elementor-widget-wrap elementor-element-populated\">\n\t\t\t\t\t\t<div class=\"elementor-element elementor-element-3e99f50e elementor-widget elementor-widget-text-editor\" data-id=\"3e99f50e\" data-element_type=\"widget\" data-e-type=\"widget\" data-widget_type=\"text-editor.default\">\n\t\t\t\t<div class=\"elementor-widget-container\">\n\t\t\t\t\t\t\t\t\t<table class=\"tbl-products\">\n<tbody>\n<tr>\n<th>ROLLPRINT<\/th>\n<th style=\"text-align: center;\">Unidades<\/th>\n<th>ROL 0507<\/th>\n<th>ROL 0710<\/th>\n<th>ROL 0812<\/th>\n<\/tr>\n<tr>\n<td>Maximum printing size<\/td>\n<td style=\"text-align: center;\">Cm<\/td>\n<td style=\"text-align: center;\">50&#215;70<\/td>\n<td style=\"text-align: center;\">70&#215;100<\/td>\n<td style=\"text-align: center;\">80&#215;120<\/td>\n<\/tr>\n<tr>\n<td>Vacuum area<\/td>\n<td style=\"text-align: center;\">Cm<\/td>\n<td style=\"text-align: center;\">52&#215;72<\/td>\n<td style=\"text-align: center;\">72&#215;102<\/td>\n<td style=\"text-align: center;\">85&#215;125<\/td>\n<\/tr>\n<tr>\n<td>Dimension from printing table<\/td>\n<td style=\"text-align: center;\">Cm<\/td>\n<td style=\"text-align: center;\">70&#215;90<\/td>\n<td style=\"text-align: center;\">90&#215;120<\/td>\n<td style=\"text-align: center;\">105&#215;145<\/td>\n<\/tr>\n<tr>\n<td>Dimension ext\u00e9rieur maximum du cadre<\/td>\n<td style=\"text-align: center;\">cm<\/td>\n<td style=\"text-align: center;\">78&#215;98<\/td>\n<td style=\"text-align: center;\">98&#215;128<\/td>\n<td style=\"text-align: center;\">113&#215;148<\/td>\n<\/tr>\n<tr>\n<td>Longueur<\/td>\n<td style=\"text-align: center;\">Cm<\/td>\n<td style=\"text-align: center;\">130<\/td>\n<td style=\"text-align: center;\">125<\/td>\n<td style=\"text-align: center;\">180<\/td>\n<\/tr>\n<tr>\n<td>Larguer<\/td>\n<td style=\"text-align: center;\">Cm<\/td>\n<td style=\"text-align: center;\">105<\/td>\n<td style=\"text-align: center;\">125<\/td>\n<td style=\"text-align: center;\">140<\/td>\n<\/tr>\n<tr>\n<td>Hauteur<\/td>\n<td style=\"text-align: center;\">Cm<\/td>\n<td style=\"text-align: center;\">115<\/td>\n<td style=\"text-align: center;\">115<\/td>\n<td style=\"text-align: center;\">115<\/td>\n<\/tr>\n<tr>\n<td>Poids<\/td>\n<td style=\"text-align: center;\">Kg<\/td>\n<td style=\"text-align: center;\">100<\/td>\n<td style=\"text-align: center;\">180<\/td>\n<td style=\"text-align: center;\">220<\/td>\n<\/tr>\n<tr>\n<td>Tension<\/td>\n<td style=\"text-align: center;\">V<\/td>\n<td style=\"text-align: center;\">230 \/ 50<\/td>\n<td style=\"text-align: center;\">230 \/ 50<\/td>\n<td style=\"text-align: center;\">230 \/ 50<\/td>\n<\/tr>\n<tr>\n<td>Dimension de envoie (larg.*prof.*haut.)<\/td>\n<td style=\"text-align: center;\">Cm<\/td>\n<td style=\"text-align: center;\"><br><\/td>\n<td style=\"text-align: center;\">160*130*140<\/td>\n<td style=\"text-align: center;\">180*140*140<\/td>\n<\/tr>\n<\/tbody>\n<\/table>\t\t\t\t\t\t\t\t<\/div>\n\t\t\t\t<\/div>\n\t\t\t\t\t<\/div>\n\t\t<\/div>\n\t\t\t\t\t<\/div>\n\t\t<\/section>\n\t\t\t\t<\/div>\n\t\t","protected":false},"excerpt":{"rendered":"<p>Le ROLLPRINT est une table pour impression manuelle en s\u00e9rigraphie s\u2019adresse \u00e0 des imprimeurs pour petites s\u00e9ries dans des domaines vari\u00e9s. Elle permet d\u2019imprimer des supports plats ainsi que d\u2019une \u00e9paisseur jusqu\u2019\u00e0 100 mm. L\u2019impression manuelle en s\u00e9rigraphie n\u00e9cessite \u00e9galement une grande pr\u00e9cision. La table est donc munie de microm\u00e8tres afin d\u2019ajuster au mieux la zone d\u2019impression. La pression de la racle et de la contre racle peut aussi \u00eatre contr\u00f4l\u00e9e.<\/p>\n","protected":false},"featured_media":2988,"template":"","meta":[],"product_cat":[190,172],"product_tag":[],"class_list":["post-4535","product","type-product","status-publish","has-post-thumbnail","hentry","product_cat-impressao-manual-fr","product_cat-serigraphie"],"_links":{"self":[{"href":"https:\/\/acosgraf.com\/fr\/wp-json\/wp\/v2\/product\/4535","targetHints":{"allow":["GET"]}}],"collection":[{"href":"https:\/\/acosgraf.com\/fr\/wp-json\/wp\/v2\/product"}],"about":[{"href":"https:\/\/acosgraf.com\/fr\/wp-json\/wp\/v2\/types\/product"}],"version-history":[{"count":5,"href":"https:\/\/acosgraf.com\/fr\/wp-json\/wp\/v2\/product\/4535\/revisions"}],"predecessor-version":[{"id":8447,"href":"https:\/\/acosgraf.com\/fr\/wp-json\/wp\/v2\/product\/4535\/revisions\/8447"}],"wp:featuredmedia":[{"embeddable":true,"href":"https:\/\/acosgraf.com\/fr\/wp-json\/wp\/v2\/media\/2988"}],"wp:attachment":[{"href":"https:\/\/acosgraf.com\/fr\/wp-json\/wp\/v2\/media?parent=4535"}],"wp:term":[{"taxonomy":"product_cat","embeddable":true,"href":"https:\/\/acosgraf.com\/fr\/wp-json\/wp\/v2\/product_cat?post=4535"},{"taxonomy":"product_tag","embeddable":true,"href":"https:\/\/acosgraf.com\/fr\/wp-json\/wp\/v2\/product_tag?post=4535"}],"curies":[{"name":"wp","href":"https:\/\/api.w.org\/{rel}","templated":true}]}}