
{"id":4538,"date":"2019-10-10T16:25:47","date_gmt":"2019-10-10T16:25:47","guid":{"rendered":"https:\/\/acosgraf.com\/produto\/etalprint\/"},"modified":"2024-01-03T10:25:07","modified_gmt":"2024-01-03T10:25:07","slug":"etalprint","status":"publish","type":"product","link":"https:\/\/acosgraf.com\/fr\/produto\/etalprint\/","title":{"rendered":"ETALPRINT"},"content":{"rendered":"\t\t<div data-elementor-type=\"product-post\" data-elementor-id=\"4538\" class=\"elementor elementor-4538\" data-elementor-post-type=\"product\">\n\t\t\t\t\t\t<section class=\"elementor-section elementor-top-section elementor-element elementor-element-6b35180c elementor-section-boxed elementor-section-height-default elementor-section-height-default\" data-id=\"6b35180c\" data-element_type=\"section\" data-e-type=\"section\">\n\t\t\t\t\t\t<div class=\"elementor-container elementor-column-gap-default\">\n\t\t\t\t\t<div class=\"elementor-column elementor-col-100 elementor-top-column elementor-element elementor-element-51525bb9\" data-id=\"51525bb9\" data-element_type=\"column\" data-e-type=\"column\">\n\t\t\t<div class=\"elementor-widget-wrap elementor-element-populated\">\n\t\t\t\t\t\t<div class=\"elementor-element elementor-element-7561a754 elementor-widget elementor-widget-text-editor\" data-id=\"7561a754\" data-element_type=\"widget\" data-e-type=\"widget\" data-widget_type=\"text-editor.default\">\n\t\t\t\t<div class=\"elementor-widget-container\">\n\t\t\t\t\t\t\t\t\t<ul><li>Aspiration fort et silencieuse;<\/li><li>Relevage ddu cadre dans le sense paralle au tableaux aspirant;<\/li><li>Table aspirante en aluminium perfor\u00e9e;<\/li><li>Micrometrics registers on the printing plate;<\/li><li>Equipp\u00e9e avec de microm\u00e8tres afin d\u2019ajuster au mieux la zone d\u2019impression;<\/li><li>Possiblit\u00e9 de travaille avec plusieurs tailles de cadres.;<\/li><li>L\u2019aspiration d\u00e9marre de fa\u00e7on automatique;<\/li><li>Balance et contre balance de l\u2019\u00e9cran fait par la aide de un poids ajustable.\u00a0<\/li><\/ul><table class=\"tbl-products\"><tbody><tr><th>ETALLPRINT<\/th><th style=\"text-align: center;\">Unit\u00e9s<\/th><th>ETAL 0507<\/th><th>ETAL 0710<\/th><th>ETAL 0812<\/th><\/tr><tr><td>Format maximum de\u00a0 impression<\/td><td style=\"text-align: center;\">Cm<\/td><td style=\"text-align: center;\">50&#215;70<\/td><td style=\"text-align: center;\">70&#215;100<\/td><td style=\"text-align: center;\">80&#215;120<\/td><\/tr><tr><td>Dimension ext\u00e9rieur maximum du cadre<\/td><td style=\"text-align: center;\">cm<\/td><td style=\"text-align: center;\">88 x 108<\/td><td style=\"text-align: center;\">108 x 138<\/td><td style=\"text-align: center;\">118 x158<\/td><\/tr><tr><td>Profondeur<\/td><td style=\"text-align: center;\">Cm<\/td><td style=\"text-align: center;\">153<\/td><td style=\"text-align: center;\">173<\/td><td style=\"text-align: center;\">183<\/td><\/tr><tr><td>Larguer<\/td><td style=\"text-align: center;\">Cm<\/td><td style=\"text-align: center;\">136<\/td><td style=\"text-align: center;\">166<\/td><td style=\"text-align: center;\">186<\/td><\/tr><tr><td>Hauteur<\/td><td style=\"text-align: center;\">Cm<\/td><td style=\"text-align: center;\">122<\/td><td style=\"text-align: center;\">122<\/td><td style=\"text-align: center;\">122<\/td><\/tr><tr><td>Poids<\/td><td style=\"text-align: center;\">Kg<\/td><td style=\"text-align: center;\">\u00a0<\/td><td style=\"text-align: center;\">\u00a0<\/td><td style=\"text-align: center;\">\u00a0<\/td><\/tr><tr><td>Tension<\/td><td style=\"text-align: center;\">V<\/td><td style=\"text-align: center;\">230 \/ 50<\/td><td style=\"text-align: center;\">230 \/ 50<\/td><td style=\"text-align: center;\">230 \/ 50<\/td><\/tr><\/tbody><\/table>\t\t\t\t\t\t\t\t<\/div>\n\t\t\t\t<\/div>\n\t\t\t\t\t<\/div>\n\t\t<\/div>\n\t\t\t\t\t<\/div>\n\t\t<\/section>\n\t\t\t\t<\/div>\n\t\t","protected":false},"excerpt":{"rendered":"<p>La machine ETALPRINT est destin\u00e9e pour impression manuelle en s\u00e9rigraphie s\u2019adresse \u00e0 des imprimeurs pour petites s\u00e9ries dans des domaines vari\u00e9sble.L\u2019impression manuelle en s\u00e9rigraphie n\u00e9cessite \u00e9galement une grande pr\u00e9cision. La table est donc munie de microm\u00e8tres afin d\u2019ajuster au mieux la zone d\u2019impression. La pression de la racle et de la contre racle peut aussi \u00eatre contr\u00f4l\u00e9e.<\/p>\n","protected":false},"featured_media":3009,"template":"","meta":[],"product_cat":[190,172],"product_tag":[],"class_list":["post-4538","product","type-product","status-publish","has-post-thumbnail","hentry","product_cat-impressao-manual-fr","product_cat-serigraphie"],"_links":{"self":[{"href":"https:\/\/acosgraf.com\/fr\/wp-json\/wp\/v2\/product\/4538","targetHints":{"allow":["GET"]}}],"collection":[{"href":"https:\/\/acosgraf.com\/fr\/wp-json\/wp\/v2\/product"}],"about":[{"href":"https:\/\/acosgraf.com\/fr\/wp-json\/wp\/v2\/types\/product"}],"version-history":[{"count":16,"href":"https:\/\/acosgraf.com\/fr\/wp-json\/wp\/v2\/product\/4538\/revisions"}],"predecessor-version":[{"id":11882,"href":"https:\/\/acosgraf.com\/fr\/wp-json\/wp\/v2\/product\/4538\/revisions\/11882"}],"wp:featuredmedia":[{"embeddable":true,"href":"https:\/\/acosgraf.com\/fr\/wp-json\/wp\/v2\/media\/3009"}],"wp:attachment":[{"href":"https:\/\/acosgraf.com\/fr\/wp-json\/wp\/v2\/media?parent=4538"}],"wp:term":[{"taxonomy":"product_cat","embeddable":true,"href":"https:\/\/acosgraf.com\/fr\/wp-json\/wp\/v2\/product_cat?post=4538"},{"taxonomy":"product_tag","embeddable":true,"href":"https:\/\/acosgraf.com\/fr\/wp-json\/wp\/v2\/product_tag?post=4538"}],"curies":[{"name":"wp","href":"https:\/\/api.w.org\/{rel}","templated":true}]}}