
{"id":4547,"date":"2019-10-10T16:25:47","date_gmt":"2019-10-10T16:25:47","guid":{"rendered":"https:\/\/acosgraf.com\/produto\/bags-print\/"},"modified":"2019-10-18T11:08:23","modified_gmt":"2019-10-18T11:08:23","slug":"bags-print","status":"publish","type":"product","link":"https:\/\/acosgraf.com\/fr\/produto\/bags-print\/","title":{"rendered":"BAGS PRINT"},"content":{"rendered":"<ul>\n<li>Selector de 3 modos de funcionamento;<\/li>\n<li>Ciclo de impress\u00e3o em sentido frontal, que a posterior assegura um excelente fora de contacto, e facilita o m\u00e1ximo de aproveitamento da mesa de impress\u00e3o;<\/li>\n<li>Controlo electr\u00f3nico da velocidade de impress\u00e3o e de retorno, independentes;<\/li>\n<li>Movimento de invers\u00e3o da racklete e contra &#8211; racklete por controlo pneum\u00e1tico;<\/li>\n<li>Temporizador entre impress\u00f5es no modo autom\u00e1tico;<\/li>\n<li>\u00c2ngulo de inclina\u00e7\u00e3o das rackletes ajust\u00e1vel;<\/li>\n<li>Contador de impress\u00f5es electromagn\u00e9tico;<\/li>\n<li>Tampo de impress\u00e3o amov\u00edvel, para melhor ajuste ao seu trabalho;<\/li>\n<li>Possibilidade de imprimir objectos at\u00e9 25cm de altura.<\/li>\n<\/ul>\n<table class=\"tbl-products\">\n<tbody>\n<tr>\n<th>BAGS PRINT<\/th>\n<th style=\"text-align:center;\">Unidades<\/th>\n<th>BP 4045<\/th>\n<\/tr>\n<tr>\n<td>Formato m\u00e1ximo de impress\u00e3o<\/td>\n<td style=\"text-align:center;\">mm<\/td>\n<td style=\"text-align:center;\">40&#215;45<\/td>\n<\/tr>\n<tr>\n<td>Vacuum area<\/td>\n<td style=\"text-align:center;\">Cm<\/td>\n<td style=\"text-align:center;\">45&#215;50<\/td>\n<\/tr>\n<tr>\n<td>Dimension from printing table<\/td>\n<td style=\"text-align:center;\">Cm<\/td>\n<td style=\"text-align:center;\">45&#215;50<\/td>\n<\/tr>\n<tr>\n<td>Numero de cores<\/td>\n<td style=\"text-align:center;\"><\/td>\n<td style=\"text-align:center;\">840<\/td>\n<\/tr>\n<tr>\n<td>Dimension ext\u00e9rieur maximum du cadre<\/td>\n<td style=\"text-align:center;\">cm<\/td>\n<td style=\"text-align:center;\">80&#215;75<\/td>\n<\/tr>\n<tr>\n<td>Hauteur de travaille<\/td>\n<td style=\"text-align:center;\">cm<\/td>\n<td style=\"text-align:center;\">100<\/td>\n<\/tr>\n<tr>\n<td>Outside dimensions (width, depth, height)<\/td>\n<td style=\"text-align:center;\">Cm<\/td>\n<td style=\"text-align:center;\">115x135x160<\/td>\n<\/tr>\n<tr>\n<td>Vel. max. de impress\u00e3o a 600dpi<\/td>\n<td style=\"text-align:center;\">m2\/h<\/td>\n<td style=\"text-align:center;\">1,5<\/td>\n<\/tr>\n<tr>\n<td>Pression de air comprimai<\/td>\n<td style=\"text-align:center;\">BAR<\/td>\n<td style=\"text-align:center;\">4 &#8211; 5<\/td>\n<\/tr>\n<tr>\n<td>Poids<\/td>\n<td style=\"text-align:center;\">Kg<\/td>\n<td style=\"text-align:center;\">450<\/td>\n<\/tr>\n<tr>\n<td>Tension<\/td>\n<td style=\"text-align:center;\">V<\/td>\n<td style=\"text-align:center;\">230 or 400<\/td>\n<\/tr>\n<\/tbody>\n<\/table>\n","protected":false},"excerpt":{"rendered":"<p>A BAGS PRINT \u00e9 uma m\u00e1quina semi autom\u00e1tica de impress\u00e3o concebida para a impress\u00e3o em sacos de papel ou pl\u00e1stico. A BAGS PRINT t\u00eam a capacidade tamb\u00e9m de impress\u00e3o em objectos que tenham uma altura at\u00e9 25 cm.<\/p>\n<div class=\"btn_product\"><a class=\"btn_short_pdf elementor-align-justify elementor-button\" role=\"button\" href=\"https:\/\/acosgraf.com\/wp-content\/uploads\/2019\/10\/BAGS-PRINT-fr.pdf\"><i class=\"far fa-file-pdf\" aria-hidden=\"true\"><\/i> <span class=\"txt_btn_pdf\">T\u00c9L\u00c9CHARGER LE PDF<\/span><\/a><\/div>\n","protected":false},"featured_media":3110,"template":"","meta":[],"product_cat":[191,172],"product_tag":[],"class_list":["post-4547","product","type-product","status-publish","has-post-thumbnail","hentry","product_cat-impressao-semi-automatica-fr","product_cat-serigraphie"],"_links":{"self":[{"href":"https:\/\/acosgraf.com\/fr\/wp-json\/wp\/v2\/product\/4547","targetHints":{"allow":["GET"]}}],"collection":[{"href":"https:\/\/acosgraf.com\/fr\/wp-json\/wp\/v2\/product"}],"about":[{"href":"https:\/\/acosgraf.com\/fr\/wp-json\/wp\/v2\/types\/product"}],"version-history":[{"count":2,"href":"https:\/\/acosgraf.com\/fr\/wp-json\/wp\/v2\/product\/4547\/revisions"}],"predecessor-version":[{"id":4549,"href":"https:\/\/acosgraf.com\/fr\/wp-json\/wp\/v2\/product\/4547\/revisions\/4549"}],"wp:featuredmedia":[{"embeddable":true,"href":"https:\/\/acosgraf.com\/fr\/wp-json\/wp\/v2\/media\/3110"}],"wp:attachment":[{"href":"https:\/\/acosgraf.com\/fr\/wp-json\/wp\/v2\/media?parent=4547"}],"wp:term":[{"taxonomy":"product_cat","embeddable":true,"href":"https:\/\/acosgraf.com\/fr\/wp-json\/wp\/v2\/product_cat?post=4547"},{"taxonomy":"product_tag","embeddable":true,"href":"https:\/\/acosgraf.com\/fr\/wp-json\/wp\/v2\/product_tag?post=4547"}],"curies":[{"name":"wp","href":"https:\/\/api.w.org\/{rel}","templated":true}]}}