
{"id":4550,"date":"2019-10-10T16:25:47","date_gmt":"2019-10-10T16:25:47","guid":{"rendered":"https:\/\/acosgraf.com\/produto\/star-print\/"},"modified":"2021-12-21T11:30:12","modified_gmt":"2021-12-21T11:30:12","slug":"star-print","status":"publish","type":"product","link":"https:\/\/acosgraf.com\/fr\/produto\/star-print\/","title":{"rendered":"STAR PRINT"},"content":{"rendered":"\t\t<div data-elementor-type=\"product-post\" data-elementor-id=\"4550\" class=\"elementor elementor-4550\" data-elementor-post-type=\"product\">\n\t\t\t\t\t\t<section class=\"elementor-section elementor-top-section elementor-element elementor-element-49ab67e2 elementor-section-boxed elementor-section-height-default elementor-section-height-default\" data-id=\"49ab67e2\" data-element_type=\"section\" data-e-type=\"section\">\n\t\t\t\t\t\t<div class=\"elementor-container elementor-column-gap-default\">\n\t\t\t\t\t<div class=\"elementor-column elementor-col-100 elementor-top-column elementor-element elementor-element-27d475e0\" data-id=\"27d475e0\" data-element_type=\"column\" data-e-type=\"column\">\n\t\t\t<div class=\"elementor-widget-wrap elementor-element-populated\">\n\t\t\t\t\t\t<div class=\"elementor-element elementor-element-16a6c25a elementor-widget elementor-widget-text-editor\" data-id=\"16a6c25a\" data-element_type=\"widget\" data-e-type=\"widget\" data-widget_type=\"text-editor.default\">\n\t\t\t\t<div class=\"elementor-widget-container\">\n\t\t\t\t\t\t\t\t\t<ul><li style=\"list-style-type: none;\"><ul><li>Machine de s\u00e9rigraphie semi-automatique poss\u00e8de 3 modes de fonctionnement : automatique, en cycle ou manuel;<\/li><li>L\u2019op\u00e9rateur charge les supports manuellement par l\u2019avant (marge frontale);<\/li><li>\u00c9quip\u00e9e d\u2019un syst\u00e8me d\u2019aspiration du support ainsi que de pinces;<\/li><li>\u00c9quip\u00e9e avec programme de multi impressions;<\/li><li>Display LCD avec diverses informations comme : percentage de vitesse; tempe de attende en seconds; mode de travaille; conteur de impressions;<\/li><li>Variation de vitesse de impression et couverture de encre fait par variateur \u00a0\u00e9lectronique;<\/li><li>Plateaux de impression en aluminium perforais ;<\/li><li>Possibilit\u00e9 de impression jusque \u00e0 20 mm de \u00e9pissure de objets;<\/li><li>Ajustement de pression ind\u00e9pendant GAUCHE\/DROITE et RACLE\/CONTRE RACLE;<\/li><\/ul><\/li><\/ul><table class=\"tbl-products\"><tbody><tr><th>STAR PRINT<\/th><th style=\"text-align: center;\">Unit\u00e9s<\/th><th>SP 0507<\/th><th>SP 0710<\/th><th>SP 0812<\/th><th>SP 1014<\/th><th>SP 1214<\/th><\/tr><tr><td>Format maximum de impression (profondeur*larguer)<\/td><td style=\"text-align: center;\">mm<\/td><td style=\"text-align: center;\">500&#215;700<\/td><td style=\"text-align: center;\">700&#215;1000<\/td><td style=\"text-align: center;\">800&#215;1200<\/td><td style=\"text-align: center;\">1000&#215;1400<\/td><td style=\"text-align: center;\">1200&#215;1400<\/td><\/tr><tr><td>Dimension de aspiration (profondeur*larguer)<\/td><td style=\"text-align: center;\">Cm<\/td><td style=\"text-align: center;\">63&#215;84<\/td><td style=\"text-align: center;\">82&#215;114<\/td><td style=\"text-align: center;\">91&#215;125<\/td><td style=\"text-align: center;\">111&#215;145<\/td><td style=\"text-align: center;\">131&#215;145<\/td><\/tr><tr><td>Dimension du plateaux de impression (profondeur*larguer)<\/td><td style=\"text-align: center;\">Cm<\/td><td style=\"text-align: center;\">82&#215;102<\/td><td style=\"text-align: center;\">102&#215;132<\/td><td style=\"text-align: center;\">120&#215;150<\/td><td style=\"text-align: center;\">132&#215;170<\/td><td style=\"text-align: center;\">152&#215;170<\/td><\/tr><tr><td>Production maximum par heure<\/td><td style=\"text-align: center;\">\u00a0<\/td><td style=\"text-align: center;\">900<\/td><td style=\"text-align: center;\">850<\/td><td style=\"text-align: center;\">840<\/td><td style=\"text-align: center;\">820<\/td><td style=\"text-align: center;\">800<\/td><\/tr><tr><td>Dimension ext\u00e9rieur maximum du \u00e9cran (profondeur*larguer)<\/td><td style=\"text-align: center;\">cm<\/td><td style=\"text-align: center;\">92&#215;102<\/td><td style=\"text-align: center;\">113&#215;132<\/td><td style=\"text-align: center;\">122&#215;152<\/td><td style=\"text-align: center;\">142&#215;172<\/td><td style=\"text-align: center;\">162&#215;172<\/td><\/tr><tr><td>Hauteur de travaille<\/td><td style=\"text-align: center;\">cm<\/td><td style=\"text-align: center;\">86<\/td><td style=\"text-align: center;\">86<\/td><td style=\"text-align: center;\">86<\/td><td style=\"text-align: center;\">86<\/td><td style=\"text-align: center;\">86<\/td><\/tr><tr><td>Dimension ext\u00e9rieure (larguer* profondeur* hauteur)<\/td><td style=\"text-align: center;\">Cm<\/td><td style=\"text-align: center;\">152x141x120<\/td><td style=\"text-align: center;\">172x172x120<\/td><td style=\"text-align: center;\">192x203x120<\/td><td style=\"text-align: center;\">192x243x120<\/td><td style=\"text-align: center;\">212x243x120<\/td><\/tr><tr><td>Puissance install\u00e9<\/td><td style=\"text-align: center;\">Kw<\/td><td style=\"text-align: center;\">1,5<\/td><td style=\"text-align: center;\">1,5<\/td><td style=\"text-align: center;\">2<\/td><td style=\"text-align: center;\">2<\/td><td style=\"text-align: center;\">2,5<\/td><\/tr><tr><td>Pression de air comprimai<\/td><td style=\"text-align: center;\">BAR<\/td><td style=\"text-align: center;\">4 \u00e0 5<\/td><td style=\"text-align: center;\">4 \u00e0 5<\/td><td style=\"text-align: center;\">4 \u00e0 5<\/td><td style=\"text-align: center;\">4 \u00e0 5<\/td><td style=\"text-align: center;\">4 \u00e0 5<\/td><\/tr><tr><td>Poids<\/td><td style=\"text-align: center;\">Kg<\/td><td style=\"text-align: center;\">420<\/td><td style=\"text-align: center;\">700<\/td><td style=\"text-align: center;\">960<\/td><td style=\"text-align: center;\">\u00a0<\/td><td style=\"text-align: center;\">\u00a0<\/td><\/tr><tr><td>Tension<\/td><td style=\"text-align: center;\">V<\/td><td style=\"text-align: center;\">230 ou 400<\/td><td style=\"text-align: center;\">230 ou 400<\/td><td style=\"text-align: center;\">230 ou 400<\/td><td style=\"text-align: center;\">230 ou 400<\/td><td style=\"text-align: center;\">230 ou 400<\/td><\/tr><tr><td>Dimension de envoie (largueur*profondeur*hauteur)<\/td><td style=\"text-align: center;\">Cm<\/td><td style=\"text-align: center;\">165*155*140<\/td><td style=\"text-align: center;\">180*180*140<\/td><td style=\"text-align: center;\">200*195*140<\/td><td style=\"text-align: center;\">\u00a0<\/td><td style=\"text-align: center;\">\u00a0<\/td><\/tr><\/tbody><\/table>\t\t\t\t\t\t\t\t<\/div>\n\t\t\t\t<\/div>\n\t\t\t\t\t<\/div>\n\t\t<\/div>\n\t\t\t\t\t<\/div>\n\t\t<\/section>\n\t\t\t\t<\/div>\n\t\t","protected":false},"excerpt":{"rendered":"<p>La machine Star print est une machine de s\u00e9rigraphie semi-automatique. Elle permet d\u2019imprimer des supports plats de diff\u00e9rentes dimensions. La machine peut \u00eatre aussi adapt\u00e9e avec un syst\u00e8me de sortie permettant l\u2019\u00e9vacuation automatique des supports. Ainsi, la machine de s\u00e9rigraphie passe sur un mode d\u2019impression\u00a0en 3\/4 automatique.<\/p>\n<div class=\"btn_product\"><a class=\"btn_short_pdf elementor-align-justify elementor-button\" role=\"button\" href=\"https:\/\/acosgraf.com\/wp-content\/uploads\/2019\/10\/STAR-PRINT-fr.pdf\"><i class=\"far fa-file-pdf\" aria-hidden=\"true\"><\/i> <span class=\"txt_btn_pdf\">T\u00c9L\u00c9CHARGER LE PDF<\/span><\/a><\/div>\n","protected":false},"featured_media":2830,"template":"","meta":[],"product_cat":[191,172],"product_tag":[],"class_list":["post-4550","product","type-product","status-publish","has-post-thumbnail","hentry","product_cat-impressao-semi-automatica-fr","product_cat-serigraphie"],"_links":{"self":[{"href":"https:\/\/acosgraf.com\/fr\/wp-json\/wp\/v2\/product\/4550","targetHints":{"allow":["GET"]}}],"collection":[{"href":"https:\/\/acosgraf.com\/fr\/wp-json\/wp\/v2\/product"}],"about":[{"href":"https:\/\/acosgraf.com\/fr\/wp-json\/wp\/v2\/types\/product"}],"version-history":[{"count":5,"href":"https:\/\/acosgraf.com\/fr\/wp-json\/wp\/v2\/product\/4550\/revisions"}],"predecessor-version":[{"id":10297,"href":"https:\/\/acosgraf.com\/fr\/wp-json\/wp\/v2\/product\/4550\/revisions\/10297"}],"wp:featuredmedia":[{"embeddable":true,"href":"https:\/\/acosgraf.com\/fr\/wp-json\/wp\/v2\/media\/2830"}],"wp:attachment":[{"href":"https:\/\/acosgraf.com\/fr\/wp-json\/wp\/v2\/media?parent=4550"}],"wp:term":[{"taxonomy":"product_cat","embeddable":true,"href":"https:\/\/acosgraf.com\/fr\/wp-json\/wp\/v2\/product_cat?post=4550"},{"taxonomy":"product_tag","embeddable":true,"href":"https:\/\/acosgraf.com\/fr\/wp-json\/wp\/v2\/product_tag?post=4550"}],"curies":[{"name":"wp","href":"https:\/\/api.w.org\/{rel}","templated":true}]}}