
{"id":4557,"date":"2019-10-10T16:25:47","date_gmt":"2019-10-10T16:25:47","guid":{"rendered":"https:\/\/acosgraf.com\/produto\/ac-300\/"},"modified":"2019-10-18T11:15:41","modified_gmt":"2019-10-18T11:15:41","slug":"ac-300","status":"publish","type":"product","link":"https:\/\/acosgraf.com\/fr\/produto\/ac-300\/","title":{"rendered":"AC &#8211; 260"},"content":{"rendered":"<ul>\n<li>Velocidades regul\u00e1veis e independentes na impress\u00e3o e outros;<\/li>\n<li>Movimentos electro pneum\u00e1ticos;<\/li>\n<li>F\u00e1cil manuseamento e ajustes;<\/li>\n<li>Micro registos no quadro de impress\u00e3o;<\/li>\n<li>Possibilidade de imprimir objectos redondos;<\/li>\n<li>Acess\u00f3rio de aperto da pe\u00e7a a imprimir pneum\u00e1tico c\/ insufla\u00e7\u00e3o de ar na pe\u00e7a como op\u00e7\u00e3o;<\/li>\n<li>Acess\u00f3rio c\/ cremalheira para aplicar roda dentada como op\u00e7\u00e3o;<\/li>\n<li>Modo de impress\u00e3o disponiv\u00e9is: ciclo a ciclo ou autom\u00e1tico<\/li>\n<li>Mesa de coloca\u00e7\u00e3o das pe\u00e7as com micro registos;<\/li>\n<li>Painel digital com LCD;<\/li>\n<li>Botoneira de emerg\u00eancia;<\/li>\n<li>Contador de numero de impress\u00f5es.<\/li>\n<\/ul>\n<table class=\"tbl-products\">\n<tbody>\n<tr>\n<th>AC &#8211; 260<\/th>\n<th style=\"text-align:center;\">Unidades<\/th>\n<th>AC &#8211; 300<\/th>\n<\/tr>\n<tr>\n<td>Formato m\u00e1ximo de impress\u00e3o<\/td>\n<td style=\"text-align:center;\">mm<\/td>\n<td style=\"text-align:center;\">300&#215;200<\/td>\n<\/tr>\n<tr>\n<td>Diametro m\u00e1ximo de impress\u00e3o<\/td>\n<td style=\"text-align:center;\">mm<\/td>\n<td style=\"text-align:center;\">90<\/td>\n<\/tr>\n<tr>\n<td>Altura m\u00e1xima dos objectos a imprimir<\/td>\n<td style=\"text-align:center;\">mm<\/td>\n<td style=\"text-align:center;\">200<\/td>\n<\/tr>\n<tr>\n<td>Numero de cores<\/td>\n<td style=\"text-align:center;\"><\/td>\n<td style=\"text-align:center;\">800<\/td>\n<\/tr>\n<tr>\n<td>Dimension ext\u00e9rieur maximum du cadre<\/td>\n<td style=\"text-align:center;\">cm<\/td>\n<td style=\"text-align:center;\">50 x 28 x 3<\/td>\n<\/tr>\n<tr>\n<td>Profondeur<\/td>\n<td style=\"text-align:center;\">Cm<\/td>\n<td style=\"text-align:center;\">79<\/td>\n<\/tr>\n<tr>\n<td>Larguer<\/td>\n<td style=\"text-align:center;\">Cm<\/td>\n<td style=\"text-align:center;\">62<\/td>\n<\/tr>\n<tr>\n<td>Hauteur<\/td>\n<td style=\"text-align:center;\">Cm<\/td>\n<td style=\"text-align:center;\">169<\/td>\n<\/tr>\n<tr>\n<td>Poids<\/td>\n<td style=\"text-align:center;\">Kg<\/td>\n<td style=\"text-align:center;\">138<\/td>\n<\/tr>\n<tr>\n<td>Tension<\/td>\n<td style=\"text-align:center;\">V<\/td>\n<td style=\"text-align:center;\">230 \/ 50<\/td>\n<\/tr>\n<\/tbody>\n<\/table>\n","protected":false},"excerpt":{"rendered":"<p>A AC &#8211; 300 \u00e9 uma m\u00e1quina semi autom\u00e1tica de impress\u00e3o que pode ser equipada para a impress\u00e3o em plano ou impress\u00e3o em redondos. A AC &#8211; 300 pode tambem ser equipada com tabuleiro de v\u00e1cuo com aspira\u00e7\u00e3o.<\/p>\n<div class=\"btn_product\"><a class=\"btn_short_pdf elementor-align-justify elementor-button\" role=\"button\" href=\"https:\/\/acosgraf.com\/wp-content\/uploads\/2019\/10\/AC-260-fr.pdf\"><i class=\"far fa-file-pdf\" aria-hidden=\"true\"><\/i> <span class=\"txt_btn_pdf\">T\u00c9L\u00c9CHARGER LE PDF<\/span><\/a><\/div>\n","protected":false},"featured_media":4558,"template":"","meta":[],"product_cat":[194,172],"product_tag":[],"class_list":["post-4557","product","type-product","status-publish","has-post-thumbnail","hentry","product_cat-impressao-semi-automatica-em-planos-e-redondos-fr","product_cat-serigraphie"],"_links":{"self":[{"href":"https:\/\/acosgraf.com\/fr\/wp-json\/wp\/v2\/product\/4557","targetHints":{"allow":["GET"]}}],"collection":[{"href":"https:\/\/acosgraf.com\/fr\/wp-json\/wp\/v2\/product"}],"about":[{"href":"https:\/\/acosgraf.com\/fr\/wp-json\/wp\/v2\/types\/product"}],"version-history":[{"count":2,"href":"https:\/\/acosgraf.com\/fr\/wp-json\/wp\/v2\/product\/4557\/revisions"}],"predecessor-version":[{"id":4560,"href":"https:\/\/acosgraf.com\/fr\/wp-json\/wp\/v2\/product\/4557\/revisions\/4560"}],"wp:featuredmedia":[{"embeddable":true,"href":"https:\/\/acosgraf.com\/fr\/wp-json\/wp\/v2\/media\/4558"}],"wp:attachment":[{"href":"https:\/\/acosgraf.com\/fr\/wp-json\/wp\/v2\/media?parent=4557"}],"wp:term":[{"taxonomy":"product_cat","embeddable":true,"href":"https:\/\/acosgraf.com\/fr\/wp-json\/wp\/v2\/product_cat?post=4557"},{"taxonomy":"product_tag","embeddable":true,"href":"https:\/\/acosgraf.com\/fr\/wp-json\/wp\/v2\/product_tag?post=4557"}],"curies":[{"name":"wp","href":"https:\/\/api.w.org\/{rel}","templated":true}]}}