
{"id":4561,"date":"2019-10-10T16:25:47","date_gmt":"2019-10-10T16:25:47","guid":{"rendered":"https:\/\/acosgraf.com\/produto\/ac-550-h\/"},"modified":"2021-02-23T12:04:53","modified_gmt":"2021-02-23T12:04:53","slug":"ac-550-h","status":"publish","type":"product","link":"https:\/\/acosgraf.com\/fr\/produto\/ac-550-h\/","title":{"rendered":"AC &#8211; 550 &#8211; H"},"content":{"rendered":"\t\t<div data-elementor-type=\"product-post\" data-elementor-id=\"4561\" class=\"elementor elementor-4561\" data-elementor-post-type=\"product\">\n\t\t\t\t\t\t<section class=\"elementor-section elementor-top-section elementor-element elementor-element-213d1179 elementor-section-boxed elementor-section-height-default elementor-section-height-default\" data-id=\"213d1179\" data-element_type=\"section\" data-e-type=\"section\">\n\t\t\t\t\t\t<div class=\"elementor-container elementor-column-gap-default\">\n\t\t\t\t\t<div class=\"elementor-column elementor-col-100 elementor-top-column elementor-element elementor-element-56024892\" data-id=\"56024892\" data-element_type=\"column\" data-e-type=\"column\">\n\t\t\t<div class=\"elementor-widget-wrap elementor-element-populated\">\n\t\t\t\t\t\t<div class=\"elementor-element elementor-element-3b54bbed elementor-widget elementor-widget-text-editor\" data-id=\"3b54bbed\" data-element_type=\"widget\" data-e-type=\"widget\" data-widget_type=\"text-editor.default\">\n\t\t\t\t<div class=\"elementor-widget-container\">\n\t\t\t\t\t\t\t\t\t<ul><li>Velocidades regul\u00e1veis e independentes na impress\u00e3o e outros;<\/li><li>Movimentos electro pneum\u00e1ticos;<\/li><li>F\u00e1cil manuseamento e ajustes;<\/li><li>Micro registos no quadro de impress\u00e3o;<\/li><li>Possibilidade de imprimir objectos redondos;<\/li><li>Acess\u00f3rio de aperto da pe\u00e7a a imprimir pneum\u00e1tico c\/ insufla\u00e7\u00e3o de ar na pe\u00e7a como op\u00e7\u00e3o;<\/li><li>Acess\u00f3rio c\/ cremalheira para aplicar roda dentada como op\u00e7\u00e3o;<\/li><li>Modo de impress\u00e3o disponiv\u00e9is: ciclo a ciclo ou autom\u00e1tico<\/li><li>Mesa de coloca\u00e7\u00e3o das pe\u00e7as com micro registos;<\/li><li>Painel digital com LCD;<\/li><li>Botoneira de emerg\u00eancia;<\/li><li>Contador de numero de impress\u00f5es.<\/li><\/ul><table class=\"tbl-products\"><tbody><tr><th>AC &#8211; 550 &#8211; H<\/th><th style=\"text-align: center;\">Uni<\/th><th>AC &#8211; 550 &#8211; H<\/th><\/tr><tr><td>Formato m\u00e1ximo de impress\u00e3o (prof. * larg.)<\/td><td style=\"text-align: center;\">Cm<\/td><td style=\"text-align: center;\">50 x 35<\/td><\/tr><tr><td>Diametro m\u00e1ximo de impress\u00e3o<\/td><td style=\"text-align: center;\">mm<\/td><td style=\"text-align: center;\">170<\/td><\/tr><tr><td>Altura m\u00e1xima dos objectos a imprimir<\/td><td style=\"text-align: center;\">mm<\/td><td style=\"text-align: center;\">500<\/td><\/tr><tr><td>Formato m\u00e1ximo do quadro<\/td><td style=\"text-align: center;\">Cm<\/td><td style=\"text-align: center;\">75 x 43<\/td><\/tr><tr><td>Profundidade exterior<\/td><td style=\"text-align: center;\">Cm<\/td><td style=\"text-align: center;\">110<\/td><\/tr><tr><td>Largura exterior<\/td><td style=\"text-align: center;\">Cm<\/td><td style=\"text-align: center;\">110<\/td><\/tr><tr><td>Altura exterior<\/td><td style=\"text-align: center;\">Cm<\/td><td style=\"text-align: center;\">185<\/td><\/tr><tr><td>Peso<\/td><td style=\"text-align: center;\">Kg<\/td><td style=\"text-align: center;\">380<\/td><\/tr><tr><td>Voltagem<\/td><td style=\"text-align: center;\">V<\/td><td style=\"text-align: center;\">230\/50<\/td><\/tr><\/tbody><\/table>\t\t\t\t\t\t\t\t<\/div>\n\t\t\t\t<\/div>\n\t\t\t\t\t<\/div>\n\t\t<\/div>\n\t\t\t\t\t<\/div>\n\t\t<\/section>\n\t\t\t\t<\/div>\n\t\t","protected":false},"excerpt":{"rendered":"<p>A AC &#8211; 550 &#8211; H \u00e9 uma m\u00e1quina semi autom\u00e1tica de impress\u00e3o que pode ser equipada para a impress\u00e3o em plano ou impress\u00e3o em redondos. A AC &#8211; 550 &#8211; H pode tambem ser equipada com tabuleiro de v\u00e1cuo com aspira\u00e7\u00e3o. A AC &#8211; 550 &#8211; H t\u00eam um desenho especial para ser capaz de imprimir objectos at\u00e9 500 mm de altura.<\/p>\n<div class=\"btn_product\"><a class=\"btn_short_pdf elementor-align-justify elementor-button\" role=\"button\" href=\"https:\/\/acosgraf.com\/wp-content\/uploads\/2019\/10\/AC-550-H-fr.pdf\"><i class=\"far fa-file-pdf\" aria-hidden=\"true\"><\/i> <span class=\"txt_btn_pdf\">T\u00c9L\u00c9CHARGER LE PDF<\/span><\/a><\/div>\n","protected":false},"featured_media":4562,"template":"","meta":[],"product_cat":[194,172],"product_tag":[],"class_list":["post-4561","product","type-product","status-publish","has-post-thumbnail","hentry","product_cat-impressao-semi-automatica-em-planos-e-redondos-fr","product_cat-serigraphie"],"_links":{"self":[{"href":"https:\/\/acosgraf.com\/fr\/wp-json\/wp\/v2\/product\/4561","targetHints":{"allow":["GET"]}}],"collection":[{"href":"https:\/\/acosgraf.com\/fr\/wp-json\/wp\/v2\/product"}],"about":[{"href":"https:\/\/acosgraf.com\/fr\/wp-json\/wp\/v2\/types\/product"}],"version-history":[{"count":5,"href":"https:\/\/acosgraf.com\/fr\/wp-json\/wp\/v2\/product\/4561\/revisions"}],"predecessor-version":[{"id":9257,"href":"https:\/\/acosgraf.com\/fr\/wp-json\/wp\/v2\/product\/4561\/revisions\/9257"}],"wp:featuredmedia":[{"embeddable":true,"href":"https:\/\/acosgraf.com\/fr\/wp-json\/wp\/v2\/media\/4562"}],"wp:attachment":[{"href":"https:\/\/acosgraf.com\/fr\/wp-json\/wp\/v2\/media?parent=4561"}],"wp:term":[{"taxonomy":"product_cat","embeddable":true,"href":"https:\/\/acosgraf.com\/fr\/wp-json\/wp\/v2\/product_cat?post=4561"},{"taxonomy":"product_tag","embeddable":true,"href":"https:\/\/acosgraf.com\/fr\/wp-json\/wp\/v2\/product_tag?post=4561"}],"curies":[{"name":"wp","href":"https:\/\/api.w.org\/{rel}","templated":true}]}}