
{"id":4582,"date":"2019-10-10T16:25:50","date_gmt":"2019-10-10T16:25:50","guid":{"rendered":"https:\/\/acosgraf.com\/produto\/voyager\/"},"modified":"2019-10-18T11:29:16","modified_gmt":"2019-10-18T11:29:16","slug":"voyager","status":"publish","type":"product","link":"https:\/\/acosgraf.com\/fr\/produto\/voyager\/","title":{"rendered":"VOYAGER"},"content":{"rendered":"<table class=\"tbl-products\">\n<tbody>\n<tr>\n<th>VOYAGER<\/th>\n<th style=\"text-align:center;\">Unidades<\/th>\n<th>VO 3550<\/th>\n<\/tr>\n<tr>\n<td>Formato m\u00e1xima da folha a retirar<\/td>\n<td style=\"text-align:center;\">Cm<\/td>\n<td style=\"text-align:center;\">35&#215;50<\/td>\n<\/tr>\n<tr>\n<td>Numero de cores<\/td>\n<td style=\"text-align:center;\"><\/td>\n<td style=\"text-align:center;\">500<\/td>\n<\/tr>\n<tr>\n<td>Power install<\/td>\n<td style=\"text-align:center;\">W<\/td>\n<td style=\"text-align:center;\">1<\/td>\n<\/tr>\n<tr>\n<td>Longueur<\/td>\n<td style=\"text-align:center;\">Cm<\/td>\n<td style=\"text-align:center;\">120<\/td>\n<\/tr>\n<tr>\n<td>Larguer<\/td>\n<td style=\"text-align:center;\">Cm<\/td>\n<td style=\"text-align:center;\">90<\/td>\n<\/tr>\n<tr>\n<td>Hauteur<\/td>\n<td style=\"text-align:center;\">Cm<\/td>\n<td style=\"text-align:center;\">150<\/td>\n<\/tr>\n<tr>\n<td>Poids<\/td>\n<td style=\"text-align:center;\">Kg<\/td>\n<td style=\"text-align:center;\">300<\/td>\n<\/tr>\n<tr>\n<td>Tension<\/td>\n<td style=\"text-align:center;\">V<\/td>\n<td style=\"text-align:center;\">230<\/td>\n<\/tr>\n<\/tbody>\n<\/table>\n","protected":false},"excerpt":{"rendered":"<p>O VOYAGER \u00e9 um stacker autom\u00e1tico de empilha\u00e7\u00e3o de folhas que faz automaticamente a recolha da folha \u00e0 saida do tunel utilizando um pin\u00e7a pneum\u00e1tica. O stacker VOYAGER est\u00e1 dispon\u00edvel em diversos modelos e pode ser utilizado individualmente ou integrado em linhas de impress\u00e3o. O VOYAGER pode ser equipado com uma ou duas pin\u00e7as individuais de retiro de pe\u00e7a.<\/p>\n<div class=\"btn_product\"><a class=\"btn_short_pdf elementor-align-justify elementor-button\" role=\"button\" href=\"https:\/\/acosgraf.com\/wp-content\/uploads\/2019\/10\/VOYAGER-fr.pdf\"><i class=\"far fa-file-pdf\" aria-hidden=\"true\"><\/i> <span class=\"txt_btn_pdf\">T\u00c9L\u00c9CHARGER LE PDF<\/span><\/a><\/div>\n","protected":false},"featured_media":9184,"template":"","meta":[],"product_cat":[206,172],"product_tag":[],"class_list":["post-4582","product","type-product","status-publish","has-post-thumbnail","hentry","product_cat-stackers-automaticos-fr","product_cat-serigraphie"],"_links":{"self":[{"href":"https:\/\/acosgraf.com\/fr\/wp-json\/wp\/v2\/product\/4582","targetHints":{"allow":["GET"]}}],"collection":[{"href":"https:\/\/acosgraf.com\/fr\/wp-json\/wp\/v2\/product"}],"about":[{"href":"https:\/\/acosgraf.com\/fr\/wp-json\/wp\/v2\/types\/product"}],"version-history":[{"count":3,"href":"https:\/\/acosgraf.com\/fr\/wp-json\/wp\/v2\/product\/4582\/revisions"}],"predecessor-version":[{"id":4585,"href":"https:\/\/acosgraf.com\/fr\/wp-json\/wp\/v2\/product\/4582\/revisions\/4585"}],"wp:featuredmedia":[{"embeddable":true,"href":"https:\/\/acosgraf.com\/fr\/wp-json\/wp\/v2\/media\/9184"}],"wp:attachment":[{"href":"https:\/\/acosgraf.com\/fr\/wp-json\/wp\/v2\/media?parent=4582"}],"wp:term":[{"taxonomy":"product_cat","embeddable":true,"href":"https:\/\/acosgraf.com\/fr\/wp-json\/wp\/v2\/product_cat?post=4582"},{"taxonomy":"product_tag","embeddable":true,"href":"https:\/\/acosgraf.com\/fr\/wp-json\/wp\/v2\/product_tag?post=4582"}],"curies":[{"name":"wp","href":"https:\/\/api.w.org\/{rel}","templated":true}]}}