
{"id":4586,"date":"2019-10-10T16:25:50","date_gmt":"2019-10-10T16:25:50","guid":{"rendered":"https:\/\/acosgraf.com\/produto\/rackcuter\/"},"modified":"2021-11-28T12:56:18","modified_gmt":"2021-11-28T12:56:18","slug":"rackcuter","status":"publish","type":"product","link":"https:\/\/acosgraf.com\/fr\/produto\/rackcuter\/","title":{"rendered":"RACKCUTER"},"content":{"rendered":"\t\t<div data-elementor-type=\"product-post\" data-elementor-id=\"4586\" class=\"elementor elementor-4586\" data-elementor-post-type=\"product\">\n\t\t\t\t\t\t<section class=\"elementor-section elementor-top-section elementor-element elementor-element-7841fea0 elementor-section-boxed elementor-section-height-default elementor-section-height-default\" data-id=\"7841fea0\" data-element_type=\"section\" data-e-type=\"section\">\n\t\t\t\t\t\t<div class=\"elementor-container elementor-column-gap-default\">\n\t\t\t\t\t<div class=\"elementor-column elementor-col-100 elementor-top-column elementor-element elementor-element-477800a4\" data-id=\"477800a4\" data-element_type=\"column\" data-e-type=\"column\">\n\t\t\t<div class=\"elementor-widget-wrap elementor-element-populated\">\n\t\t\t\t\t\t<div class=\"elementor-element elementor-element-5b1381c2 elementor-widget elementor-widget-text-editor\" data-id=\"5b1381c2\" data-element_type=\"widget\" data-e-type=\"widget\" data-widget_type=\"text-editor.default\">\n\t\t\t\t<div class=\"elementor-widget-container\">\n\t\t\t\t\t\t\t\t\t<ul><li>Regula\u00e7\u00e3o electr\u00f3nica da velocidade para afiar a racklete\u00a0;<\/li><li>Regula\u00e7\u00e3o electr\u00f3nica da velocidade do carro;<\/li><li>Funcionamento em modo manual ou autom\u00e1tico;<\/li><li>Consola digital para programa\u00e7\u00e3o dos avan\u00e7os e subida;<\/li><li>Ajustes microm\u00e9tricos e inclina\u00e7\u00e3o da racklete;<\/li><li>Arm\u00e1rio com portas de correr como op\u00e7\u00e3o;<\/li><li>Possibilidade de afiar racklete at\u00e9 115 cm de comprimento;<\/li><li>Possibilidade de afiar rackletes com diversos perfil.<\/li><\/ul><table class=\"tbl-products\"><tbody><tr><th>RACKGRINDER<\/th><th style=\"text-align: center;\">Uni<\/th><th>RG 115<\/th><\/tr><tr><td>Dimens\u00e3o max. a afiar<\/td><td style=\"text-align: center;\">Cm<\/td><td style=\"text-align: center;\">115<\/td><\/tr><tr><td>Profundidade exterior<\/td><td style=\"text-align: center;\">Cm<\/td><td style=\"text-align: center;\">40<\/td><\/tr><tr><td>Largura exterior<\/td><td style=\"text-align: center;\">Cm<\/td><td style=\"text-align: center;\">210<\/td><\/tr><tr><td>Altura exterior<\/td><td style=\"text-align: center;\">Cm<\/td><td style=\"text-align: center;\">160<\/td><\/tr><tr><td>Peso<\/td><td style=\"text-align: center;\">Kg<\/td><td style=\"text-align: center;\">200<\/td><\/tr><tr><td>Voltagem<\/td><td style=\"text-align: center;\">V<\/td><td style=\"text-align: center;\">230 \/ 50<\/td><\/tr><\/tbody><\/table>\t\t\t\t\t\t\t\t<\/div>\n\t\t\t\t<\/div>\n\t\t\t\t\t<\/div>\n\t\t<\/div>\n\t\t\t\t\t<\/div>\n\t\t<\/section>\n\t\t\t\t<\/div>\n\t\t","protected":false},"excerpt":{"rendered":"<div class=\"btn_product\"><i class=\"far fa-file-pdf\" aria-hidden=\"true\"><\/i> <span class=\"txt_btn_pdf\">Le RACKCUTER est une machine con\u00e7ue pour aff\u00fbter raclettes impression 100% en mode automatique. Le RACKCUTER est \u00e9quip\u00e9e avec un \u00e9cran LCD sur lequel l&#8217;op\u00e9rateur peut programmer divers programmes de travaille pour obtenir le r\u00e9sultat parfait. Le RACKCUTER peux \u00eatre \u00e9quip\u00e9 de divers accessoires pour acceptais profils diff\u00e9rents.<\/p>\n<p>T\u00c9L\u00c9CHARGER LE PDF<\/span><\/div>\n","protected":false},"featured_media":10253,"template":"","meta":[],"product_cat":[174,172],"product_tag":[],"class_list":["post-4586","product","type-product","status-publish","has-post-thumbnail","hentry","product_cat-squeegee-grinder-fr","product_cat-serigraphie"],"_links":{"self":[{"href":"https:\/\/acosgraf.com\/fr\/wp-json\/wp\/v2\/product\/4586","targetHints":{"allow":["GET"]}}],"collection":[{"href":"https:\/\/acosgraf.com\/fr\/wp-json\/wp\/v2\/product"}],"about":[{"href":"https:\/\/acosgraf.com\/fr\/wp-json\/wp\/v2\/types\/product"}],"version-history":[{"count":3,"href":"https:\/\/acosgraf.com\/fr\/wp-json\/wp\/v2\/product\/4586\/revisions"}],"predecessor-version":[{"id":7914,"href":"https:\/\/acosgraf.com\/fr\/wp-json\/wp\/v2\/product\/4586\/revisions\/7914"}],"wp:featuredmedia":[{"embeddable":true,"href":"https:\/\/acosgraf.com\/fr\/wp-json\/wp\/v2\/media\/10253"}],"wp:attachment":[{"href":"https:\/\/acosgraf.com\/fr\/wp-json\/wp\/v2\/media?parent=4586"}],"wp:term":[{"taxonomy":"product_cat","embeddable":true,"href":"https:\/\/acosgraf.com\/fr\/wp-json\/wp\/v2\/product_cat?post=4586"},{"taxonomy":"product_tag","embeddable":true,"href":"https:\/\/acosgraf.com\/fr\/wp-json\/wp\/v2\/product_tag?post=4586"}],"curies":[{"name":"wp","href":"https:\/\/api.w.org\/{rel}","templated":true}]}}