
{"id":4590,"date":"2019-10-10T16:25:50","date_gmt":"2019-10-10T16:25:50","guid":{"rendered":"https:\/\/acosgraf.com\/produto\/oscar\/"},"modified":"2025-01-28T09:40:57","modified_gmt":"2025-01-28T09:40:57","slug":"oscar-500","status":"publish","type":"product","link":"https:\/\/acosgraf.com\/fr\/produto\/oscar-500\/","title":{"rendered":"OSCAR 500"},"content":{"rendered":"\t\t<div data-elementor-type=\"product-post\" data-elementor-id=\"4590\" class=\"elementor elementor-4590\" data-elementor-post-type=\"product\">\n\t\t\t\t\t\t<section class=\"elementor-section elementor-top-section elementor-element elementor-element-65882da8 elementor-section-boxed elementor-section-height-default elementor-section-height-default\" data-id=\"65882da8\" data-element_type=\"section\" data-e-type=\"section\">\n\t\t\t\t\t\t<div class=\"elementor-container elementor-column-gap-default\">\n\t\t\t\t\t<div class=\"elementor-column elementor-col-100 elementor-top-column elementor-element elementor-element-3327c130\" data-id=\"3327c130\" data-element_type=\"column\" data-e-type=\"column\">\n\t\t\t<div class=\"elementor-widget-wrap elementor-element-populated\">\n\t\t\t\t\t\t<div class=\"elementor-element elementor-element-dfaae29 elementor-widget elementor-widget-text-editor\" data-id=\"dfaae29\" data-element_type=\"widget\" data-e-type=\"widget\" data-widget_type=\"text-editor.default\">\n\t\t\t\t<div class=\"elementor-widget-container\">\n\t\t\t\t\t\t\t\t\t<ul><li>Deposito interno em PP com capacidade de 500 litros de \u00e1gua<\/li><li>Mexedor fabricado em a\u00e7o inox com ajuste de velocidade<\/li><li>Bomba de \u00e1gua sujas para instala\u00e7\u00e3o em deposito externo inclu\u00eddo<br \/>100% fabricado em a\u00e7o inox<\/li><li>Deposito com filtro de part\u00edculas solidas ap\u00f3s filtra\u00e7\u00e3o<\/li><li>Sensor de n\u00edvel m\u00e1ximo para evitar derrames e processo autom\u00e1tico de enchimento<\/li><li>Alerta sonoro para indicar fim de ciclo de mistura<\/li><li>Tempo de Mistura e repouso ajust\u00e1vel<\/li><li>PLUG and PLAY -Instala\u00e7\u00e3o simples e r\u00e1pida.<\/li><li>Escadas em a\u00e7o inox para f\u00e1cil opera\u00e7\u00e3o e conforto do operador<\/li><li>Liga\u00e7\u00e3o el\u00e9trica \u2013 220 Volts<\/li><\/ul><table class=\"tbl-products\"><tbody><tr><th>OSCAR<\/th><th style=\"text-align: center;\">Uni<\/th><th>OS 500<\/th><\/tr><tr><td>Cap. trat. aguas por dia<\/td><td style=\"text-align: center;\">Litros<\/td><td style=\"text-align: center;\">1000<\/td><\/tr><tr><td>Profundidade exterior<\/td><td style=\"text-align: center;\">Cm<\/td><td style=\"text-align: center;\">155<\/td><\/tr><tr><td>Largura exterior<\/td><td style=\"text-align: center;\">Cm<\/td><td style=\"text-align: center;\">115<\/td><\/tr><tr><td>Altura exterior<\/td><td style=\"text-align: center;\">Cm<\/td><td style=\"text-align: center;\">233<\/td><\/tr><tr><td>Pot\u00eancia<\/td><td style=\"text-align: center;\">Kw<\/td><td style=\"text-align: center;\">2<\/td><\/tr><tr><td>Peso liquido<\/td><td style=\"text-align: center;\">Kg<\/td><td style=\"text-align: center;\">390<\/td><\/tr><tr><td>Voltagem<\/td><td style=\"text-align: center;\">V\/Hz<\/td><td style=\"text-align: center;\">230 \/ 50<\/td><\/tr><\/tbody><\/table>\t\t\t\t\t\t\t\t<\/div>\n\t\t\t\t<\/div>\n\t\t\t\t\t<\/div>\n\t\t<\/div>\n\t\t\t\t\t<\/div>\n\t\t<\/section>\n\t\t\t\t<\/div>\n\t\t","protected":false},"excerpt":{"rendered":"<p>La machine OSCAR 500 est une station d&#8217;\u00e9puration des eaux us\u00e9es utilis\u00e9e en s\u00e9rigraphie. L&#8217;OSCAR 500 peut \u00e9liminer tous les d\u00e9bris de l&#8217;eau utilis\u00e9e en s\u00e9rigraphie pour : laver ; d\u00e9veloppement, d\u00e9capage, nettoyage, etc&#8230; L&#8217;OSCAR 500 est \u00e9quip\u00e9 d&#8217;un syst\u00e8me de traitement de l&#8217;eau en 2 \u00e9tapes : \u00e9limination des particules solides et nettoyage du pigment de couleur.<\/p>\n","protected":false},"featured_media":12735,"template":"","meta":[],"product_cat":[172,207],"product_tag":[],"class_list":["post-4590","product","type-product","status-publish","has-post-thumbnail","hentry","product_cat-serigraphie","product_cat-tratamento-de-aguas-residuais-de-serigrafia-fr"],"_links":{"self":[{"href":"https:\/\/acosgraf.com\/fr\/wp-json\/wp\/v2\/product\/4590","targetHints":{"allow":["GET"]}}],"collection":[{"href":"https:\/\/acosgraf.com\/fr\/wp-json\/wp\/v2\/product"}],"about":[{"href":"https:\/\/acosgraf.com\/fr\/wp-json\/wp\/v2\/types\/product"}],"version-history":[{"count":5,"href":"https:\/\/acosgraf.com\/fr\/wp-json\/wp\/v2\/product\/4590\/revisions"}],"predecessor-version":[{"id":12905,"href":"https:\/\/acosgraf.com\/fr\/wp-json\/wp\/v2\/product\/4590\/revisions\/12905"}],"wp:featuredmedia":[{"embeddable":true,"href":"https:\/\/acosgraf.com\/fr\/wp-json\/wp\/v2\/media\/12735"}],"wp:attachment":[{"href":"https:\/\/acosgraf.com\/fr\/wp-json\/wp\/v2\/media?parent=4590"}],"wp:term":[{"taxonomy":"product_cat","embeddable":true,"href":"https:\/\/acosgraf.com\/fr\/wp-json\/wp\/v2\/product_cat?post=4590"},{"taxonomy":"product_tag","embeddable":true,"href":"https:\/\/acosgraf.com\/fr\/wp-json\/wp\/v2\/product_tag?post=4590"}],"curies":[{"name":"wp","href":"https:\/\/api.w.org\/{rel}","templated":true}]}}