
{"id":6746,"date":"2019-12-05T18:10:47","date_gmt":"2019-12-05T18:10:47","guid":{"rendered":"https:\/\/acosgraf.com\/?post_type=product&#038;p=6746"},"modified":"2019-12-06T09:42:40","modified_gmt":"2019-12-06T09:42:40","slug":"infradryer-3m-cold-2m","status":"publish","type":"product","link":"https:\/\/acosgraf.com\/fr\/produto\/infradryer-3m-cold-2m\/","title":{"rendered":"AIRDRYER 3M + FROID 2M"},"content":{"rendered":"","protected":false},"excerpt":{"rendered":"<p>AIRDRYER 3M + COLD 2M est un tunnel de s\u00e9chage d\u00e9signe pour le s\u00e9chage des encres \u00e0 base d&#8217;eau imprim\u00e9es sur une impression num\u00e9rique. L&#8217;AIRDRYER 3M + COLD 2M est \u00e9quip\u00e9 d&#8217;une turbine \u00e0 air chaud qui fonctionne en circuit ferm\u00e9e d\u2019air pour vous permettre de r\u00e9aliser des \u00e9conomies d&#8217;\u00e9nergie maximales avec des r\u00e9sultats de s\u00e9chage optimaux pour les encres \u00e0 base d&#8217;eau imprim\u00e9es sur une impression num\u00e9rique. L&#8217;AIRDRYER 3M + COLD 2M est \u00e9galement \u00e9quip\u00e9 d&#8217;un module de refroidissement dans la sortie pour abaisser la temp\u00e9rature de la feuille afin que vous pouvais empiler les feuilles parfaitement.<\/p>\n","protected":false},"featured_media":6775,"template":"","meta":[],"product_cat":[140,138],"product_tag":[],"class_list":["post-6746","product","type-product","status-publish","has-post-thumbnail","hentry","product_cat-dst-dryers-fr","product_cat-dst-system-fr"],"_links":{"self":[{"href":"https:\/\/acosgraf.com\/fr\/wp-json\/wp\/v2\/product\/6746","targetHints":{"allow":["GET"]}}],"collection":[{"href":"https:\/\/acosgraf.com\/fr\/wp-json\/wp\/v2\/product"}],"about":[{"href":"https:\/\/acosgraf.com\/fr\/wp-json\/wp\/v2\/types\/product"}],"version-history":[{"count":4,"href":"https:\/\/acosgraf.com\/fr\/wp-json\/wp\/v2\/product\/6746\/revisions"}],"predecessor-version":[{"id":6759,"href":"https:\/\/acosgraf.com\/fr\/wp-json\/wp\/v2\/product\/6746\/revisions\/6759"}],"wp:featuredmedia":[{"embeddable":true,"href":"https:\/\/acosgraf.com\/fr\/wp-json\/wp\/v2\/media\/6775"}],"wp:attachment":[{"href":"https:\/\/acosgraf.com\/fr\/wp-json\/wp\/v2\/media?parent=6746"}],"wp:term":[{"taxonomy":"product_cat","embeddable":true,"href":"https:\/\/acosgraf.com\/fr\/wp-json\/wp\/v2\/product_cat?post=6746"},{"taxonomy":"product_tag","embeddable":true,"href":"https:\/\/acosgraf.com\/fr\/wp-json\/wp\/v2\/product_tag?post=6746"}],"curies":[{"name":"wp","href":"https:\/\/api.w.org\/{rel}","templated":true}]}}