
{"id":727,"date":"2019-10-10T16:25:44","date_gmt":"2019-10-10T16:25:44","guid":{"rendered":"https:\/\/acosgraf.com\/produto\/spyder\/"},"modified":"2019-10-10T16:25:44","modified_gmt":"2019-10-10T16:25:44","slug":"spyder","status":"publish","type":"product","link":"https:\/\/acosgraf.com\/fr\/produto\/spyder\/","title":{"rendered":"SPYDER"},"content":{"rendered":"<ul>\n<li>Tecnologia de CERA (n\u00e3o utiliza tinteiros, nem tintas, nem cabe\u00e7ais de impress\u00e3o;<\/li>\n<li>Resolu\u00e7\u00e3o m\u00e1xima de 1200 dpi real;<\/li>\n<li>RIP Harlequim incluido;<\/li>\n<li>Capaz de produzir 2 metros quadrados de impress\u00e3o por minuto;<\/li>\n<li>Pode trabalhar quer com PC ou MAC;<\/li>\n<li>Reduz o tempo de SETUP de centragem de fotolito;<\/li>\n<li>Elimina o armazenamento de fotolitos uma vez que deixa de ser necess\u00e1rio;<\/li>\n<li>Aumenta e simplifica o processo de abertura de quadros;<\/li>\n<\/ul>\n<table class=\"tbl-products\">\n<tbody>\n<tr>\n<th>SPYDER<\/th>\n<th style=\"text-align:center;\">Uni<\/th>\n<th>SPY 76<\/th>\n<th>SPY 137<\/th>\n<\/tr>\n<tr>\n<td>Resolu\u00e7\u00e3o de impress\u00e3o<\/td>\n<td style=\"text-align:center;\">dpi<\/td>\n<td style=\"text-align:center;\">600 ou 1200<\/td>\n<td style=\"text-align:center;\">600 ou 1200<\/td>\n<\/tr>\n<tr>\n<td>Vel. max. de impress\u00e3o a 1200dpi<\/td>\n<td style=\"text-align:center;\">m2\/h<\/td>\n<td style=\"text-align:center;\">13<\/td>\n<td style=\"text-align:center;\">13<\/td>\n<\/tr>\n<tr>\n<td>Vel. max. de impress\u00e3o a 600dpi<\/td>\n<td style=\"text-align:center;\">m2\/h<\/td>\n<td style=\"text-align:center;\">8<\/td>\n<td style=\"text-align:center;\">8<\/td>\n<\/tr>\n<tr>\n<td>Formato m\u00e1ximo de impress\u00e3o<\/td>\n<td style=\"text-align:center;\">Cm<\/td>\n<td style=\"text-align:center;\">63&#215;76<\/td>\n<td style=\"text-align:center;\">127&#215;102<\/td>\n<\/tr>\n<tr>\n<td>Formato m\u00e1ximo do quadro<\/td>\n<td style=\"text-align:center;\">Cm<\/td>\n<td style=\"text-align:center;\">76&#215;101<\/td>\n<td style=\"text-align:center;\">137&#215;116<\/td>\n<\/tr>\n<tr>\n<td>Potencia instalada<\/td>\n<td style=\"text-align:center;\">Kw<\/td>\n<td style=\"text-align:center;\">2<\/td>\n<td style=\"text-align:center;\">2<\/td>\n<\/tr>\n<tr>\n<td>Profundidade exterior<\/td>\n<td style=\"text-align:center;\">Cm<\/td>\n<td style=\"text-align:center;\">76<\/td>\n<td style=\"text-align:center;\">79<\/td>\n<\/tr>\n<tr>\n<td>Largura exterior<\/td>\n<td style=\"text-align:center;\">Cm<\/td>\n<td style=\"text-align:center;\">124<\/td>\n<td style=\"text-align:center;\">203<\/td>\n<\/tr>\n<tr>\n<td>Altura exterior<\/td>\n<td style=\"text-align:center;\">Cm<\/td>\n<td style=\"text-align:center;\">155<\/td>\n<td style=\"text-align:center;\">155<\/td>\n<\/tr>\n<tr>\n<td>Press\u00e3o m\u00e1xima de ar comprimido<\/td>\n<td style=\"text-align:center;\">BAR<\/td>\n<td style=\"text-align:center;\">6<\/td>\n<td style=\"text-align:center;\">6<\/td>\n<\/tr>\n<tr>\n<td>Peso<\/td>\n<td style=\"text-align:center;\">Kg<\/td>\n<td style=\"text-align:center;\">136<\/td>\n<td style=\"text-align:center;\">150<\/td>\n<\/tr>\n<tr>\n<td>Voltagem<\/td>\n<td style=\"text-align:center;\">V<\/td>\n<td style=\"text-align:center;\">230<\/td>\n<td style=\"text-align:center;\">230<\/td>\n<\/tr>\n<\/tbody>\n<\/table>\n","protected":false},"excerpt":{"rendered":"<p>A SPYDER \u00e9 uma m\u00e1quina de impress\u00e3o de fotolito diretamente no quadro de serigrafia (CTS &#8211; Computer to screen). A SPYDER utiliza a tecnologia de cera e pode ser utilizada com uma emuls\u00e3o normal DIAZO ou 100% Polimerica num quadro de serigrafia com qualquer tipo de tela.<\/p>\n<div class=\"btn_product\"><a class=\"btn_short_pdf elementor-align-justify elementor-button\" role=\"button\" href=\"https:\/\/acosgraf.com\/wp-content\/uploads\/2019\/10\/SPYDER.pdf\"><i class=\"far fa-file-pdf\" aria-hidden=\"true\"><\/i> <span class=\"txt_btn_pdf\">DOWNLOAD PDF<\/span><\/a><\/div>\n","protected":false},"featured_media":558,"template":"","meta":[],"product_brand":[],"product_cat":[56,54],"product_tag":[],"class_list":{"0":"post-727","1":"product","2":"type-product","3":"status-publish","4":"has-post-thumbnail","6":"product_cat-gravacao-fotolito-direto-no-quadro-cts","7":"product_cat-serigrafia","9":"first","10":"instock","11":"purchasable","12":"product-type-simple"},"_links":{"self":[{"href":"https:\/\/acosgraf.com\/fr\/wp-json\/wp\/v2\/product\/727","targetHints":{"allow":["GET"]}}],"collection":[{"href":"https:\/\/acosgraf.com\/fr\/wp-json\/wp\/v2\/product"}],"about":[{"href":"https:\/\/acosgraf.com\/fr\/wp-json\/wp\/v2\/types\/product"}],"version-history":[{"count":1,"href":"https:\/\/acosgraf.com\/fr\/wp-json\/wp\/v2\/product\/727\/revisions"}],"predecessor-version":[{"id":728,"href":"https:\/\/acosgraf.com\/fr\/wp-json\/wp\/v2\/product\/727\/revisions\/728"}],"wp:featuredmedia":[{"embeddable":true,"href":"https:\/\/acosgraf.com\/fr\/wp-json\/wp\/v2\/media\/558"}],"wp:attachment":[{"href":"https:\/\/acosgraf.com\/fr\/wp-json\/wp\/v2\/media?parent=727"}],"wp:term":[{"taxonomy":"product_brand","embeddable":true,"href":"https:\/\/acosgraf.com\/fr\/wp-json\/wp\/v2\/product_brand?post=727"},{"taxonomy":"product_cat","embeddable":true,"href":"https:\/\/acosgraf.com\/fr\/wp-json\/wp\/v2\/product_cat?post=727"},{"taxonomy":"product_tag","embeddable":true,"href":"https:\/\/acosgraf.com\/fr\/wp-json\/wp\/v2\/product_tag?post=727"}],"curies":[{"name":"wp","href":"https:\/\/api.w.org\/{rel}","templated":true}]}}