
{"id":8502,"date":"2020-06-14T16:02:02","date_gmt":"2020-06-14T16:02:02","guid":{"rendered":"https:\/\/acosgraf.com\/?post_type=product&#038;p=8502"},"modified":"2021-06-01T15:18:24","modified_gmt":"2021-06-01T15:18:24","slug":"star-print-mini","status":"publish","type":"product","link":"https:\/\/acosgraf.com\/fr\/produto\/star-print-mini\/","title":{"rendered":"STAR PRINT MINI"},"content":{"rendered":"\t\t<div data-elementor-type=\"product-post\" data-elementor-id=\"8502\" class=\"elementor elementor-8502\" data-elementor-post-type=\"product\">\n\t\t\t\t\t\t<section class=\"elementor-section elementor-top-section elementor-element elementor-element-3d518487 elementor-section-boxed elementor-section-height-default elementor-section-height-default\" data-id=\"3d518487\" data-element_type=\"section\" data-e-type=\"section\">\n\t\t\t\t\t\t<div class=\"elementor-container elementor-column-gap-default\">\n\t\t\t\t\t<div class=\"elementor-column elementor-col-100 elementor-top-column elementor-element elementor-element-15cad1fa\" data-id=\"15cad1fa\" data-element_type=\"column\" data-e-type=\"column\">\n\t\t\t<div class=\"elementor-widget-wrap elementor-element-populated\">\n\t\t\t\t\t\t<div class=\"elementor-element elementor-element-6dbcf183 elementor-widget elementor-widget-text-editor\" data-id=\"6dbcf183\" data-element_type=\"widget\" data-e-type=\"widget\" data-widget_type=\"text-editor.default\">\n\t\t\t\t<div class=\"elementor-widget-container\">\n\t\t\t\t\t\t\t\t\t<ul><li>Possibilidade de trabalhar em 3 modos: autom\u00e1tico, manual ou semi autom\u00e1tico;<\/li><li>Ciclo de impress\u00e3o em sentido frontal que lhe assegura um excelente fora contacto e facilita m\u00e1ximo aproveitamento da mesa de impress\u00e3o;<\/li><li>Programa especial para recolha de tinta;<\/li><li>Programa de multi impress\u00f5es incluido;<\/li><li>LCD Display com diversas informa\u00e7\u00f5es como\u00a0percentagem de velocidade, tempo de espera em\u00a0segundos; modo de trabalho,\u00a0etc..<\/li><li>Controlo electr\u00f3nico independente da velocidade de raclagem e contra raclagem;<\/li><li>Tampo de alum\u00ednio perfurado e com micro registros de impress\u00e3o;<\/li><li>Montagem do quadro de impress\u00e3o de f\u00e1cil acesso com possibilidade montagem lateral;<\/li><li>Ajuste do tampo em altura a permitir impress\u00e3o em objectos at\u00e9 20mm de espessura.<\/li><\/ul><table class=\"tbl-products\"><tbody><tr><th>STAR PRINT MINI<\/th><th style=\"text-align: center;\">Uni<\/th><th>SP MINI 0305<\/th><\/tr><tr><td>Formato m\u00e1ximo de impress\u00e3o (prof. * larg.)<\/td><td style=\"text-align: center;\">mm<\/td><td style=\"text-align: center;\">350&#215;500<\/td><\/tr><tr><td>\u00c1rea de v\u00e1cuo (prof.*larg.)<\/td><td style=\"text-align: center;\">Cm<\/td><td style=\"text-align: center;\">48&#215;64<\/td><\/tr><tr><td>Dimens\u00e3o do tampo de impress\u00e3o (prof.*larg.)<\/td><td style=\"text-align: center;\">Cm<\/td><td style=\"text-align: center;\">67&#215;82<\/td><\/tr><tr><td>Numero m\u00e1ximo de ciclos por hora<\/td><td style=\"text-align: center;\">\u00a0<\/td><td style=\"text-align: center;\">900<\/td><\/tr><tr><td>Formato m\u00e1ximo do quadro<\/td><td style=\"text-align: center;\">Cm<\/td><td style=\"text-align: center;\">80&#215;80<\/td><\/tr><tr><td>Altura da plataforma de trabalho<\/td><td style=\"text-align: center;\">cm<\/td><td style=\"text-align: center;\">86<\/td><\/tr><tr><td>Dimens\u00f5es ext. (larg., prof., alt.)<\/td><td style=\"text-align: center;\">Cm<\/td><td style=\"text-align: center;\">121x132x120<\/td><\/tr><tr><td>Potencia instalada<\/td><td style=\"text-align: center;\">Kw<\/td><td style=\"text-align: center;\">1,5<\/td><\/tr><tr><td>Press\u00e3o m\u00e1xima de ar comprimido<\/td><td style=\"text-align: center;\">BAR<\/td><td style=\"text-align: center;\">4 to 5<\/td><\/tr><tr><td>Peso liquido<\/td><td style=\"text-align: center;\">Kg<\/td><td style=\"text-align: center;\">420<\/td><\/tr><tr><td>Voltagem<\/td><td style=\"text-align: center;\">V<\/td><td style=\"text-align: center;\">230 ou 400<\/td><\/tr><tr><td>Dimens\u00f5es de envio (larg*prof*alt.)<\/td><td style=\"text-align: center;\">Cm<\/td><td style=\"text-align: center;\">\u00a0<\/td><td style=\"text-align: center;\">\u00a0<\/td><td style=\"text-align: center;\">\u00a0<\/td><\/tr><\/tbody><\/table>\t\t\t\t\t\t\t\t<\/div>\n\t\t\t\t<\/div>\n\t\t\t\t\t<\/div>\n\t\t<\/div>\n\t\t\t\t\t<\/div>\n\t\t<\/section>\n\t\t\t\t<\/div>\n\t\t","protected":false},"excerpt":{"rendered":"<p>A STAR PRINT MINI \u00e9 uma m\u00e1quina semi autom\u00e1tica de impress\u00e3o em superf\u00edcies planas. A STAR PRINT MINI pode ser equipada com retirador de folhas STAR TAK e que a converte numa m\u00e1quina 3\/4 autom\u00e1tica.<\/p>\n","protected":false},"featured_media":9810,"template":"","meta":[],"product_cat":[64,54],"product_tag":[],"class_list":["post-8502","product","type-product","status-publish","has-post-thumbnail","hentry","product_cat-impressao-semi-automatica","product_cat-serigrafia"],"_links":{"self":[{"href":"https:\/\/acosgraf.com\/fr\/wp-json\/wp\/v2\/product\/8502","targetHints":{"allow":["GET"]}}],"collection":[{"href":"https:\/\/acosgraf.com\/fr\/wp-json\/wp\/v2\/product"}],"about":[{"href":"https:\/\/acosgraf.com\/fr\/wp-json\/wp\/v2\/types\/product"}],"version-history":[{"count":5,"href":"https:\/\/acosgraf.com\/fr\/wp-json\/wp\/v2\/product\/8502\/revisions"}],"predecessor-version":[{"id":8544,"href":"https:\/\/acosgraf.com\/fr\/wp-json\/wp\/v2\/product\/8502\/revisions\/8544"}],"wp:featuredmedia":[{"embeddable":true,"href":"https:\/\/acosgraf.com\/fr\/wp-json\/wp\/v2\/media\/9810"}],"wp:attachment":[{"href":"https:\/\/acosgraf.com\/fr\/wp-json\/wp\/v2\/media?parent=8502"}],"wp:term":[{"taxonomy":"product_cat","embeddable":true,"href":"https:\/\/acosgraf.com\/fr\/wp-json\/wp\/v2\/product_cat?post=8502"},{"taxonomy":"product_tag","embeddable":true,"href":"https:\/\/acosgraf.com\/fr\/wp-json\/wp\/v2\/product_tag?post=8502"}],"curies":[{"name":"wp","href":"https:\/\/api.w.org\/{rel}","templated":true}]}}