
{"id":8679,"date":"2020-09-26T13:16:19","date_gmt":"2020-09-26T13:16:19","guid":{"rendered":"https:\/\/acosgraf.com\/?post_type=product&#038;p=8679"},"modified":"2020-09-26T13:26:24","modified_gmt":"2020-09-26T13:26:24","slug":"uv-dryer-2x-lamp-cross-over","status":"publish","type":"product","link":"https:\/\/acosgraf.com\/fr\/produto\/uv-dryer-2x-lamp-cross-over\/","title":{"rendered":"UV DRYER 2x Lamp + Cross Over"},"content":{"rendered":"\t\t<div data-elementor-type=\"product-post\" data-elementor-id=\"8679\" class=\"elementor elementor-8679\" data-elementor-post-type=\"product\">\n\t\t\t\t\t\t<section class=\"elementor-section elementor-top-section elementor-element elementor-element-5e90243c elementor-section-boxed elementor-section-height-default elementor-section-height-default\" data-id=\"5e90243c\" data-element_type=\"section\" data-e-type=\"section\">\n\t\t\t\t\t\t<div class=\"elementor-container elementor-column-gap-default\">\n\t\t\t\t\t<div class=\"elementor-column elementor-col-100 elementor-top-column elementor-element elementor-element-14c348f\" data-id=\"14c348f\" data-element_type=\"column\" data-e-type=\"column\">\n\t\t\t<div class=\"elementor-widget-wrap elementor-element-populated\">\n\t\t\t\t\t\t<div class=\"elementor-element elementor-element-377e6522 elementor-widget elementor-widget-text-editor\" data-id=\"377e6522\" data-element_type=\"widget\" data-e-type=\"widget\" data-widget_type=\"text-editor.default\">\n\t\t\t\t<div class=\"elementor-widget-container\">\n\t\t\t\t\t\t\t\t\t<ul><li>Equipado com 2x l\u00e2mpadas UV de alto rendimento;<\/li><li>Sistema de arrefecimento da folha com ar ambiente soprado depois da passagem pelo UV;<\/li><li>Transformador eletr\u00f3nico para ajuste de potencia de l\u00e2mpada entre 20% at\u00e9 100%;<\/li><li>Casulo da l\u00e2mpada UV fechado inferiormente atrav\u00e9s de cristais de quartzo para uma n\u00e3o transi\u00e7\u00e3o de calor ao material;<\/li><li>Sistema de l\u00e2mpada UV tipo &#8220;cassete&#8221; para f\u00e1cil assist\u00eancia, remo\u00e7\u00e3o de l\u00e2mpada e limpeza;<\/li><li>Tapete em malha de Teflon anti est\u00e1tico;<\/li><li>Variador eletr\u00f3nico da velocidade do tapete;<\/li><li>Ventilador de elevado rendimento para arrefecimento da l\u00e2mpada UV;<\/li><li>Touch screen de 7 polegadas para controlo de l\u00e2mpada e com menus de servi\u00e7o que inclui diversas informa\u00e7\u00f5es para inspe\u00e7\u00e3o de funcionamento correto do UV;<\/li><li>Indicador digital da velocidade real do tapete para f\u00e1cil ajuste do operador;<\/li><li>Tabuleiro de v\u00e1cuo em toda a \u00e1rea do t\u00fanel UV;<\/li><li>&#8220;CROSS OVER&#8221; na entrada do t\u00fanel equipada com v\u00e1cuo e subida\/descida atrav\u00e9s de cilindros pneum\u00e1ticos;<\/li><\/ul><table class=\"tbl-products\"><tbody><tr><th>UV DRYER 2x Lamp + Cross Over<\/th><th style=\"text-align: center;\">Uni<\/th><th>UVDR 2&#215;90 + Cross<\/th><th>UVDR 2&#215;110 + Cross<\/th><\/tr><tr><td>Numero de l\u00e2mpadas UV instaladas<\/td><td style=\"text-align: center;\">Cm<\/td><td style=\"text-align: center;\">2<\/td><td style=\"text-align: center;\">2<\/td><\/tr><tr><td>Comprimento da l\u00e2mpada UV<\/td><td style=\"text-align: center;\">Cm<\/td><td style=\"text-align: center;\">90<\/td><td style=\"text-align: center;\">110<\/td><\/tr><tr><td>Dimens\u00e3o m\u00e1xima de cura UV<\/td><td style=\"text-align: center;\">Cm<\/td><td style=\"text-align: center;\">80<\/td><td style=\"text-align: center;\">100<\/td><\/tr><tr><td>Largura do tapete<\/td><td style=\"text-align: center;\">Cm<\/td><td style=\"text-align: center;\">90<\/td><td style=\"text-align: center;\">110<\/td><\/tr><tr><td>Pot\u00eancia instalada UV<\/td><td style=\"text-align: center;\">kW<\/td><td style=\"text-align: center;\">2* 10,8<\/td><td style=\"text-align: center;\">2* 13,2<\/td><\/tr><tr><td>Comprimento CROSS OVER<\/td><td style=\"text-align: center;\">Cm<\/td><td style=\"text-align: center;\">72<\/td><td style=\"text-align: center;\">72<\/td><\/tr><tr><td>Pot\u00eancia total instalada<\/td><td style=\"text-align: center;\">Kw<\/td><td style=\"text-align: center;\">23<\/td><td style=\"text-align: center;\">30<\/td><\/tr><tr><td>Voltagem<\/td><td style=\"text-align: center;\">V<\/td><td style=\"text-align: center;\">3x 400<\/td><td style=\"text-align: center;\">3x 400<\/td><\/tr><\/tbody><\/table>\t\t\t\t\t\t\t\t<\/div>\n\t\t\t\t<\/div>\n\t\t\t\t\t<\/div>\n\t\t<\/div>\n\t\t\t\t\t<\/div>\n\t\t<\/section>\n\t\t\t\t<\/div>\n\t\t","protected":false},"excerpt":{"rendered":"<p>A m\u00e1quina UVDRYER 2x LAMP + CROSS OVER\u00a0 \u00e9 um t\u00fanel de secagem para a secagem de tintas UV. O UVDRYER 2x LAMP + CROSS OVER\u00a0 est\u00e1 equipado com duas l\u00e2mpada UV de alto rendimento capaz de secar o mais dif\u00edcil trabalho impresso com tinta UV. O UVDRYER 2x LAMP + CROSS OVER\u00a0 v\u00eam equipado de s\u00e9rie com CROSS OVER na entrada.<\/p>\n<div class=\"btn_product\"><a class=\"btn_short_pdf elementor-align-justify elementor-button\" role=\"button\" href=\"https:\/\/acosgraf.com\/wp-content\/uploads\/2019\/10\/UV-DRYER.pdf\"><i class=\"far fa-file-pdf\" aria-hidden=\"true\"><\/i> <span class=\"txt_btn_pdf\">DOWNLOAD PDF<\/span><\/a><\/div>\n","protected":false},"featured_media":8681,"template":"","meta":[],"product_cat":[67,54],"product_tag":[],"class_list":["post-8679","product","type-product","status-publish","has-post-thumbnail","hentry","product_cat-secagem-a-luz-ultra-violeta","product_cat-serigrafia"],"_links":{"self":[{"href":"https:\/\/acosgraf.com\/fr\/wp-json\/wp\/v2\/product\/8679","targetHints":{"allow":["GET"]}}],"collection":[{"href":"https:\/\/acosgraf.com\/fr\/wp-json\/wp\/v2\/product"}],"about":[{"href":"https:\/\/acosgraf.com\/fr\/wp-json\/wp\/v2\/types\/product"}],"version-history":[{"count":2,"href":"https:\/\/acosgraf.com\/fr\/wp-json\/wp\/v2\/product\/8679\/revisions"}],"predecessor-version":[{"id":8686,"href":"https:\/\/acosgraf.com\/fr\/wp-json\/wp\/v2\/product\/8679\/revisions\/8686"}],"wp:featuredmedia":[{"embeddable":true,"href":"https:\/\/acosgraf.com\/fr\/wp-json\/wp\/v2\/media\/8681"}],"wp:attachment":[{"href":"https:\/\/acosgraf.com\/fr\/wp-json\/wp\/v2\/media?parent=8679"}],"wp:term":[{"taxonomy":"product_cat","embeddable":true,"href":"https:\/\/acosgraf.com\/fr\/wp-json\/wp\/v2\/product_cat?post=8679"},{"taxonomy":"product_tag","embeddable":true,"href":"https:\/\/acosgraf.com\/fr\/wp-json\/wp\/v2\/product_tag?post=8679"}],"curies":[{"name":"wp","href":"https:\/\/api.w.org\/{rel}","templated":true}]}}