
{"id":9156,"date":"2021-02-14T14:17:13","date_gmt":"2021-02-14T14:17:13","guid":{"rendered":"https:\/\/acosgraf.com\/?post_type=product&#038;p=9156"},"modified":"2021-02-14T14:27:12","modified_gmt":"2021-02-14T14:27:12","slug":"akorn-3m-asp","status":"publish","type":"product","link":"https:\/\/acosgraf.com\/fr\/produto\/akorn-3m-asp\/","title":{"rendered":"AKORN 3M + ASP"},"content":{"rendered":"\t\t<div data-elementor-type=\"product-post\" data-elementor-id=\"9156\" class=\"elementor elementor-9156\" data-elementor-post-type=\"product\">\n\t\t\t\t\t\t<section class=\"elementor-section elementor-top-section elementor-element elementor-element-52bb0bb6 elementor-section-boxed elementor-section-height-default elementor-section-height-default\" data-id=\"52bb0bb6\" data-element_type=\"section\" data-e-type=\"section\">\n\t\t\t\t\t\t<div class=\"elementor-container elementor-column-gap-default\">\n\t\t\t\t\t<div class=\"elementor-column elementor-col-100 elementor-top-column elementor-element elementor-element-7ddc8fd6\" data-id=\"7ddc8fd6\" data-element_type=\"column\" data-e-type=\"column\">\n\t\t\t<div class=\"elementor-widget-wrap elementor-element-populated\">\n\t\t\t\t\t\t<div class=\"elementor-element elementor-element-68a983e2 elementor-widget elementor-widget-text-editor\" data-id=\"68a983e2\" data-element_type=\"widget\" data-e-type=\"widget\" data-widget_type=\"text-editor.default\">\n\t\t\t\t<div class=\"elementor-widget-container\">\n\t\t\t\t\t\t\t\t\t<ul><li>Tapete em malha revestido a Teflon;<\/li><li>Variador electr\u00f3nico da velocidade do tapete;<\/li><li>Ar for\u00e7ado com ventilador de elevado rendimento;<\/li><li>3 Zonas de calor com possibilidade de escolha independente;<\/li><li>Baterias de resist\u00eancias em cromo n\u00edquel;<\/li><li>Controlador digital de temperatura;<\/li><li>Chamin\u00e9 para exaust\u00e3o de fumos;<\/li><li>Isolamento t\u00e9rmico em toda a \u00e1rea do t\u00fanel para elevado rendimento calorifico;<\/li><li>Equipado com rodas para f\u00e1cil desloca\u00e7\u00e3o e movimenta\u00e7\u00e3o;<\/li><li>Equipado com camp\u00e2nula de recupera\u00e7\u00e3o de fumos na entrada e sa\u00edda da estufa.<\/li><li>Equipado com motor de aspira\u00e7\u00e3o de fumos;<\/li><li>Possibilidade ter painel de controlo com modo de economiza\u00e7\u00e3o de energia.<\/li><\/ul><table class=\"tbl-products\"><tbody><tr><th>AKORN 3M + ASP<\/th><th style=\"text-align: center;\">Uni<\/th><th>AK ASP 30007<\/th><th>AK ASP 30008<\/th><th>AK ASP 30010<\/th><th>AK ASP 30012<\/th><th>AK ASP 30015<\/th><th>AK ASP 30016<\/th><\/tr><tr><td>\u00c1rea de calor<\/td><td style=\"text-align: center;\">Cm<\/td><td style=\"text-align: center;\">300&#215;70<\/td><td style=\"text-align: center;\">300&#215;80<\/td><td style=\"text-align: center;\">300&#215;100<\/td><td style=\"text-align: center;\">300&#215;120<\/td><td style=\"text-align: center;\">300&#215;150<\/td><td style=\"text-align: center;\">300&#215;160<\/td><\/tr><tr><td>Temp. pe\u00e7a dentro camara de calor<\/td><td style=\"text-align: center;\">seg.<\/td><td style=\"text-align: center;\">60 &#8211; 360<\/td><td style=\"text-align: center;\">60 &#8211; 360<\/td><td style=\"text-align: center;\">60 &#8211; 360<\/td><td style=\"text-align: center;\">60 &#8211; 360<\/td><td style=\"text-align: center;\">60 &#8211; 360<\/td><td style=\"text-align: center;\">60 &#8211; 360<\/td><\/tr><tr><td>Largura do tapete<\/td><td style=\"text-align: center;\">Cm<\/td><td style=\"text-align: center;\">70<\/td><td style=\"text-align: center;\">80<\/td><td style=\"text-align: center;\">100<\/td><td style=\"text-align: center;\">120<\/td><td style=\"text-align: center;\">150<\/td><td style=\"text-align: center;\">160<\/td><\/tr><tr><td>Altura m\u00e1xima dos objetos a secar<\/td><td style=\"text-align: center;\">Cm<\/td><td style=\"text-align: center;\">13<\/td><td style=\"text-align: center;\">13<\/td><td style=\"text-align: center;\">13<\/td><td style=\"text-align: center;\">13<\/td><td style=\"text-align: center;\">13<\/td><td style=\"text-align: center;\">13<\/td><\/tr><tr><td>P\u00f4tencia<\/td><td style=\"text-align: center;\">kW<\/td><td style=\"text-align: center;\">19<\/td><td style=\"text-align: center;\">21<\/td><td style=\"text-align: center;\">27<\/td><td style=\"text-align: center;\">32<\/td><td style=\"text-align: center;\">40<\/td><td style=\"text-align: center;\">42<\/td><\/tr><tr><td>Temp. m\u00e1xima de funcionamento<\/td><td style=\"text-align: center;\">\u00baC<\/td><td style=\"text-align: center;\">180<\/td><td style=\"text-align: center;\">180<\/td><td style=\"text-align: center;\">180<\/td><td style=\"text-align: center;\">180<\/td><td style=\"text-align: center;\">180<\/td><td style=\"text-align: center;\">180<\/td><\/tr><tr><td>Comprimento exterior<\/td><td style=\"text-align: center;\">Cm<\/td><td style=\"text-align: center;\">450<\/td><td style=\"text-align: center;\">450<\/td><td style=\"text-align: center;\">450<\/td><td style=\"text-align: center;\">450<\/td><td style=\"text-align: center;\">450<\/td><td style=\"text-align: center;\">450<\/td><\/tr><tr><td>Largura exterior<\/td><td style=\"text-align: center;\">Cm<\/td><td style=\"text-align: center;\">115<\/td><td style=\"text-align: center;\">125<\/td><td style=\"text-align: center;\">145<\/td><td style=\"text-align: center;\">165<\/td><td style=\"text-align: center;\">185<\/td><td style=\"text-align: center;\">195<\/td><\/tr><tr><td>Altura exterior<\/td><td style=\"text-align: center;\">Cm<\/td><td style=\"text-align: center;\">170<\/td><td style=\"text-align: center;\">170<\/td><td style=\"text-align: center;\">170<\/td><td style=\"text-align: center;\">170<\/td><td style=\"text-align: center;\">170<\/td><td style=\"text-align: center;\">170<\/td><\/tr><tr><td>Peso<\/td><td style=\"text-align: center;\">Kg<\/td><td style=\"text-align: center;\">450<\/td><td style=\"text-align: center;\">490<\/td><td style=\"text-align: center;\">540<\/td><td style=\"text-align: center;\">600<\/td><td style=\"text-align: center;\">650<\/td><td style=\"text-align: center;\">670<\/td><\/tr><tr><td>Voltagem<\/td><td style=\"text-align: center;\">V<\/td><td style=\"text-align: center;\">3&#215;400<\/td><td style=\"text-align: center;\">3&#215;400<\/td><td style=\"text-align: center;\">3&#215;400<\/td><td style=\"text-align: center;\">3&#215;400<\/td><td style=\"text-align: center;\">3&#215;400<\/td><td style=\"text-align: center;\">3&#215;400<\/td><\/tr><\/tbody><\/table>\t\t\t\t\t\t\t\t<\/div>\n\t\t\t\t<\/div>\n\t\t\t\t\t<\/div>\n\t\t<\/div>\n\t\t\t\t\t<\/div>\n\t\t<\/section>\n\t\t\t\t<\/div>\n\t\t","protected":false},"excerpt":{"rendered":"<p>A m\u00e1quina AKORN 3M + ASP \u00e9 um t\u00fanel de secagem ideal para a termofixa\u00e7\u00e3o de tintas impressas diretamente atrav\u00e9s de m\u00e1quinas DIRECT TO GARMENT (DTG). O AKORN 3M + ASP est\u00e1 equipado com turbina de recircula\u00e7\u00e3o de ar quente de elevado rendimento, que trabalha em circuito fechado para economiza\u00e7\u00e3o de energia, e tamb\u00e9m com chamin\u00e9s na entrada e sa\u00edda + motor de aspira\u00e7\u00e3o de fumos. O AKORN 3M + ASP \u00e9 um t\u00fanel 100% a ar quente.<\/p>\n<div class=\"btn_product\"><a class=\"btn_short_pdf elementor-align-justify elementor-button\" role=\"button\" href=\"https:\/\/acosgraf.com\/wp-content\/uploads\/2019\/10\/AIRDRYER-4M.pdf\"><i class=\"far fa-file-pdf\" aria-hidden=\"true\"><\/i> <span class=\"txt_btn_pdf\">DOWNLOAD PDF<\/span><\/a><\/div>\n","protected":false},"featured_media":9143,"template":"","meta":[],"product_cat":[100,103],"product_tag":[],"class_list":["post-9156","product","type-product","status-publish","has-post-thumbnail","hentry","product_cat-impressao-digital","product_cat-secagem-de-impressao-impressa-directamente-no-textil"],"_links":{"self":[{"href":"https:\/\/acosgraf.com\/fr\/wp-json\/wp\/v2\/product\/9156","targetHints":{"allow":["GET"]}}],"collection":[{"href":"https:\/\/acosgraf.com\/fr\/wp-json\/wp\/v2\/product"}],"about":[{"href":"https:\/\/acosgraf.com\/fr\/wp-json\/wp\/v2\/types\/product"}],"version-history":[{"count":5,"href":"https:\/\/acosgraf.com\/fr\/wp-json\/wp\/v2\/product\/9156\/revisions"}],"predecessor-version":[{"id":9167,"href":"https:\/\/acosgraf.com\/fr\/wp-json\/wp\/v2\/product\/9156\/revisions\/9167"}],"wp:featuredmedia":[{"embeddable":true,"href":"https:\/\/acosgraf.com\/fr\/wp-json\/wp\/v2\/media\/9143"}],"wp:attachment":[{"href":"https:\/\/acosgraf.com\/fr\/wp-json\/wp\/v2\/media?parent=9156"}],"wp:term":[{"taxonomy":"product_cat","embeddable":true,"href":"https:\/\/acosgraf.com\/fr\/wp-json\/wp\/v2\/product_cat?post=9156"},{"taxonomy":"product_tag","embeddable":true,"href":"https:\/\/acosgraf.com\/fr\/wp-json\/wp\/v2\/product_tag?post=9156"}],"curies":[{"name":"wp","href":"https:\/\/api.w.org\/{rel}","templated":true}]}}