
{"id":9168,"date":"2021-02-14T14:53:40","date_gmt":"2021-02-14T14:53:40","guid":{"rendered":"https:\/\/acosgraf.com\/?post_type=product&#038;p=9168"},"modified":"2021-06-02T15:32:27","modified_gmt":"2021-06-02T15:32:27","slug":"infradryer-4m-frio-2m-asp","status":"publish","type":"product","link":"https:\/\/acosgraf.com\/fr\/produto\/infradryer-4m-frio-2m-asp\/","title":{"rendered":"INFRADRYER 4M + FRIO 2M + ASP"},"content":{"rendered":"\t\t<div data-elementor-type=\"product-post\" data-elementor-id=\"9168\" class=\"elementor elementor-9168\" data-elementor-post-type=\"product\">\n\t\t\t\t\t\t<section class=\"elementor-section elementor-top-section elementor-element elementor-element-3ee7f6a6 elementor-section-boxed elementor-section-height-default elementor-section-height-default\" data-id=\"3ee7f6a6\" data-element_type=\"section\" data-e-type=\"section\">\n\t\t\t\t\t\t<div class=\"elementor-container elementor-column-gap-default\">\n\t\t\t\t\t<div class=\"elementor-column elementor-col-100 elementor-top-column elementor-element elementor-element-1ebdae18\" data-id=\"1ebdae18\" data-element_type=\"column\" data-e-type=\"column\">\n\t\t\t<div class=\"elementor-widget-wrap elementor-element-populated\">\n\t\t\t\t\t\t<div class=\"elementor-element elementor-element-5f8901a8 elementor-widget elementor-widget-text-editor\" data-id=\"5f8901a8\" data-element_type=\"widget\" data-e-type=\"widget\" data-widget_type=\"text-editor.default\">\n\t\t\t\t<div class=\"elementor-widget-container\">\n\t\t\t\t\t\t\t\t\t<ul><li>Equipado com resist\u00eancias sobre o tapete para obter um resultado \u00f3timo de cura e liga\u00e7\u00e3o entre tinta serigr\u00e1fica e impress\u00e3o digital<\/li><li>Tapete em malha revestido a Teflon;<\/li><li>Variador eletr\u00f3nico da velocidade do tapete;<\/li><li>Ar for\u00e7ado com ventilador de elevado rendimento;<\/li><li>3 Zonas de calor com possibilidade de escolha independente;<\/li><li>Baterias de resist\u00eancias em cromo n\u00edquel;<\/li><li>Controlador digital de temperatura;<\/li><li>Chamin\u00e9 para exaust\u00e3o de fumos;<\/li><li>Corpo de ar frio passivo equipado com motor de vacuo e inje\u00e7\u00e3o de ar independente;<\/li><li>Isolamento t\u00e9rmico em toda a \u00e1rea do t\u00fanel para elevado rendimento calorifico;<\/li><li>Abertura do tunel a 45 graus para f\u00e1cil acesso de limpeza e servi\u00e7o tecnico;<\/li><li>Equipado com camp\u00e2nula de recupera\u00e7\u00e3o de fumos na entrada e sa\u00edda da estufa.<\/li><li>Possibilidade ter painel de controlo com modo de economiza\u00e7\u00e3o de energia.<\/li><\/ul><table class=\"tbl-products\"><tbody><tr><th>INFRADRYER 4M + 2M + ASP + ABRIR<\/th><th style=\"text-align: center;\">Uni<\/th><th>INF\u00a0 400+200 *60<\/th><\/tr><tr><td>\u00c1rea de calor<\/td><td style=\"text-align: center;\">Cm<\/td><td style=\"text-align: center;\">400&#215;60<\/td><\/tr><tr><td>\u00c1rea de frio passivo<\/td><td style=\"text-align: center;\">Cm<\/td><td style=\"text-align: center;\">200&#215;60<\/td><\/tr><tr><td>Largura do tapete<\/td><td style=\"text-align: center;\">Cm<\/td><td style=\"text-align: center;\">60<\/td><\/tr><tr><td>Altura m\u00e1xima dos objetos a secar<\/td><td style=\"text-align: center;\">Cm<\/td><td style=\"text-align: center;\">13<\/td><\/tr><tr><td>Pot\u00eancia instalada<\/td><td style=\"text-align: center;\">kW<\/td><td style=\"text-align: center;\">25<\/td><\/tr><tr><td>Temp. m\u00e1xima de funcionamento<\/td><td style=\"text-align: center;\">C<\/td><td style=\"text-align: center;\">180<\/td><\/tr><tr><td>Comprimento exterior<\/td><td style=\"text-align: center;\">Cm<\/td><td style=\"text-align: center;\">827<\/td><\/tr><tr><td>Largura exterior<\/td><td style=\"text-align: center;\">Cm<\/td><td style=\"text-align: center;\">150<\/td><\/tr><tr><td>Altura exterior<\/td><td style=\"text-align: center;\">Cm<\/td><td style=\"text-align: center;\">180<\/td><\/tr><tr><td>Peso<\/td><td style=\"text-align: center;\">Kg<\/td><td style=\"text-align: center;\">2000<\/td><\/tr><tr><td>Voltagem<\/td><td style=\"text-align: center;\">V<\/td><td style=\"text-align: center;\">400<\/td><\/tr><\/tbody><\/table>\t\t\t\t\t\t\t\t<\/div>\n\t\t\t\t<\/div>\n\t\t\t\t\t<\/div>\n\t\t<\/div>\n\t\t\t\t\t<\/div>\n\t\t<\/section>\n\t\t\t\t<\/div>\n\t\t","protected":false},"excerpt":{"rendered":"<p>O INFRADRYER 4M + COLD 2M + ASP \u00e9 um t\u00fanel de secagem desenhado para secar tintas \u00e0 base de \u00e1gua impressas sobre uma impress\u00e3o digital. O INFRADRYER 4M + COLD 2M + ASP est\u00e1 equipada com turbina de ar quente que funciona em circuito fechado, para que voc\u00ea tenha economia de energia m\u00e1xima com \u00f3timos resultados de secagem em tintas base de \u00e1gua impressas sobre uma impress\u00e3o digital. O INFRADRYER 4M + COLD 2M + ASP tamb\u00e9m esta equipado com um m\u00f3dulo de resfriamento \u00e0 sa\u00edda do t\u00fanel para diminuir a temperatura da folha, para que voc\u00ea possa empilhar as folhas perfeitamente.<\/p>\n","protected":false},"featured_media":9838,"template":"","meta":[],"product_cat":[89,90],"product_tag":[],"class_list":["post-9168","product","type-product","status-publish","has-post-thumbnail","hentry","product_cat-dst-system","product_cat-dst-dryers"],"_links":{"self":[{"href":"https:\/\/acosgraf.com\/fr\/wp-json\/wp\/v2\/product\/9168","targetHints":{"allow":["GET"]}}],"collection":[{"href":"https:\/\/acosgraf.com\/fr\/wp-json\/wp\/v2\/product"}],"about":[{"href":"https:\/\/acosgraf.com\/fr\/wp-json\/wp\/v2\/types\/product"}],"version-history":[{"count":5,"href":"https:\/\/acosgraf.com\/fr\/wp-json\/wp\/v2\/product\/9168\/revisions"}],"predecessor-version":[{"id":9837,"href":"https:\/\/acosgraf.com\/fr\/wp-json\/wp\/v2\/product\/9168\/revisions\/9837"}],"wp:featuredmedia":[{"embeddable":true,"href":"https:\/\/acosgraf.com\/fr\/wp-json\/wp\/v2\/media\/9838"}],"wp:attachment":[{"href":"https:\/\/acosgraf.com\/fr\/wp-json\/wp\/v2\/media?parent=9168"}],"wp:term":[{"taxonomy":"product_cat","embeddable":true,"href":"https:\/\/acosgraf.com\/fr\/wp-json\/wp\/v2\/product_cat?post=9168"},{"taxonomy":"product_tag","embeddable":true,"href":"https:\/\/acosgraf.com\/fr\/wp-json\/wp\/v2\/product_tag?post=9168"}],"curies":[{"name":"wp","href":"https:\/\/api.w.org\/{rel}","templated":true}]}}