
{"id":9174,"date":"2020-05-10T17:22:38","date_gmt":"2020-05-10T17:22:38","guid":{"rendered":"https:\/\/acosgraf.com\/produto\/vortex-cross-over\/"},"modified":"2021-02-14T15:23:13","modified_gmt":"2021-02-14T15:23:13","slug":"vortex-cross-over","status":"publish","type":"product","link":"https:\/\/acosgraf.com\/fr\/produto\/vortex-cross-over\/","title":{"rendered":"VORTEX + CROSS OVER"},"content":{"rendered":"\t\t<div data-elementor-type=\"product-post\" data-elementor-id=\"9174\" class=\"elementor elementor-9174\" data-elementor-post-type=\"product\">\n\t\t\t\t\t\t<section class=\"elementor-section elementor-top-section elementor-element elementor-element-272420c6 elementor-section-boxed elementor-section-height-default elementor-section-height-default\" data-id=\"272420c6\" data-element_type=\"section\" data-e-type=\"section\">\n\t\t\t\t\t\t<div class=\"elementor-container elementor-column-gap-default\">\n\t\t\t\t\t<div class=\"elementor-column elementor-col-100 elementor-top-column elementor-element elementor-element-68eddeec\" data-id=\"68eddeec\" data-element_type=\"column\" data-e-type=\"column\">\n\t\t\t<div class=\"elementor-widget-wrap elementor-element-populated\">\n\t\t\t\t\t\t<div class=\"elementor-element elementor-element-3ba4861f elementor-widget elementor-widget-text-editor\" data-id=\"3ba4861f\" data-element_type=\"widget\" data-e-type=\"widget\" data-widget_type=\"text-editor.default\">\n\t\t\t\t<div class=\"elementor-widget-container\">\n\t\t\t\t\t\t\t\t\t<p><div style=\"width: 640px;\" class=\"wp-video\"><!--[if lt IE 9]><script>document.createElement('video');<\/script><![endif]-->\n<video class=\"wp-video-shortcode\" id=\"video-9174-1\" width=\"640\" height=\"362\" preload=\"metadata\" controls=\"controls\"><source type=\"video\/mp4\" src=\"https:\/\/acosgraf.com\/wp-content\/uploads\/2019\/10\/VORTEX-800-in-Ireland_high.mp4?_=1\" \/><a href=\"https:\/\/acosgraf.com\/wp-content\/uploads\/2019\/10\/VORTEX-800-in-Ireland_high.mp4\">https:\/\/acosgraf.com\/wp-content\/uploads\/2019\/10\/VORTEX-800-in-Ireland_high.mp4<\/a><\/video><\/div><\/p><ul><li>Nettoyage de la impression sans laissais de marque sur le papier<\/li><li>Re circulation de poudre en circuit fermais ;<\/li><li>Double soufflerie dans la sortie du papier ;<\/li><li>Variateur de vitesse du tapis;<\/li><li>Touche inf\u00e9rieur du papier pour faire la lib\u00e9ration de la poudre ;<\/li><li>Mouvement de la poudre dans un syst\u00e8me vortex<\/li><li>Commande par \u00e9cran tactile 7\u2033<\/li><li>Barre anti statique comme option \u00e0 la entrais et sortie du papier<\/li><li>\u00a0<\/li><\/ul><table class=\"tbl-products\"><tbody><tr><th>VORTEX + CROSS OVER<\/th><th style=\"text-align: center;\">Uni<\/th><th>V CO 500<\/th><th>V CO 800<\/th><th>V CO 1100<\/th><\/tr><tr><td>Larguer tapis<\/td><td style=\"text-align: center;\">Cm<\/td><td style=\"text-align: center;\">50<\/td><td style=\"text-align: center;\">80<\/td><td style=\"text-align: center;\">110<\/td><\/tr><tr><td>Longueur ext\u00e9rieur<\/td><td style=\"text-align: center;\">Cm<\/td><td style=\"text-align: center;\">247<\/td><td style=\"text-align: center;\">247<\/td><td style=\"text-align: center;\">247<\/td><\/tr><tr><td>Larguer du tapis<\/td><td style=\"text-align: center;\">Cm<\/td><td style=\"text-align: center;\">197<\/td><td style=\"text-align: center;\">227<\/td><td style=\"text-align: center;\">257<\/td><\/tr><tr><td>Hauteur ext\u00e9rieur<\/td><td style=\"text-align: center;\">Cm<\/td><td style=\"text-align: center;\">155<\/td><td style=\"text-align: center;\">155<\/td><td style=\"text-align: center;\">155<\/td><\/tr><tr><td>Puissance install\u00e9<\/td><td style=\"text-align: center;\">Kw<\/td><td style=\"text-align: center;\">3,6<\/td><td style=\"text-align: center;\">3,6<\/td><td style=\"text-align: center;\">4,5<\/td><\/tr><tr><td>Tension<\/td><td style=\"text-align: center;\">V<\/td><td style=\"text-align: center;\">\u00a03&#215;400<\/td><td style=\"text-align: center;\">3&#215;400<\/td><td style=\"text-align: center;\">3&#215;400<\/td><\/tr><tr><td>Poids<\/td><td style=\"text-align: center;\">Kg<\/td><td style=\"text-align: center;\">650<\/td><td style=\"text-align: center;\">710<\/td><td style=\"text-align: center;\">850<\/td><\/tr><tr><td>Dimension de envoie (larg.*prof.*haut.)<\/td><td style=\"text-align: center;\">Cm<\/td><td style=\"text-align: center;\">\u00a0<\/td><td style=\"text-align: center;\">230*200*180<\/td><td style=\"text-align: center;\">260*200*180<\/td><\/tr><\/tbody><\/table>\t\t\t\t\t\t\t\t<\/div>\n\t\t\t\t<\/div>\n\t\t\t\t\t<\/div>\n\t\t<\/div>\n\t\t\t\t\t<\/div>\n\t\t<\/section>\n\t\t\t\t<\/div>\n\t\t","protected":false},"excerpt":{"rendered":"<p>Le VORTEX + CROSS OVER est un applicateur automatique de poudre de transfert utilis\u00e9e dans l\u2019 industrie de l\u2019impression de transfer par le m\u00e9thode de s\u00e9rigraphie . Le VORTEX + CROSS OVER applique la poudre automatique dans la feuille d\u2019impression , nettoie l\u2019exc\u00e8s de poudre et re utilis\u00e9 la poudre de transfert. Le VORTEX + CROSS OVER est \u00e9quip\u00e9 avec un filtre dans la sortie de air pour ne avoir pas contamination de enivrement avec poudre de transfert.<\/p>\n","protected":false},"featured_media":8300,"template":"","meta":[],"product_cat":[247,246],"product_tag":[],"class_list":["post-9174","product","type-product","status-publish","has-post-thumbnail","hentry","product_cat-application-de-poudre-automatiquement-sur-papier-transfer","product_cat-transfer-fr"],"_links":{"self":[{"href":"https:\/\/acosgraf.com\/fr\/wp-json\/wp\/v2\/product\/9174","targetHints":{"allow":["GET"]}}],"collection":[{"href":"https:\/\/acosgraf.com\/fr\/wp-json\/wp\/v2\/product"}],"about":[{"href":"https:\/\/acosgraf.com\/fr\/wp-json\/wp\/v2\/types\/product"}],"version-history":[{"count":5,"href":"https:\/\/acosgraf.com\/fr\/wp-json\/wp\/v2\/product\/9174\/revisions"}],"predecessor-version":[{"id":9181,"href":"https:\/\/acosgraf.com\/fr\/wp-json\/wp\/v2\/product\/9174\/revisions\/9181"}],"wp:featuredmedia":[{"embeddable":true,"href":"https:\/\/acosgraf.com\/fr\/wp-json\/wp\/v2\/media\/8300"}],"wp:attachment":[{"href":"https:\/\/acosgraf.com\/fr\/wp-json\/wp\/v2\/media?parent=9174"}],"wp:term":[{"taxonomy":"product_cat","embeddable":true,"href":"https:\/\/acosgraf.com\/fr\/wp-json\/wp\/v2\/product_cat?post=9174"},{"taxonomy":"product_tag","embeddable":true,"href":"https:\/\/acosgraf.com\/fr\/wp-json\/wp\/v2\/product_tag?post=9174"}],"curies":[{"name":"wp","href":"https:\/\/api.w.org\/{rel}","templated":true}]}}