
{"id":9340,"date":"2021-02-28T14:09:49","date_gmt":"2021-02-28T14:09:49","guid":{"rendered":"https:\/\/acosgraf.com\/?post_type=product&#038;p=9340"},"modified":"2021-02-28T14:34:56","modified_gmt":"2021-02-28T14:34:56","slug":"airdryer-4m-asp-abrir","status":"publish","type":"product","link":"https:\/\/acosgraf.com\/fr\/produto\/airdryer-4m-asp-abrir\/","title":{"rendered":"AIRDRYER 4M + ASP + ABRIR"},"content":{"rendered":"\t\t<div data-elementor-type=\"product-post\" data-elementor-id=\"9340\" class=\"elementor elementor-9340 elementor-9335\" data-elementor-post-type=\"product\">\n\t\t\t\t\t\t<section class=\"elementor-section elementor-top-section elementor-element elementor-element-5f9821f7 elementor-section-boxed elementor-section-height-default elementor-section-height-default\" data-id=\"5f9821f7\" data-element_type=\"section\" data-e-type=\"section\">\n\t\t\t\t\t\t<div class=\"elementor-container elementor-column-gap-default\">\n\t\t\t\t\t<div class=\"elementor-column elementor-col-100 elementor-top-column elementor-element elementor-element-3f631206\" data-id=\"3f631206\" data-element_type=\"column\" data-e-type=\"column\">\n\t\t\t<div class=\"elementor-widget-wrap elementor-element-populated\">\n\t\t\t\t\t\t<div class=\"elementor-element elementor-element-5f575a79 elementor-widget elementor-widget-text-editor\" data-id=\"5f575a79\" data-element_type=\"widget\" data-e-type=\"widget\" data-widget_type=\"text-editor.default\">\n\t\t\t\t<div class=\"elementor-widget-container\">\n\t\t\t\t\t\t\t\t\t<ul><li>Tapete em malha revestido a Teflon;<\/li><li>Variador eletr\u00f3nico da velocidade do tapete;<\/li><li>Abertura parte de calor a 45 graus para f\u00e1cil acesso ao interior para limpeza; servi\u00e7o t\u00e9cnico ou retirada de um produto dentro da camara de calor;<\/li><li>Ar for\u00e7ado com ventilador de elevado rendimento;<\/li><li>3 Zonas de calor com possibilidade de escolha independente;<\/li><li>Baterias de resist\u00eancias em cromo n\u00edquel;<\/li><li>Controlador digital de temperatura;<\/li><li>Chamin\u00e9 para exaust\u00e3o de fumos;<\/li><li>Isolamento t\u00e9rmico em toda a \u00e1rea do t\u00fanel para elevado rendimento calorifico;<\/li><li>Equipado com rodas para f\u00e1cil desloca\u00e7\u00e3o e movimenta\u00e7\u00e3o;<\/li><li>Equipado com camp\u00e2nula de recupera\u00e7\u00e3o de fumos na entrada e sa\u00edda da estufa.<\/li><li>Equipado com motor de suc\u00e7\u00e3o de fumos da entrada e sa\u00edda.<\/li><li>Possibilidade ter painel de controlo com modo de economiza\u00e7\u00e3o de energia.<\/li><\/ul><table class=\"tbl-products\"><tbody><tr><th>AIRDRYER 4M + ASP + ABRIR<\/th><th style=\"text-align: center;\">Uni<\/th><th>AI ASP ABRIR 40007<\/th><th>AI ASP ABRIR 40008<\/th><th>AI ASP ABRIR 40010<\/th><th>AI ASP ABRIR 40012<\/th><th>AI ASP ABRIR 40015<\/th><th>AI ASP ABRIR 40016<\/th><\/tr><tr><td>\u00c1rea de calor<\/td><td style=\"text-align: center;\">Cm<\/td><td style=\"text-align: center;\">400&#215;70<\/td><td style=\"text-align: center;\">400&#215;80<\/td><td style=\"text-align: center;\">400&#215;100<\/td><td style=\"text-align: center;\">400&#215;120<\/td><td style=\"text-align: center;\">400&#215;150<\/td><td style=\"text-align: center;\">400&#215;160<\/td><\/tr><tr><td>Velocidade do tapete<\/td><td style=\"text-align: center;\">m\/min<\/td><td style=\"text-align: center;\">60 &#8211; 180<\/td><td style=\"text-align: center;\">60 &#8211; 180<\/td><td style=\"text-align: center;\">60 &#8211; 180<\/td><td style=\"text-align: center;\">60 &#8211; 180<\/td><td style=\"text-align: center;\">60 &#8211; 180<\/td><td style=\"text-align: center;\">60 &#8211; 180<\/td><\/tr><tr><td>Largura do tapete<\/td><td style=\"text-align: center;\">Cm<\/td><td style=\"text-align: center;\">70<\/td><td style=\"text-align: center;\">80<\/td><td style=\"text-align: center;\">100<\/td><td style=\"text-align: center;\">120<\/td><td style=\"text-align: center;\">150<\/td><td style=\"text-align: center;\">160<\/td><\/tr><tr><td>Altura m\u00e1xima dos objetos a secar<\/td><td style=\"text-align: center;\">Cm<\/td><td style=\"text-align: center;\">13<\/td><td style=\"text-align: center;\">13<\/td><td style=\"text-align: center;\">13<\/td><td style=\"text-align: center;\">13<\/td><td style=\"text-align: center;\">13<\/td><td style=\"text-align: center;\">13<\/td><\/tr><tr><td>Pot\u00eancia instalada<\/td><td style=\"text-align: center;\">kW<\/td><td style=\"text-align: center;\">22,4<\/td><td style=\"text-align: center;\">25,6<\/td><td style=\"text-align: center;\">32<\/td><td style=\"text-align: center;\">38,4<\/td><td style=\"text-align: center;\">48<\/td><td style=\"text-align: center;\">51,2<\/td><\/tr><tr><td>Temp. m\u00e1xima de funcionamento<\/td><td style=\"text-align: center;\">\u00baC<\/td><td style=\"text-align: center;\">180<\/td><td style=\"text-align: center;\">180<\/td><td style=\"text-align: center;\">180<\/td><td style=\"text-align: center;\">180<\/td><td style=\"text-align: center;\">180<\/td><td style=\"text-align: center;\">180<\/td><\/tr><tr><td>Comprimento exterior<\/td><td style=\"text-align: center;\">Cm<\/td><td style=\"text-align: center;\">550<\/td><td style=\"text-align: center;\">550<\/td><td style=\"text-align: center;\">550<\/td><td style=\"text-align: center;\">550<\/td><td style=\"text-align: center;\">550<\/td><td style=\"text-align: center;\">550<\/td><\/tr><tr><td>Largura exterior<\/td><td style=\"text-align: center;\">Cm<\/td><td style=\"text-align: center;\">115<\/td><td style=\"text-align: center;\">125<\/td><td style=\"text-align: center;\">145<\/td><td style=\"text-align: center;\">165<\/td><td style=\"text-align: center;\">185<\/td><td style=\"text-align: center;\">195<\/td><\/tr><tr><td>Altura exterior<\/td><td style=\"text-align: center;\">Cm<\/td><td style=\"text-align: center;\">130<\/td><td style=\"text-align: center;\">130<\/td><td style=\"text-align: center;\">130<\/td><td style=\"text-align: center;\">130<\/td><td style=\"text-align: center;\">130<\/td><td style=\"text-align: center;\">130<\/td><\/tr><tr><td>Peso liquido<\/td><td style=\"text-align: center;\">Kg<\/td><td style=\"text-align: center;\">450<\/td><td style=\"text-align: center;\">490<\/td><td style=\"text-align: center;\">540<\/td><td style=\"text-align: center;\">600<\/td><td style=\"text-align: center;\">650<\/td><td style=\"text-align: center;\">670<\/td><\/tr><tr><td>Voltagem<\/td><td style=\"text-align: center;\">V<\/td><td style=\"text-align: center;\">3&#215;400<\/td><td style=\"text-align: center;\">3&#215;400<\/td><td style=\"text-align: center;\">3&#215;400<\/td><td style=\"text-align: center;\">3&#215;400<\/td><td style=\"text-align: center;\">3&#215;400<\/td><td style=\"text-align: center;\">3&#215;400<\/td><\/tr><\/tbody><\/table>\t\t\t\t\t\t\t\t<\/div>\n\t\t\t\t<\/div>\n\t\t\t\t\t<\/div>\n\t\t<\/div>\n\t\t\t\t\t<\/div>\n\t\t<\/section>\n\t\t\t\t<\/div>\n\t\t","protected":false},"excerpt":{"rendered":"<p>A m\u00e1quina AIRDRYER 4M + ASP + ABRIR \u00e9 um t\u00fanel de secagem ideal para a termofixa\u00e7\u00e3o de tintas: plastisol, base de \u00e1gua e outros. O AIRDRYER 4M + ASP + ABRIR est\u00e1 equipado com turbina de re circula\u00e7\u00e3o de ar quente dando a possibilidade de secar tintas base de \u00e1gua e outras. O AIRDRYER 4M + ASP + ABRIR pode abrir a parte de calor a 45 graus para f\u00e1cil acesso ao interior para limpeza; servi\u00e7o t\u00e9cnico ou retirada de um produto dentro da camara de calor. Como op\u00e7\u00e3o o AIRDRYER 4M + ASP + ABRIR v\u00eam equipado de s\u00e9rie com sistema de aspira\u00e7\u00e3o de fumos que inclui chamin\u00e9 na entrada e sa\u00edda + motor de aspira\u00e7\u00e3o para suc\u00e7\u00e3o de fumos.<\/p>\n","protected":false},"featured_media":9338,"template":"","meta":[],"product_brand":[],"product_cat":[73,79],"product_tag":[],"class_list":{"0":"post-9340","1":"product","2":"type-product","3":"status-publish","4":"has-post-thumbnail","6":"product_cat-serigrafia-textil","7":"product_cat-termofixacao-da-impressao","9":"first","10":"instock","11":"purchasable","12":"product-type-simple"},"_links":{"self":[{"href":"https:\/\/acosgraf.com\/fr\/wp-json\/wp\/v2\/product\/9340","targetHints":{"allow":["GET"]}}],"collection":[{"href":"https:\/\/acosgraf.com\/fr\/wp-json\/wp\/v2\/product"}],"about":[{"href":"https:\/\/acosgraf.com\/fr\/wp-json\/wp\/v2\/types\/product"}],"version-history":[{"count":5,"href":"https:\/\/acosgraf.com\/fr\/wp-json\/wp\/v2\/product\/9340\/revisions"}],"predecessor-version":[{"id":9350,"href":"https:\/\/acosgraf.com\/fr\/wp-json\/wp\/v2\/product\/9340\/revisions\/9350"}],"wp:featuredmedia":[{"embeddable":true,"href":"https:\/\/acosgraf.com\/fr\/wp-json\/wp\/v2\/media\/9338"}],"wp:attachment":[{"href":"https:\/\/acosgraf.com\/fr\/wp-json\/wp\/v2\/media?parent=9340"}],"wp:term":[{"taxonomy":"product_brand","embeddable":true,"href":"https:\/\/acosgraf.com\/fr\/wp-json\/wp\/v2\/product_brand?post=9340"},{"taxonomy":"product_cat","embeddable":true,"href":"https:\/\/acosgraf.com\/fr\/wp-json\/wp\/v2\/product_cat?post=9340"},{"taxonomy":"product_tag","embeddable":true,"href":"https:\/\/acosgraf.com\/fr\/wp-json\/wp\/v2\/product_tag?post=9340"}],"curies":[{"name":"wp","href":"https:\/\/api.w.org\/{rel}","templated":true}]}}