
{"id":9589,"date":"2021-04-17T10:43:58","date_gmt":"2021-04-17T10:43:58","guid":{"rendered":"https:\/\/acosgraf.com\/?post_type=product&#038;p=9589"},"modified":"2021-04-17T10:50:00","modified_gmt":"2021-04-17T10:50:00","slug":"bacprint-decantacao-porta-protecao-2","status":"publish","type":"product","link":"https:\/\/acosgraf.com\/fr\/produto\/bacprint-decantacao-porta-protecao-2\/","title":{"rendered":"BACPRINT DECANTA\u00c7\u00c3O + PORTA PROTE\u00c7\u00c3O"},"content":{"rendered":"\t\t<div data-elementor-type=\"product-post\" data-elementor-id=\"9589\" class=\"elementor elementor-9589\" data-elementor-post-type=\"product\">\n\t\t\t\t\t\t<section class=\"elementor-section elementor-top-section elementor-element elementor-element-4dfba915 elementor-section-boxed elementor-section-height-default elementor-section-height-default\" data-id=\"4dfba915\" data-element_type=\"section\" data-e-type=\"section\">\n\t\t\t\t\t\t<div class=\"elementor-container elementor-column-gap-default\">\n\t\t\t\t\t<div class=\"elementor-column elementor-col-100 elementor-top-column elementor-element elementor-element-4bbe1242\" data-id=\"4bbe1242\" data-element_type=\"column\" data-e-type=\"column\">\n\t\t\t<div class=\"elementor-widget-wrap elementor-element-populated\">\n\t\t\t\t\t\t<div class=\"elementor-element elementor-element-4ffd0978 elementor-widget elementor-widget-text-editor\" data-id=\"4ffd0978\" data-element_type=\"widget\" data-e-type=\"widget\" data-widget_type=\"text-editor.default\">\n\t\t\t\t<div class=\"elementor-widget-container\">\n\t\t\t\t\t\t\t\t\t<ul>\n \t<li>Totalmente constru\u00eddo em a\u00e7o inox;<\/li>\n \t<li>Caixa de luz para a ajuda da revela\u00e7\u00e3o dos quadros de serigrafia;<\/li>\n \t<li>3 n\u00edveis de decanta\u00e7\u00e3o para remo\u00e7\u00e3o dos res\u00edduos s\u00f3lidos de \u00e1gua sujas;<\/li>\n \t<li>Porta em PVC transparente para prote\u00e7\u00e3o de salpicos de \u00e1gua;<\/li>\n \t<li>Respiro superior para a coloca\u00e7\u00e3o de motor para extra\u00e7\u00e3o de vapores (op\u00e7\u00e3o);<\/li>\n \t<li>Pistola de revela\u00e7\u00e3o de quadro de serigrafia com regula\u00e7\u00e3o de press\u00e3o;<\/li>\n \t<li>M\u00e1quina de alta press\u00e3o para decapagem de quadros (op\u00e7\u00e3o)<\/li>\n<\/ul>\n<table class=\"tbl-products\">\n<tbody>\n<tr>\n<th>BACPRINT DECANTA\u00c7\u00c3O + PORTA PROTE\u00c7\u00c3O<\/th>\n<th style=\"text-align: center;\">Uni<\/th>\n<th>BAC DEC PORT 0710<\/th>\n<th>BAC DEC PORT 1013<\/th>\n<th>BAC DEC PORT1316<\/th>\n<\/tr>\n<tr>\n<td>Formato m\u00e1ximo do quadro<\/td>\n<td style=\"text-align: center;\">Cm<\/td>\n<td style=\"text-align: center;\">70 x 100<\/td>\n<td style=\"text-align: center;\">100 x 130<\/td>\n<td style=\"text-align: center;\">130 x 160<\/td>\n<\/tr>\n<tr>\n<td>Profundidade exterior<\/td>\n<td style=\"text-align: center;\">Cm<\/td>\n<td style=\"text-align: center;\">92<\/td>\n<td style=\"text-align: center;\">70<\/td>\n<td style=\"text-align: center;\">92<\/td>\n<\/tr>\n<tr>\n<td>Largura exterior<\/td>\n<td style=\"text-align: center;\">Cm<\/td>\n<td style=\"text-align: center;\">112<\/td>\n<td style=\"text-align: center;\">140<\/td>\n<td style=\"text-align: center;\">187<\/td>\n<\/tr>\n<tr>\n<td>Altura exterior<\/td>\n<td style=\"text-align: center;\">Cm<\/td>\n<td style=\"text-align: center;\">177<\/td>\n<td style=\"text-align: center;\">170<\/td>\n<td style=\"text-align: center;\">208<\/td>\n<\/tr>\n<tr>\n<td>Peso liquido<\/td>\n<td style=\"text-align: center;\">Kg<\/td>\n<td style=\"text-align: center;\">70<\/td>\n<td style=\"text-align: center;\">80<\/td>\n<td style=\"text-align: center;\"><\/td>\n<\/tr>\n<tr>\n<td>Voltagem<\/td>\n<td style=\"text-align: center;\">V<\/td>\n<td style=\"text-align: center;\">230 \/ 50<\/td>\n<td style=\"text-align: center;\">230 \/ 50<\/td>\n<td style=\"text-align: center;\">230 \/ 50<\/td>\n<\/tr>\n<tr>\n<td>Dimens\u00f5es de envio (larg*prof*alt.)<\/td>\n<td style=\"text-align: center;\">Cm<\/td>\n<td style=\"text-align: center;\"><\/td>\n<td style=\"text-align: center;\"><\/td>\n<td style=\"text-align: center;\">195*95*230<\/td>\n<\/tr>\n<\/tbody>\n<\/table>\t\t\t\t\t\t\t\t<\/div>\n\t\t\t\t<\/div>\n\t\t\t\t\t<\/div>\n\t\t<\/div>\n\t\t\t\t\t<\/div>\n\t\t<\/section>\n\t\t\t\t<\/div>\n\t\t","protected":false},"excerpt":{"rendered":"<p>O BACPRINT DECANTA\u00c7\u00c3O com porta de prote\u00e7\u00e3o \u00e9 um tanque que tem como finalidade a lavagem e revela\u00e7\u00e3o de quadros serigr\u00e1ficos e est\u00e1 equipado com luz ativa na parte traseira para ajudar uma melhor revela\u00e7\u00e3o do quadro. O BACPRINT DECANTA\u00c7\u00c3O com porta de prote\u00e7\u00e3o \u00e9 inteiramente constru\u00eddo em a\u00e7o inox equipado com porta de prote\u00e7\u00e3o de salpicos de \u00e1gua e um sistema de decanta\u00e7\u00e3o de \u00e1guas sujas com 3 n\u00edveis para remover part\u00edculas solidas. O BACPRINT DECANTA\u00c7\u00c3O com porta de prote\u00e7\u00e3o por ainda ser equipado com rail de inclina\u00e7\u00e3o do quadro, respiro superior para coloca\u00e7\u00e3o de motor de extra\u00e7\u00e3o de vapores , etc\u2026<\/p>\n","protected":false},"featured_media":9558,"template":"","meta":[],"product_cat":[59],"product_tag":[],"class_list":["post-9589","product","type-product","status-publish","has-post-thumbnail","hentry","product_cat-lavagem-e-revelacao-quadro-serigrafia-manual"],"_links":{"self":[{"href":"https:\/\/acosgraf.com\/fr\/wp-json\/wp\/v2\/product\/9589","targetHints":{"allow":["GET"]}}],"collection":[{"href":"https:\/\/acosgraf.com\/fr\/wp-json\/wp\/v2\/product"}],"about":[{"href":"https:\/\/acosgraf.com\/fr\/wp-json\/wp\/v2\/types\/product"}],"version-history":[{"count":5,"href":"https:\/\/acosgraf.com\/fr\/wp-json\/wp\/v2\/product\/9589\/revisions"}],"predecessor-version":[{"id":9601,"href":"https:\/\/acosgraf.com\/fr\/wp-json\/wp\/v2\/product\/9589\/revisions\/9601"}],"wp:featuredmedia":[{"embeddable":true,"href":"https:\/\/acosgraf.com\/fr\/wp-json\/wp\/v2\/media\/9558"}],"wp:attachment":[{"href":"https:\/\/acosgraf.com\/fr\/wp-json\/wp\/v2\/media?parent=9589"}],"wp:term":[{"taxonomy":"product_cat","embeddable":true,"href":"https:\/\/acosgraf.com\/fr\/wp-json\/wp\/v2\/product_cat?post=9589"},{"taxonomy":"product_tag","embeddable":true,"href":"https:\/\/acosgraf.com\/fr\/wp-json\/wp\/v2\/product_tag?post=9589"}],"curies":[{"name":"wp","href":"https:\/\/api.w.org\/{rel}","templated":true}]}}