
{"id":9737,"date":"2021-05-13T09:19:49","date_gmt":"2021-05-13T09:19:49","guid":{"rendered":"https:\/\/acosgraf.com\/?post_type=product&#038;p=9737"},"modified":"2021-05-13T10:07:29","modified_gmt":"2021-05-13T10:07:29","slug":"infradryer-eco-tampo-2m1m","status":"publish","type":"product","link":"https:\/\/acosgraf.com\/fr\/produto\/infradryer-eco-tampo-2m1m\/","title":{"rendered":"INFRADRYER ECO TAMPO 2M+1M"},"content":{"rendered":"\t\t<div data-elementor-type=\"product-post\" data-elementor-id=\"9737\" class=\"elementor elementor-9737\" data-elementor-post-type=\"product\">\n\t\t\t\t\t\t<section class=\"elementor-section elementor-top-section elementor-element elementor-element-42823ae2 elementor-section-boxed elementor-section-height-default elementor-section-height-default\" data-id=\"42823ae2\" data-element_type=\"section\" data-e-type=\"section\">\n\t\t\t\t\t\t<div class=\"elementor-container elementor-column-gap-default\">\n\t\t\t\t\t<div class=\"elementor-column elementor-col-100 elementor-top-column elementor-element elementor-element-7c54f45c\" data-id=\"7c54f45c\" data-element_type=\"column\" data-e-type=\"column\">\n\t\t\t<div class=\"elementor-widget-wrap elementor-element-populated\">\n\t\t\t\t\t\t<div class=\"elementor-element elementor-element-59d863da elementor-widget elementor-widget-text-editor\" data-id=\"59d863da\" data-element_type=\"widget\" data-e-type=\"widget\" data-widget_type=\"text-editor.default\">\n\t\t\t\t<div class=\"elementor-widget-container\">\n\t\t\t\t\t\t\t\t\t<ul><li>Tapis en maille de fibre de verre et T\u00e9flon;<\/li><li>Variateur \u00e9lectronique de la vitesse du tapis;<\/li><li>Circulation d\u2019air en circuit ferm\u00e9;<\/li><li>3 Zonas de calor com possibilidade de escolha independente;<\/li><li>\u00c9l\u00e9ments chauffant en nickel chrome;<\/li><li>Correcteur de temp\u00e9rature<a href=\"https:\/\/fr.wikipedia.org\/wiki\/R%C3%A9gulateur_PID\">\u00a0PID<\/a>;<\/li><li>Chemin\u00e9e d\u2019extraction;<\/li><li>Isolation thermique dabns toute la surface du tunnel;<\/li><li>\u00c9quip\u00e9 avec des roues pour un d\u00e9placement et mouvement facile.<\/li><\/ul><table class=\"tbl-products\"><tbody><tr><th>INFRADRYER ECO TAMPO<\/th><th style=\"text-align: center;\">Uni<\/th><th>IN ECO 2C +1F x 35<\/th><\/tr><tr><td>Dimension du chaleur<\/td><td style=\"text-align: center;\">Cm<\/td><td style=\"text-align: center;\">200*35<\/td><\/tr><tr><td>Dimension du froid<\/td><td style=\"text-align: center;\">Cm<\/td><td style=\"text-align: center;\">100*35<\/td><\/tr><tr><td>Larguer du tapis<\/td><td style=\"text-align: center;\">Cm<\/td><td style=\"text-align: center;\">35<\/td><\/tr><tr><td>Hauteur maximum de objectes \u00e0 s\u00e9chai<\/td><td style=\"text-align: center;\">Cm<\/td><td style=\"text-align: center;\">13<\/td><\/tr><tr><td>Puissance installe<\/td><td style=\"text-align: center;\">kW<\/td><td style=\"text-align: center;\">8<\/td><\/tr><tr><td>Temp\u00e9rature maximum de fonctionnement<\/td><td style=\"text-align: center;\">C<\/td><td style=\"text-align: center;\">180<\/td><\/tr><tr><td>Longueur<\/td><td style=\"text-align: center;\">Cm<\/td><td style=\"text-align: center;\">82<\/td><\/tr><tr><td>Larguer<\/td><td style=\"text-align: center;\">Cm<\/td><td style=\"text-align: center;\">82<\/td><\/tr><tr><td>Hauteur<\/td><td style=\"text-align: center;\">Cm<\/td><td style=\"text-align: center;\">150<\/td><\/tr><tr><td>Poids<\/td><td style=\"text-align: center;\">Kg<\/td><td style=\"text-align: center;\">180<\/td><\/tr><tr><td>Voltage<\/td><td style=\"text-align: center;\">V<\/td><td style=\"text-align: center;\">3&#215;400<\/td><\/tr><\/tbody><\/table>\t\t\t\t\t\t\t\t<\/div>\n\t\t\t\t<\/div>\n\t\t\t\t\t<\/div>\n\t\t<\/div>\n\t\t\t\t\t<\/div>\n\t\t<\/section>\n\t\t\t\t<\/div>\n\t\t","protected":false},"excerpt":{"rendered":"<p>L\u2019INFRADRYER ECO TAMPO 2M+1M est un tunnel de s\u00e9chage \u00e9quip\u00e9 pour s\u00e9cher les encres plastisol; encres \u00e0 base d\u2019eau ou \u00e0 solvant. L\u2019INFRADRYER ECO TAMPO 2M+1M est \u00e9quip\u00e9 d\u2019une turbine \u00e0 air chaud qui fonctionnera en circuit d\u2019air en circuit ferm\u00e9e pour avoir une circuit\u00a0 \u00e9conomie d\u2019\u00e9nergie maximale avec des r\u00e9sultats de s\u00e9chage optimaux dans tous les types d\u2019encres.<\/p>\n<div class=\"btn_product\"><a class=\"btn_short_pdf elementor-align-justify elementor-button\" role=\"button\" href=\"https:\/\/acosgraf.com\/wp-content\/uploads\/2019\/10\/INFRADRYER-ECO-2M.pdf\"><i class=\"far fa-file-pdf\" aria-hidden=\"true\"><\/i> <span class=\"txt_btn_pdf\">DOWNLOAD PDF<\/span><\/a><\/div>\n","protected":false},"featured_media":9720,"template":"","meta":[],"product_cat":[244,225],"product_tag":[],"class_list":["post-9737","product","type-product","status-publish","has-post-thumbnail","hentry","product_cat-drying-the-print","product_cat-tampografia-fr"],"_links":{"self":[{"href":"https:\/\/acosgraf.com\/fr\/wp-json\/wp\/v2\/product\/9737","targetHints":{"allow":["GET"]}}],"collection":[{"href":"https:\/\/acosgraf.com\/fr\/wp-json\/wp\/v2\/product"}],"about":[{"href":"https:\/\/acosgraf.com\/fr\/wp-json\/wp\/v2\/types\/product"}],"version-history":[{"count":5,"href":"https:\/\/acosgraf.com\/fr\/wp-json\/wp\/v2\/product\/9737\/revisions"}],"predecessor-version":[{"id":9756,"href":"https:\/\/acosgraf.com\/fr\/wp-json\/wp\/v2\/product\/9737\/revisions\/9756"}],"wp:featuredmedia":[{"embeddable":true,"href":"https:\/\/acosgraf.com\/fr\/wp-json\/wp\/v2\/media\/9720"}],"wp:attachment":[{"href":"https:\/\/acosgraf.com\/fr\/wp-json\/wp\/v2\/media?parent=9737"}],"wp:term":[{"taxonomy":"product_cat","embeddable":true,"href":"https:\/\/acosgraf.com\/fr\/wp-json\/wp\/v2\/product_cat?post=9737"},{"taxonomy":"product_tag","embeddable":true,"href":"https:\/\/acosgraf.com\/fr\/wp-json\/wp\/v2\/product_tag?post=9737"}],"curies":[{"name":"wp","href":"https:\/\/api.w.org\/{rel}","templated":true}]}}